{"id":75256,"date":"2023-04-11T11:45:48","date_gmt":"2023-04-11T09:45:48","guid":{"rendered":"https:\/\/www.florenceservanschreiber.com\/3kifsacademie\/?post_type=product&#038;p=75256"},"modified":"2024-05-21T14:51:26","modified_gmt":"2024-05-21T12:51:26","slug":"defi-de-kifs-silver","status":"publish","type":"product","link":"https:\/\/www.florenceservanschreiber.com\/3kifsacademie\/produit\/defi-de-kifs-silver\/","title":{"rendered":"D\u00c9FI DE KIFS SILVER"},"content":{"rendered":"<p>\n<span style=\"font-weight: 400;\">Sachant qu&#8217;en <\/span><b>21 jours<\/b><span style=\"font-weight: 400;\">, soit 3 semaines, nous savons cr\u00e9er une habitude qui va ensuite devenir inconsciente, voici le d\u00e9fi qui vous permet de vous lancer.<\/span><\/p>\n<p><span style=\"font-weight: 400;\">A l\u2019occasion de la <\/span><b>sortie de la version augment\u00e9e du livre <a href=\"https:\/\/www.florenceservanschreiber.com\/livre\/3-kifs-par-jour\/\">3 kifs par jour<\/a><\/b><span style=\"font-weight: 400;\">, nous vous proposons <\/span><b>un d\u00e9fi collectif de partage de nos kifs quotidiens<\/b><span style=\"font-weight: 400;\">.<\/span><\/p>\n<p><span style=\"font-weight: 400;\">Echanger le r\u00e9cit de moments de gratitude provoque toutes sortes de bienfaits relationnels, psychologiques et physiologiques :<\/span><\/p>\n<p><span class=\"etoileCyan\" style=\"font-weight: 400;\"> d\u00e9tendre une situation,<\/span><\/p>\n<p><span class=\"etoileCyan\" style=\"font-weight: 400;\"> remplacer les d\u00e9sagr\u00e9ments d\u2019une journ\u00e9e,<\/span><\/p>\n<p><span class=\"etoileCyan\">cr\u00e9er des liens au sein d&#8217;un groupe,<\/span><\/p>\n<p><span class=\"etoileCyan\">intensifier la gratitude que l&#8217;on ressent.<\/span><\/p>\n<p><span style=\"font-weight: 400;\">Ils participent \u00e0 mieux se connaitre,<\/span><span style=\"font-weight: 400;\"> et nous entra\u00eenent, \u00e0 l&#8217;avenir, \u00e0 cultiver et rep\u00e9rer les plaisirs et les moments de gr\u00e2ce de notre vie\u2026<\/span><\/p>\n<div>\n<div>\n<h2><b>LES + DE CE CHALLENGE :<\/b><\/h2>\n<ul>\n<li><span class=\"rouge\"><b>Tous les 2 jours, un d\u00e9fi \u00e0 relever<\/b>\u00a0<span style=\"color: #000000;\">appara\u00eet dans votre espace personnel :<\/span> <strong>instructions, aventures, exercices, questions,<\/strong> <span style=\"color: #000000;\">etc. Vous recevez un rappel dans votre bo\u00eete mail.<\/span><\/span>\n<\/li>\n<li aria-level=\"1\"><span class=\"rouge\"><b>Un kit re\u00e7u chez vous avec :\u00a0<\/b><\/span><\/li>\n<\/ul>\n<p><span style=\"font-weight: 400;\">* un exemplaire de <strong>3 kifs par jour silver<\/strong> (la nouvelle \u00e9dition augment\u00e9e)<br \/>\n<\/span><span style=\"font-weight: 400;\"><strong>* 3 badges \u201cJe dis merci\u201d<\/strong> (1 pour vous et 2 pour offrir)<br \/>\n<\/span><strong>* 9 cartes de gratitude<br \/>\n<\/strong><span style=\"font-weight: 400;\">* en <strong>BONUS<\/strong> : <strong>le guide pour animer un bookclub<\/p>\n<p><\/strong><\/span><\/p>\n<p><img loading=\"lazy\" decoding=\"async\" class=\"alignnone wp-image-243207 \" src=\"https:\/\/www.florenceservanschreiber.com\/3kifsacademie\/assets\/uploads\/2023\/04\/DEFI-SILVER-665-\u00d7-450-px-1.png\" alt=\"\" width=\"429\" height=\"290\" srcset=\"https:\/\/www.florenceservanschreiber.com\/3kifsacademie\/assets\/uploads\/2023\/04\/DEFI-SILVER-665-\u00d7-450-px-1.png 665w, https:\/\/www.florenceservanschreiber.com\/3kifsacademie\/assets\/uploads\/2023\/04\/DEFI-SILVER-665-\u00d7-450-px-1-320x217.png 320w, https:\/\/www.florenceservanschreiber.com\/3kifsacademie\/assets\/uploads\/2023\/04\/DEFI-SILVER-665-\u00d7-450-px-1-600x406.png 600w\" sizes=\"(max-width: 429px) 100vw, 429px\" \/><\/p>\n<\/div>\n<div>\n<p><span class=\"cyan\"><b><i>Mais c\u2019est quoi un kif ?<\/i><\/b><\/span><\/p>\n<p><span style=\"font-weight: 400;\">KIF : instant, situation, interaction, \u00e9v\u00e9nement, perception ou \u00e9motion provoquant une sensation d\u2019agr\u00e9ment, d\u2019aise, d\u2019amour, d\u2019amusement, de bien-\u00eatre, de bienfait, de chance, de cr\u00e9ation, de bonheur, de conscience, de complicit\u00e9, de charme, de contentement, de d\u00e9lectation, de gourmandise, de distraction, de sens, de connexion, d\u2019euphorie, d\u2019expression, de fantaisie, de f\u00e9licit\u00e9, de gr\u00e2ce, de ga\u00eet\u00e9, de joie, de jouissance, de r\u00e9cr\u00e9ation, de satisfaction, de volupt\u00e9 pour lequel on \u00e9prouve de la gratitude.<\/span><\/p>\n<p><\/p>\n<h2><b>QUAND ?<\/b><\/h2>\n<p>Quand vous le souhaitez, et \u00e0 votre rythme, pendant 21 jours (et + si affinit\u00e9s) !\u00a0<\/p>\n<\/div>\n<div><\/p>\n<h2><b>O\u00d9 ?<\/b><\/h2>\n<ul>\n<li style=\"font-weight: 400;\" aria-level=\"1\"><b>Le kit<\/b><span style=\"font-weight: 400;\"> est envoy\u00e9 chez vous d\u00e8s votre inscription.\n<p><\/span><\/li>\n<li style=\"font-weight: 400;\" aria-level=\"1\"><b>Le d\u00e9fi<\/b><span style=\"font-weight: 400;\"> des 3 kifs par jour peut \u00eatre partag\u00e9 sur <\/span><b>le groupe facebook d\u00e9di\u00e9<\/b><span style=\"font-weight: 400;\"> et\/ou sur instagram avec #3kifsparjour.* Pour le bien collectif nous nous r\u00e9servons la possibilit\u00e9 de les relayer.<br \/>\n\u00a0Si vous n&#8217;\u00eates pas sur les r\u00e9seaux, vous pourrez nous les envoyer par email.<\/span><\/li>\n<\/ul>\n<p><span style=\"font-weight: 400;\">*Aucune obligation, vous pouvez aussi les garder pour vous !<\/span><\/p>\n<ul>\n<li style=\"font-weight: 400;\" aria-level=\"1\"><b>Les d\u00e9fis silver<\/b><span style=\"font-weight: 400;\"> sont \u00e0 d\u00e9couvrir tous les 2 jours, dans votre espace personnel et un rappel est envoy\u00e9 dans votre bo\u00eete mail.<\/span><\/li>\n<\/ul>\n<h2><b>COMMENT ?<\/b><\/h2>\n<p><span style=\"font-weight: 400;\">En vous lan\u00e7ant tout simplement !<br \/>\n<\/span><span style=\"font-weight: 400;\">Vos kifs peuvent \u00eatre partag\u00e9s sous la forme que vous souhaitez : texte, photo, vid\u00e9o, dessin\u2026<\/span><\/p>\n<h2><b>COMBIEN ?<\/b><\/h2>\n<p><span style=\"font-weight: 400;\">Pour c\u00e9l\u00e9brer cette \u00e9dition silver de 3 kifs par jour, nous vous proposons tout cela pour seulement : <br \/>\n<\/span><b>47 euros (au lieu de 67 euros).<\/b><\/div>\n<\/div>\n","protected":false},"excerpt":{"rendered":"<p><span style=\"font-weight: 400;\">A l\u2019occasion de la <\/span><b>sortie de la version augment\u00e9e du livre <a href=\"https:\/\/www.florenceservanschreiber.com\/livre\/3-kifs-par-jour\/\">3 kifs par jour<\/a><\/b><span style=\"font-weight: 400;\">, nous vous proposons <\/span><b>un d\u00e9fi collectif de partage de nos kifs quotidiens<\/b><span style=\"font-weight: 400;\">.<\/span><\/p>\n","protected":false},"featured_media":75257,"template":"","meta":{"_acf_changed":false,"_et_pb_use_builder":"off","_et_pb_old_content":"<p><br \/>\r\n<span style=\"font-weight: 400\">Sachant qu'en <\/span><b>21 jours<\/b><span style=\"font-weight: 400\">, soit 3 semaines, nous savons cr\u00e9er une habitude qui va ensuite devenir inconsciente, voici le d\u00e9fi qui vous permet de vous lancer.<\/span><\/p>\r\n<p><span style=\"font-weight: 400\">A l\u2019occasion de la <\/span><b>sortie de la version augment\u00e9e du livre <a href=\"https:\/\/www.florenceservanschreiber.com\/livre\/3-kifs-par-jour\/\">3 kifs par jour<\/a><\/b><span style=\"font-weight: 400\">, nous vous proposons <\/span><b>un d\u00e9fi collectif de partage de nos kifs quotidiens<\/b><span style=\"font-weight: 400\">.<\/span><\/p>\r\n<p><span style=\"font-weight: 400\">Echanger le r\u00e9cit de moments de gratitude provoque toutes sortes de bienfaits relationnels, psychologiques et physiologiques :<\/span><\/p>\r\n<p><span class=\"etoileCyan\" style=\"font-weight: 400\"> d\u00e9tendre une situation,<\/span><\/p>\r\n<p><span class=\"etoileCyan\" style=\"font-weight: 400\"> remplacer les d\u00e9sagr\u00e9ments d\u2019une journ\u00e9e,<\/span><\/p>\r\n<p><span class=\"etoileCyan\">cr\u00e9er des liens au sein d'un groupe,<\/span><\/p>\r\n<p><span class=\"etoileCyan\">intensifier la gratitude que l'on ressent.<\/span><\/p>\r\n<p><span style=\"font-weight: 400\">Ils participent \u00e0 mieux se connaitre,<\/span><span style=\"font-weight: 400\"> et nous entra\u00eenent, \u00e0 l'avenir, \u00e0 cultiver et rep\u00e9rer les plaisirs et les moments de gr\u00e2ce de notre vie\u2026<\/span><\/p>\r\n<div>\r\n<div><br \/>\r\n<br \/>\r\n<h2><b>LES + DE CE CHALLENGE :<\/b><\/h2>\r\n<ul>\r\n\t<li><span class=\"rouge\"><b>Tous les 2 jours, un d\u00e9fi \u00e0 relever<\/b>\u00a0<span style=\"color: #000000\">appara\u00eet dans votre espace personnel :<\/span> <strong>instructions, aventures, exercices, questions,<\/strong> <span style=\"color: #000000\">etc. Vous recevez un rappel dans votre bo\u00eete mail.<\/span><br \/>\r\n<\/span><\/li>\r\n\t<li>Un rendez-vous <span class=\"rouge\"><strong>live collectif avec Florence Servan-Schreiber<\/strong><\/span>, le 16 mai \u00e0 18h (replay possible)<br \/>\r\n<br \/>\r\n<\/li>\r\n\t<li><span class=\"rouge\"><b>Un kit re\u00e7u chez vous avec :\u00a0<\/b><\/span><\/li>\r\n<\/ul>\r\n<p><span style=\"font-weight: 400\">* un exemplaire de <strong>3 kifs par jour silver<\/strong> (la nouvelle \u00e9dition augment\u00e9e)<br \/>\r\n<\/span><span style=\"font-weight: 400\"><strong>* 3 badges \u201cJe dis merci\u201d<\/strong> (1 pour vous et 2 pour offrir)<br \/>\r\n<\/span><strong>* 9 cartes de gratitude<br \/>\r\n<\/strong><span style=\"font-weight: 400\">* en <strong>BONUS<\/strong> : <strong>le guide pour animer un bookclub<br \/>\r\n<br \/>\r\n<br \/>\r\n<br \/>\r\n<\/strong><\/span><\/p>\r\n<p><img class=\"alignnone wp-image-243207 \" src=\"https:\/\/www.florenceservanschreiber.com\/3kifsacademie\/assets\/uploads\/2023\/04\/DEFI-SILVER-665-\u00d7-450-px-1.png\" alt=\"\" width=\"429\" height=\"290\" \/><\/p>\r\n<\/div>\r\n<div><br \/>\r\n<br \/>\r\n<p><span class=\"cyan\"><b><i>Mais c\u2019est quoi un kif ?<\/i><\/b><\/span><\/p>\r\n<p><span style=\"font-weight: 400\">KIF : instant, situation, interaction, \u00e9v\u00e9nement, perception ou \u00e9motion provoquant une sensation d\u2019agr\u00e9ment, d\u2019aise, d\u2019amour, d\u2019amusement, de bien-\u00eatre, de bienfait, de chance, de cr\u00e9ation, de bonheur, de conscience, de complicit\u00e9, de charme, de contentement, de d\u00e9lectation, de gourmandise, de distraction, de sens, de connexion, d\u2019euphorie, d\u2019expression, de fantaisie, de f\u00e9licit\u00e9, de gr\u00e2ce, de ga\u00eet\u00e9, de joie, de jouissance, de r\u00e9cr\u00e9ation, de satisfaction, de volupt\u00e9 pour lequel on \u00e9prouve de la gratitude.<\/span><\/p>\r\n<br \/>\r\n<h2><b>QUAND ?<\/b><\/h2>\r\n<p>Quand vous le souhaitez, et \u00e0 votre rythme, pendant 21 jours (et + si affinit\u00e9s) !\u00a0<br \/>\r\nEt nous vous proposons d'en <strong>d\u00e9marrer un tous ensemble le 9 mai et ainsi de profiter du live de Florence Servan-Schreiber le 16 mai \u00e0 18h.<\/strong><\/p>\r\n<\/div>\r\n<div><br \/>\r\n<h2><b>O\u00d9 ?<\/b><\/h2>\r\n<ul>\r\n\t<li style=\"font-weight: 400\"><b>Le kit<\/b><span style=\"font-weight: 400\"> est envoy\u00e9 chez vous d\u00e8s votre inscription.<br \/>\r\n<br \/>\r\n<\/span><\/li>\r\n\t<li style=\"font-weight: 400\"><b>Le d\u00e9fi<\/b><span style=\"font-weight: 400\"> des 3 kifs par jour peut \u00eatre partag\u00e9 sur <\/span><b>le groupe facebook d\u00e9di\u00e9<\/b><span style=\"font-weight: 400\"> et\/ou sur instagram avec #3kifsparjour.* Pour le bien collectif nous nous r\u00e9servons la possibilit\u00e9 de les relayer.<br \/>\r\n\u00a0Si vous n'\u00eates pas sur les r\u00e9seaux, vous pourrez nous les envoyer par email.<\/span><\/li>\r\n<\/ul>\r\n<p><span style=\"font-weight: 400\">*Aucune obligation, vous pouvez aussi les garder pour vous !<\/span><\/p>\r\n<ul>\r\n\t<li style=\"font-weight: 400\"><b>Les d\u00e9fis silver<\/b><span style=\"font-weight: 400\"> sont \u00e0 d\u00e9couvrir tous les 2 jours, dans votre espace personnel et un rappel est envoy\u00e9 dans votre bo\u00eete mail.<\/span><\/li>\r\n<\/ul>\r\n<br \/>\r\n<br \/>\r\n<h2><b>COMMENT ?<\/b><\/h2>\r\n<p><span style=\"font-weight: 400\">En vous lan\u00e7ant tout simplement !<br \/>\r\n<\/span><span style=\"font-weight: 400\">Vos kifs peuvent \u00eatre partag\u00e9s sous la forme que vous souhaitez : texte, photo, vid\u00e9o, dessin\u2026<\/span><\/p>\r\n<br \/>\r\n<br \/>\r\n<h2><b>COMBIEN ?<\/b><\/h2>\r\n<span style=\"font-weight: 400\">Pour c\u00e9l\u00e9brer cette \u00e9dition silver de 3 kifs par jour, nous vous proposons tout cela pour seulement : <br \/>\r\n<\/span><b>47 euros (au lieu de 67 euros).<\/b><\/div>\r\n<\/div>","_et_gb_content_width":"","footnotes":""},"product_brand":[],"product_cat":[16,18],"product_tag":[70,183,186,184,102],"class_list":{"0":"post-75256","1":"product","2":"type-product","3":"status-publish","4":"has-post-thumbnail","6":"product_cat-cours","7":"product_cat-premium","8":"product_tag-3-kifs-par-jour","9":"product_tag-defi","10":"product_tag-diner-de-kifs","11":"product_tag-gratitude","12":"product_tag-merci","13":"product_shipping_class-defi-de-kifs","15":"first","16":"instock","17":"taxable","18":"shipping-taxable","19":"purchasable","20":"product-type-simple"},"acf":[],"yoast_head":"<!-- This site is optimized with the Yoast SEO plugin v27.6 - https:\/\/yoast.com\/product\/yoast-seo-wordpress\/ -->\n<title>D\u00c9FI DE KIFS SILVER - 3kifsacademie by Florence Servan-Schreiber<\/title>\n<meta name=\"robots\" content=\"index, follow, max-snippet:-1, max-image-preview:large, max-video-preview:-1\" \/>\n<link rel=\"canonical\" href=\"https:\/\/www.florenceservanschreiber.com\/3kifsacademie\/produit\/defi-de-kifs-silver\/\" \/>\n<meta property=\"og:locale\" content=\"fr_FR\" \/>\n<meta property=\"og:type\" content=\"article\" \/>\n<meta property=\"og:title\" content=\"D\u00c9FI DE KIFS SILVER - 3kifsacademie by Florence Servan-Schreiber\" \/>\n<meta property=\"og:description\" content=\"A l\u2019occasion de la sortie de la version augment\u00e9e du livre 3 kifs par jour, nous vous proposons un d\u00e9fi collectif de partage de nos kifs quotidiens.\" \/>\n<meta property=\"og:url\" content=\"https:\/\/www.florenceservanschreiber.com\/3kifsacademie\/produit\/defi-de-kifs-silver\/\" \/>\n<meta property=\"og:site_name\" content=\"3kifsacademie by Florence Servan-Schreiber\" \/>\n<meta property=\"article:modified_time\" content=\"2024-05-21T12:51:26+00:00\" \/>\n<meta property=\"og:image\" content=\"https:\/\/www.florenceservanschreiber.com\/3kifsacademie\/assets\/uploads\/2023\/04\/DEFI-SILVER-1.png\" \/>\n\t<meta property=\"og:image:width\" content=\"1200\" \/>\n\t<meta property=\"og:image:height\" content=\"649\" \/>\n\t<meta property=\"og:image:type\" content=\"image\/png\" \/>\n<meta name=\"twitter:card\" content=\"summary_large_image\" \/>\n<meta name=\"twitter:label1\" content=\"Dur\u00e9e de lecture estim\u00e9e\" \/>\n\t<meta name=\"twitter:data1\" content=\"3 minutes\" \/>\n<script type=\"application\/ld+json\" class=\"yoast-schema-graph\">{\"@context\":\"https:\\\/\\\/schema.org\",\"@graph\":[{\"@type\":\"WebPage\",\"@id\":\"https:\\\/\\\/www.florenceservanschreiber.com\\\/3kifsacademie\\\/produit\\\/defi-de-kifs-silver\\\/\",\"url\":\"https:\\\/\\\/www.florenceservanschreiber.com\\\/3kifsacademie\\\/produit\\\/defi-de-kifs-silver\\\/\",\"name\":\"D\u00c9FI DE KIFS SILVER - 3kifsacademie by Florence Servan-Schreiber\",\"isPartOf\":{\"@id\":\"https:\\\/\\\/www.florenceservanschreiber.com\\\/3kifsacademie\\\/#website\"},\"primaryImageOfPage\":{\"@id\":\"https:\\\/\\\/www.florenceservanschreiber.com\\\/3kifsacademie\\\/produit\\\/defi-de-kifs-silver\\\/#primaryimage\"},\"image\":{\"@id\":\"https:\\\/\\\/www.florenceservanschreiber.com\\\/3kifsacademie\\\/produit\\\/defi-de-kifs-silver\\\/#primaryimage\"},\"thumbnailUrl\":\"https:\\\/\\\/www.florenceservanschreiber.com\\\/3kifsacademie\\\/assets\\\/uploads\\\/2023\\\/04\\\/DEFI-SILVER-1.png\",\"datePublished\":\"2023-04-11T09:45:48+00:00\",\"dateModified\":\"2024-05-21T12:51:26+00:00\",\"breadcrumb\":{\"@id\":\"https:\\\/\\\/www.florenceservanschreiber.com\\\/3kifsacademie\\\/produit\\\/defi-de-kifs-silver\\\/#breadcrumb\"},\"inLanguage\":\"fr-FR\",\"potentialAction\":[{\"@type\":\"ReadAction\",\"target\":[\"https:\\\/\\\/www.florenceservanschreiber.com\\\/3kifsacademie\\\/produit\\\/defi-de-kifs-silver\\\/\"]}]},{\"@type\":\"ImageObject\",\"inLanguage\":\"fr-FR\",\"@id\":\"https:\\\/\\\/www.florenceservanschreiber.com\\\/3kifsacademie\\\/produit\\\/defi-de-kifs-silver\\\/#primaryimage\",\"url\":\"https:\\\/\\\/www.florenceservanschreiber.com\\\/3kifsacademie\\\/assets\\\/uploads\\\/2023\\\/04\\\/DEFI-SILVER-1.png\",\"contentUrl\":\"https:\\\/\\\/www.florenceservanschreiber.com\\\/3kifsacademie\\\/assets\\\/uploads\\\/2023\\\/04\\\/DEFI-SILVER-1.png\",\"width\":1200,\"height\":649},{\"@type\":\"BreadcrumbList\",\"@id\":\"https:\\\/\\\/www.florenceservanschreiber.com\\\/3kifsacademie\\\/produit\\\/defi-de-kifs-silver\\\/#breadcrumb\",\"itemListElement\":[{\"@type\":\"ListItem\",\"position\":1,\"name\":\"Home\",\"item\":\"https:\\\/\\\/www.florenceservanschreiber.com\\\/3kifsacademie\\\/\"},{\"@type\":\"ListItem\",\"position\":2,\"name\":\"Boutique\",\"item\":\"https:\\\/\\\/www.florenceservanschreiber.com\\\/3kifsacademie\\\/boutique\\\/\"},{\"@type\":\"ListItem\",\"position\":3,\"name\":\"D\u00c9FI DE KIFS SILVER\"}]},{\"@type\":\"WebSite\",\"@id\":\"https:\\\/\\\/www.florenceservanschreiber.com\\\/3kifsacademie\\\/#website\",\"url\":\"https:\\\/\\\/www.florenceservanschreiber.com\\\/3kifsacademie\\\/\",\"name\":\"3kifsacademie by Florence Servan-Schreiber\",\"description\":\"Apprendre la psychologie positive, s&#039;\u00e9panouir et kiffer !\",\"potentialAction\":[{\"@type\":\"SearchAction\",\"target\":{\"@type\":\"EntryPoint\",\"urlTemplate\":\"https:\\\/\\\/www.florenceservanschreiber.com\\\/3kifsacademie\\\/?s={search_term_string}\"},\"query-input\":{\"@type\":\"PropertyValueSpecification\",\"valueRequired\":true,\"valueName\":\"search_term_string\"}}],\"inLanguage\":\"fr-FR\"}]}<\/script>\n<!-- \/ Yoast SEO plugin. -->","yoast_head_json":{"title":"D\u00c9FI DE KIFS SILVER - 3kifsacademie by Florence Servan-Schreiber","robots":{"index":"index","follow":"follow","max-snippet":"max-snippet:-1","max-image-preview":"max-image-preview:large","max-video-preview":"max-video-preview:-1"},"canonical":"https:\/\/www.florenceservanschreiber.com\/3kifsacademie\/produit\/defi-de-kifs-silver\/","og_locale":"fr_FR","og_type":"article","og_title":"D\u00c9FI DE KIFS SILVER - 3kifsacademie by Florence Servan-Schreiber","og_description":"A l\u2019occasion de la sortie de la version augment\u00e9e du livre 3 kifs par jour, nous vous proposons un d\u00e9fi collectif de partage de nos kifs quotidiens.","og_url":"https:\/\/www.florenceservanschreiber.com\/3kifsacademie\/produit\/defi-de-kifs-silver\/","og_site_name":"3kifsacademie by Florence Servan-Schreiber","article_modified_time":"2024-05-21T12:51:26+00:00","og_image":[{"width":1200,"height":649,"url":"https:\/\/www.florenceservanschreiber.com\/3kifsacademie\/assets\/uploads\/2023\/04\/DEFI-SILVER-1.png","type":"image\/png"}],"twitter_card":"summary_large_image","twitter_misc":{"Dur\u00e9e de lecture estim\u00e9e":"3 minutes"},"schema":{"@context":"https:\/\/schema.org","@graph":[{"@type":"WebPage","@id":"https:\/\/www.florenceservanschreiber.com\/3kifsacademie\/produit\/defi-de-kifs-silver\/","url":"https:\/\/www.florenceservanschreiber.com\/3kifsacademie\/produit\/defi-de-kifs-silver\/","name":"D\u00c9FI DE KIFS SILVER - 3kifsacademie by Florence Servan-Schreiber","isPartOf":{"@id":"https:\/\/www.florenceservanschreiber.com\/3kifsacademie\/#website"},"primaryImageOfPage":{"@id":"https:\/\/www.florenceservanschreiber.com\/3kifsacademie\/produit\/defi-de-kifs-silver\/#primaryimage"},"image":{"@id":"https:\/\/www.florenceservanschreiber.com\/3kifsacademie\/produit\/defi-de-kifs-silver\/#primaryimage"},"thumbnailUrl":"https:\/\/www.florenceservanschreiber.com\/3kifsacademie\/assets\/uploads\/2023\/04\/DEFI-SILVER-1.png","datePublished":"2023-04-11T09:45:48+00:00","dateModified":"2024-05-21T12:51:26+00:00","breadcrumb":{"@id":"https:\/\/www.florenceservanschreiber.com\/3kifsacademie\/produit\/defi-de-kifs-silver\/#breadcrumb"},"inLanguage":"fr-FR","potentialAction":[{"@type":"ReadAction","target":["https:\/\/www.florenceservanschreiber.com\/3kifsacademie\/produit\/defi-de-kifs-silver\/"]}]},{"@type":"ImageObject","inLanguage":"fr-FR","@id":"https:\/\/www.florenceservanschreiber.com\/3kifsacademie\/produit\/defi-de-kifs-silver\/#primaryimage","url":"https:\/\/www.florenceservanschreiber.com\/3kifsacademie\/assets\/uploads\/2023\/04\/DEFI-SILVER-1.png","contentUrl":"https:\/\/www.florenceservanschreiber.com\/3kifsacademie\/assets\/uploads\/2023\/04\/DEFI-SILVER-1.png","width":1200,"height":649},{"@type":"BreadcrumbList","@id":"https:\/\/www.florenceservanschreiber.com\/3kifsacademie\/produit\/defi-de-kifs-silver\/#breadcrumb","itemListElement":[{"@type":"ListItem","position":1,"name":"Home","item":"https:\/\/www.florenceservanschreiber.com\/3kifsacademie\/"},{"@type":"ListItem","position":2,"name":"Boutique","item":"https:\/\/www.florenceservanschreiber.com\/3kifsacademie\/boutique\/"},{"@type":"ListItem","position":3,"name":"D\u00c9FI DE KIFS SILVER"}]},{"@type":"WebSite","@id":"https:\/\/www.florenceservanschreiber.com\/3kifsacademie\/#website","url":"https:\/\/www.florenceservanschreiber.com\/3kifsacademie\/","name":"3kifsacademie by Florence Servan-Schreiber","description":"Apprendre la psychologie positive, s&#039;\u00e9panouir et kiffer !","potentialAction":[{"@type":"SearchAction","target":{"@type":"EntryPoint","urlTemplate":"https:\/\/www.florenceservanschreiber.com\/3kifsacademie\/?s={search_term_string}"},"query-input":{"@type":"PropertyValueSpecification","valueRequired":true,"valueName":"search_term_string"}}],"inLanguage":"fr-FR"}]}},"_links":{"self":[{"href":"https:\/\/www.florenceservanschreiber.com\/3kifsacademie\/wp-json\/wp\/v2\/product\/75256","targetHints":{"allow":["GET"]}}],"collection":[{"href":"https:\/\/www.florenceservanschreiber.com\/3kifsacademie\/wp-json\/wp\/v2\/product"}],"about":[{"href":"https:\/\/www.florenceservanschreiber.com\/3kifsacademie\/wp-json\/wp\/v2\/types\/product"}],"version-history":[{"count":0,"href":"https:\/\/www.florenceservanschreiber.com\/3kifsacademie\/wp-json\/wp\/v2\/product\/75256\/revisions"}],"wp:featuredmedia":[{"embeddable":true,"href":"https:\/\/www.florenceservanschreiber.com\/3kifsacademie\/wp-json\/wp\/v2\/media\/75257"}],"wp:attachment":[{"href":"https:\/\/www.florenceservanschreiber.com\/3kifsacademie\/wp-json\/wp\/v2\/media?parent=75256"}],"wp:term":[{"taxonomy":"product_brand","embeddable":true,"href":"https:\/\/www.florenceservanschreiber.com\/3kifsacademie\/wp-json\/wp\/v2\/product_brand?post=75256"},{"taxonomy":"product_cat","embeddable":true,"href":"https:\/\/www.florenceservanschreiber.com\/3kifsacademie\/wp-json\/wp\/v2\/product_cat?post=75256"},{"taxonomy":"product_tag","embeddable":true,"href":"https:\/\/www.florenceservanschreiber.com\/3kifsacademie\/wp-json\/wp\/v2\/product_tag?post=75256"}],"curies":[{"name":"wp","href":"https:\/\/api.w.org\/{rel}","templated":true}]}}