{"id":75249,"date":"2023-04-11T11:04:36","date_gmt":"2023-04-11T09:04:36","guid":{"rendered":"https:\/\/www.florenceservanschreiber.com\/3kifsacademie\/?post_type=product&#038;p=75249"},"modified":"2025-09-02T19:05:47","modified_gmt":"2025-09-02T17:05:47","slug":"bookclub","status":"publish","type":"product","link":"https:\/\/www.florenceservanschreiber.com\/3kifsacademie\/produit\/bookclub\/","title":{"rendered":"BOOKCLUB"},"content":{"rendered":"<p>Voici <strong>un kit pour animer votre propre book club autour de l&#8217;\u00e9dition augment\u00e9e de 3 kifs par jour<\/strong>.<\/p>\n<p>Un book club consiste \u00e0 \u00eatre plusieurs \u00e0 lire le m\u00eame livre et \u00e0 se r\u00e9unir pour en parler. <br \/>\nNous vous avons pr\u00e9par\u00e9 <strong>un guide pour son organisation et son animation<\/strong>.<\/p>\n<p>C&#8217;est un moment d&#8217;\u00e9change marrant quand tout le monde a lu le m\u00eame livre mais ne se souvient pas des m\u00eames choses. <br \/>\nLancez-vous, m\u00eame \u00e0 2, c&#8217;est d\u00e9j\u00e0 une discussion.<\/p>\n<p>&nbsp;<\/p>\n<p><strong>Le kit comprend :\u00a0<\/strong><br \/>\n<span class=\"etoileCyan\"><strong>Le guide<\/strong> d&#8217;organisation et d&#8217;animation de la s\u00e9ance<br \/>\n<\/span><span class=\"etoileCyan\"><strong>4 exemplaires de 3 kifs par jour en \u00e9dition augment\u00e9e<\/strong> envoy\u00e9s \u00e0 votre<\/span> adresse<br \/>\n<span class=\"etoileCyan\"><strong>4 badges<\/strong> &#8220;Je dis merci&#8221;<br \/>\n<\/span><span class=\"etoileCyan\"><strong>Les frais d&#8217;envoi<\/strong> dans un point relais (France m\u00e9tropolitaine et Belgique). Pour un autre pays, nous contacter.<\/span><\/p>\n<p>&nbsp;<\/p>\n<p>Bonne lecture et bon club !<\/p>\n<p>&nbsp;<\/p>\n<p><img loading=\"lazy\" decoding=\"async\" class=\"wp-image-75250 aligncenter\" src=\"https:\/\/www.florenceservanschreiber.com\/3kifsacademie\/assets\/uploads\/2023\/04\/Sans-titre-6.png\" alt=\"\" width=\"423\" height=\"354\" srcset=\"https:\/\/www.florenceservanschreiber.com\/3kifsacademie\/assets\/uploads\/2023\/04\/Sans-titre-6.png 940w, https:\/\/www.florenceservanschreiber.com\/3kifsacademie\/assets\/uploads\/2023\/04\/Sans-titre-6-768x644.png 768w, https:\/\/www.florenceservanschreiber.com\/3kifsacademie\/assets\/uploads\/2023\/04\/Sans-titre-6-320x268.png 320w, https:\/\/www.florenceservanschreiber.com\/3kifsacademie\/assets\/uploads\/2023\/04\/Sans-titre-6-600x503.png 600w\" sizes=\"(max-width: 423px) 100vw, 423px\" \/><\/p>\n<p><img loading=\"lazy\" decoding=\"async\" class=\"wp-image-75251 aligncenter\" src=\"https:\/\/www.florenceservanschreiber.com\/3kifsacademie\/assets\/uploads\/2023\/04\/Sans-titre-7.png\" alt=\"\" width=\"423\" height=\"355\" srcset=\"https:\/\/www.florenceservanschreiber.com\/3kifsacademie\/assets\/uploads\/2023\/04\/Sans-titre-7.png 940w, https:\/\/www.florenceservanschreiber.com\/3kifsacademie\/assets\/uploads\/2023\/04\/Sans-titre-7-768x644.png 768w, https:\/\/www.florenceservanschreiber.com\/3kifsacademie\/assets\/uploads\/2023\/04\/Sans-titre-7-320x268.png 320w, https:\/\/www.florenceservanschreiber.com\/3kifsacademie\/assets\/uploads\/2023\/04\/Sans-titre-7-600x503.png 600w\" sizes=\"(max-width: 423px) 100vw, 423px\" \/><\/p>\n","protected":false},"excerpt":{"rendered":"<p>Voici <strong>un kit pour animer votre propre book club autour de l&#8217;\u00e9dition augment\u00e9e de 3 kifs par jour<\/strong>.<\/p>\n","protected":false},"featured_media":75252,"template":"","meta":{"_acf_changed":false,"_et_pb_use_builder":"","_et_pb_old_content":"","_et_gb_content_width":"","footnotes":""},"product_brand":[],"product_cat":[16,18],"product_tag":[70,182,181],"class_list":{"0":"post-75249","1":"product","2":"type-product","3":"status-publish","4":"has-post-thumbnail","6":"product_cat-cours","7":"product_cat-premium","8":"product_tag-3-kifs-par-jour","9":"product_tag-editions-marabout","10":"product_tag-groupe-lecture","11":"product_shipping_class-liv_stand","13":"first","14":"instock","15":"taxable","16":"shipping-taxable","17":"purchasable","18":"product-type-simple"},"acf":[],"yoast_head":"<!-- This site is optimized with the Yoast SEO plugin v27.5 - https:\/\/yoast.com\/product\/yoast-seo-wordpress\/ -->\n<title>BOOKCLUB - 3kifsacademie by Florence Servan-Schreiber<\/title>\n<meta name=\"description\" content=\"Voici une invitation \u00e0 animer votre propre book club autour de l&#039;\u00e9dition augment\u00e9e de 3 kifs par jour.\" \/>\n<meta name=\"robots\" content=\"index, follow, max-snippet:-1, max-image-preview:large, max-video-preview:-1\" \/>\n<link rel=\"canonical\" href=\"https:\/\/www.florenceservanschreiber.com\/3kifsacademie\/produit\/bookclub\/\" \/>\n<meta property=\"og:locale\" content=\"fr_FR\" \/>\n<meta property=\"og:type\" content=\"article\" \/>\n<meta property=\"og:title\" content=\"BOOKCLUB - 3kifsacademie by Florence Servan-Schreiber\" \/>\n<meta property=\"og:description\" content=\"Voici une invitation \u00e0 animer votre propre book club autour de l&#039;\u00e9dition augment\u00e9e de 3 kifs par jour.\" \/>\n<meta property=\"og:url\" content=\"https:\/\/www.florenceservanschreiber.com\/3kifsacademie\/produit\/bookclub\/\" \/>\n<meta property=\"og:site_name\" content=\"3kifsacademie by Florence Servan-Schreiber\" \/>\n<meta property=\"article:modified_time\" content=\"2025-09-02T17:05:47+00:00\" \/>\n<meta property=\"og:image\" content=\"https:\/\/www.florenceservanschreiber.com\/3kifsacademie\/assets\/uploads\/2023\/04\/DEFI-SILVER.png\" \/>\n\t<meta property=\"og:image:width\" content=\"1200\" \/>\n\t<meta property=\"og:image:height\" content=\"649\" \/>\n\t<meta property=\"og:image:type\" content=\"image\/png\" \/>\n<meta name=\"twitter:card\" content=\"summary_large_image\" \/>\n<meta name=\"twitter:label1\" content=\"Dur\u00e9e de lecture estim\u00e9e\" \/>\n\t<meta name=\"twitter:data1\" content=\"2 minutes\" \/>\n<script type=\"application\/ld+json\" class=\"yoast-schema-graph\">{\"@context\":\"https:\\\/\\\/schema.org\",\"@graph\":[{\"@type\":\"WebPage\",\"@id\":\"https:\\\/\\\/www.florenceservanschreiber.com\\\/3kifsacademie\\\/produit\\\/bookclub\\\/\",\"url\":\"https:\\\/\\\/www.florenceservanschreiber.com\\\/3kifsacademie\\\/produit\\\/bookclub\\\/\",\"name\":\"BOOKCLUB - 3kifsacademie by Florence Servan-Schreiber\",\"isPartOf\":{\"@id\":\"https:\\\/\\\/www.florenceservanschreiber.com\\\/3kifsacademie\\\/#website\"},\"primaryImageOfPage\":{\"@id\":\"https:\\\/\\\/www.florenceservanschreiber.com\\\/3kifsacademie\\\/produit\\\/bookclub\\\/#primaryimage\"},\"image\":{\"@id\":\"https:\\\/\\\/www.florenceservanschreiber.com\\\/3kifsacademie\\\/produit\\\/bookclub\\\/#primaryimage\"},\"thumbnailUrl\":\"https:\\\/\\\/www.florenceservanschreiber.com\\\/3kifsacademie\\\/assets\\\/uploads\\\/2023\\\/04\\\/DEFI-SILVER.png\",\"datePublished\":\"2023-04-11T09:04:36+00:00\",\"dateModified\":\"2025-09-02T17:05:47+00:00\",\"description\":\"Voici une invitation \u00e0 animer votre propre book club autour de l'\u00e9dition augment\u00e9e de 3 kifs par jour.\",\"breadcrumb\":{\"@id\":\"https:\\\/\\\/www.florenceservanschreiber.com\\\/3kifsacademie\\\/produit\\\/bookclub\\\/#breadcrumb\"},\"inLanguage\":\"fr-FR\",\"potentialAction\":[{\"@type\":\"ReadAction\",\"target\":[\"https:\\\/\\\/www.florenceservanschreiber.com\\\/3kifsacademie\\\/produit\\\/bookclub\\\/\"]}]},{\"@type\":\"ImageObject\",\"inLanguage\":\"fr-FR\",\"@id\":\"https:\\\/\\\/www.florenceservanschreiber.com\\\/3kifsacademie\\\/produit\\\/bookclub\\\/#primaryimage\",\"url\":\"https:\\\/\\\/www.florenceservanschreiber.com\\\/3kifsacademie\\\/assets\\\/uploads\\\/2023\\\/04\\\/DEFI-SILVER.png\",\"contentUrl\":\"https:\\\/\\\/www.florenceservanschreiber.com\\\/3kifsacademie\\\/assets\\\/uploads\\\/2023\\\/04\\\/DEFI-SILVER.png\",\"width\":1200,\"height\":649},{\"@type\":\"BreadcrumbList\",\"@id\":\"https:\\\/\\\/www.florenceservanschreiber.com\\\/3kifsacademie\\\/produit\\\/bookclub\\\/#breadcrumb\",\"itemListElement\":[{\"@type\":\"ListItem\",\"position\":1,\"name\":\"Home\",\"item\":\"https:\\\/\\\/www.florenceservanschreiber.com\\\/3kifsacademie\\\/\"},{\"@type\":\"ListItem\",\"position\":2,\"name\":\"Boutique\",\"item\":\"https:\\\/\\\/www.florenceservanschreiber.com\\\/3kifsacademie\\\/boutique\\\/\"},{\"@type\":\"ListItem\",\"position\":3,\"name\":\"BOOKCLUB\"}]},{\"@type\":\"WebSite\",\"@id\":\"https:\\\/\\\/www.florenceservanschreiber.com\\\/3kifsacademie\\\/#website\",\"url\":\"https:\\\/\\\/www.florenceservanschreiber.com\\\/3kifsacademie\\\/\",\"name\":\"3kifsacademie by Florence Servan-Schreiber\",\"description\":\"Apprendre la psychologie positive, s&#039;\u00e9panouir et kiffer !\",\"potentialAction\":[{\"@type\":\"SearchAction\",\"target\":{\"@type\":\"EntryPoint\",\"urlTemplate\":\"https:\\\/\\\/www.florenceservanschreiber.com\\\/3kifsacademie\\\/?s={search_term_string}\"},\"query-input\":{\"@type\":\"PropertyValueSpecification\",\"valueRequired\":true,\"valueName\":\"search_term_string\"}}],\"inLanguage\":\"fr-FR\"}]}<\/script>\n<!-- \/ Yoast SEO plugin. -->","yoast_head_json":{"title":"BOOKCLUB - 3kifsacademie by Florence Servan-Schreiber","description":"Voici une invitation \u00e0 animer votre propre book club autour de l'\u00e9dition augment\u00e9e de 3 kifs par jour.","robots":{"index":"index","follow":"follow","max-snippet":"max-snippet:-1","max-image-preview":"max-image-preview:large","max-video-preview":"max-video-preview:-1"},"canonical":"https:\/\/www.florenceservanschreiber.com\/3kifsacademie\/produit\/bookclub\/","og_locale":"fr_FR","og_type":"article","og_title":"BOOKCLUB - 3kifsacademie by Florence Servan-Schreiber","og_description":"Voici une invitation \u00e0 animer votre propre book club autour de l'\u00e9dition augment\u00e9e de 3 kifs par jour.","og_url":"https:\/\/www.florenceservanschreiber.com\/3kifsacademie\/produit\/bookclub\/","og_site_name":"3kifsacademie by Florence Servan-Schreiber","article_modified_time":"2025-09-02T17:05:47+00:00","og_image":[{"width":1200,"height":649,"url":"https:\/\/www.florenceservanschreiber.com\/3kifsacademie\/assets\/uploads\/2023\/04\/DEFI-SILVER.png","type":"image\/png"}],"twitter_card":"summary_large_image","twitter_misc":{"Dur\u00e9e de lecture estim\u00e9e":"2 minutes"},"schema":{"@context":"https:\/\/schema.org","@graph":[{"@type":"WebPage","@id":"https:\/\/www.florenceservanschreiber.com\/3kifsacademie\/produit\/bookclub\/","url":"https:\/\/www.florenceservanschreiber.com\/3kifsacademie\/produit\/bookclub\/","name":"BOOKCLUB - 3kifsacademie by Florence Servan-Schreiber","isPartOf":{"@id":"https:\/\/www.florenceservanschreiber.com\/3kifsacademie\/#website"},"primaryImageOfPage":{"@id":"https:\/\/www.florenceservanschreiber.com\/3kifsacademie\/produit\/bookclub\/#primaryimage"},"image":{"@id":"https:\/\/www.florenceservanschreiber.com\/3kifsacademie\/produit\/bookclub\/#primaryimage"},"thumbnailUrl":"https:\/\/www.florenceservanschreiber.com\/3kifsacademie\/assets\/uploads\/2023\/04\/DEFI-SILVER.png","datePublished":"2023-04-11T09:04:36+00:00","dateModified":"2025-09-02T17:05:47+00:00","description":"Voici une invitation \u00e0 animer votre propre book club autour de l'\u00e9dition augment\u00e9e de 3 kifs par jour.","breadcrumb":{"@id":"https:\/\/www.florenceservanschreiber.com\/3kifsacademie\/produit\/bookclub\/#breadcrumb"},"inLanguage":"fr-FR","potentialAction":[{"@type":"ReadAction","target":["https:\/\/www.florenceservanschreiber.com\/3kifsacademie\/produit\/bookclub\/"]}]},{"@type":"ImageObject","inLanguage":"fr-FR","@id":"https:\/\/www.florenceservanschreiber.com\/3kifsacademie\/produit\/bookclub\/#primaryimage","url":"https:\/\/www.florenceservanschreiber.com\/3kifsacademie\/assets\/uploads\/2023\/04\/DEFI-SILVER.png","contentUrl":"https:\/\/www.florenceservanschreiber.com\/3kifsacademie\/assets\/uploads\/2023\/04\/DEFI-SILVER.png","width":1200,"height":649},{"@type":"BreadcrumbList","@id":"https:\/\/www.florenceservanschreiber.com\/3kifsacademie\/produit\/bookclub\/#breadcrumb","itemListElement":[{"@type":"ListItem","position":1,"name":"Home","item":"https:\/\/www.florenceservanschreiber.com\/3kifsacademie\/"},{"@type":"ListItem","position":2,"name":"Boutique","item":"https:\/\/www.florenceservanschreiber.com\/3kifsacademie\/boutique\/"},{"@type":"ListItem","position":3,"name":"BOOKCLUB"}]},{"@type":"WebSite","@id":"https:\/\/www.florenceservanschreiber.com\/3kifsacademie\/#website","url":"https:\/\/www.florenceservanschreiber.com\/3kifsacademie\/","name":"3kifsacademie by Florence Servan-Schreiber","description":"Apprendre la psychologie positive, s&#039;\u00e9panouir et kiffer !","potentialAction":[{"@type":"SearchAction","target":{"@type":"EntryPoint","urlTemplate":"https:\/\/www.florenceservanschreiber.com\/3kifsacademie\/?s={search_term_string}"},"query-input":{"@type":"PropertyValueSpecification","valueRequired":true,"valueName":"search_term_string"}}],"inLanguage":"fr-FR"}]}},"_links":{"self":[{"href":"https:\/\/www.florenceservanschreiber.com\/3kifsacademie\/wp-json\/wp\/v2\/product\/75249","targetHints":{"allow":["GET"]}}],"collection":[{"href":"https:\/\/www.florenceservanschreiber.com\/3kifsacademie\/wp-json\/wp\/v2\/product"}],"about":[{"href":"https:\/\/www.florenceservanschreiber.com\/3kifsacademie\/wp-json\/wp\/v2\/types\/product"}],"version-history":[{"count":1,"href":"https:\/\/www.florenceservanschreiber.com\/3kifsacademie\/wp-json\/wp\/v2\/product\/75249\/revisions"}],"predecessor-version":[{"id":245637,"href":"https:\/\/www.florenceservanschreiber.com\/3kifsacademie\/wp-json\/wp\/v2\/product\/75249\/revisions\/245637"}],"wp:featuredmedia":[{"embeddable":true,"href":"https:\/\/www.florenceservanschreiber.com\/3kifsacademie\/wp-json\/wp\/v2\/media\/75252"}],"wp:attachment":[{"href":"https:\/\/www.florenceservanschreiber.com\/3kifsacademie\/wp-json\/wp\/v2\/media?parent=75249"}],"wp:term":[{"taxonomy":"product_brand","embeddable":true,"href":"https:\/\/www.florenceservanschreiber.com\/3kifsacademie\/wp-json\/wp\/v2\/product_brand?post=75249"},{"taxonomy":"product_cat","embeddable":true,"href":"https:\/\/www.florenceservanschreiber.com\/3kifsacademie\/wp-json\/wp\/v2\/product_cat?post=75249"},{"taxonomy":"product_tag","embeddable":true,"href":"https:\/\/www.florenceservanschreiber.com\/3kifsacademie\/wp-json\/wp\/v2\/product_tag?post=75249"}],"curies":[{"name":"wp","href":"https:\/\/api.w.org\/{rel}","templated":true}]}}