{"id":43071,"date":"2021-04-29T09:37:39","date_gmt":"2021-04-29T07:37:39","guid":{"rendered":"https:\/\/www.florenceservanschreiber.com\/3kifsacademie\/?post_type=product&#038;p=43071"},"modified":"2024-12-06T10:40:14","modified_gmt":"2024-12-06T09:40:14","slug":"50-outils-pour-reussir-a-lecole","status":"publish","type":"product","link":"https:\/\/www.florenceservanschreiber.com\/3kifsacademie\/produit\/50-outils-pour-reussir-a-lecole\/","title":{"rendered":"50 outils pour r\u00e9ussir \u00e0 l&#8217;\u00e9cole"},"content":{"rendered":"<div>\n<div>\n<p><strong>5 modules, plus de 50 vid\u00e9os, des documents \u00e0 t\u00e9l\u00e9charger, des exercices&#8230;\u00a0<\/strong><\/p>\n<p><strong>1. La concentration :<\/strong><br \/>\nPr\u00e9sentation d&#8217;outils pour aider les jeunes \u00e0 se lib\u00e9rer du stress, \u00e0 se sentir en s\u00e9curit\u00e9, \u00e0 se vider la t\u00eate, \u00e0 se d\u00e9tendre et \u00e0 se mettre dans des situations id\u00e9ales pour se concentrer.<\/p>\n<p><strong>2.\u00a0L&#8217;organisation :<\/strong><br \/>\nPr\u00e9sentation d&#8217;outils pour\u00a0aider les jeunes \u00e0 g\u00e9rer le temps, les priorit\u00e9s, \u00e0 planifier, \u00e0 organiser leurs id\u00e9es et leurs t\u00e2ches.\u00a0<\/p>\n<p><strong>3.\u00a0La m\u00e9morisation :<\/strong><br \/>\n10 outils pour m\u00e9moriser de fa\u00e7on efficace et ergonomique.<\/p>\n<p><strong>4. La motivation :\u00a0<\/strong><br \/>\nDes outils pour se fixer des objectifs, pour combattre les pens\u00e9es n\u00e9gatives, se mettre au travail facilement, et pour \u00eatre un parent motivant.<\/p>\n<p><strong>5.\u00a0Outils pratiques et connaissance de soi<\/strong><br \/>\nDes outils pour conna\u00eetre comment fonctionne son cerveau et mieux s&#8217;en servir, des m\u00e9thodes de travail et des moyens de compensation pour\u00a0 dompter les troubles d&#8217;apprentissage.<\/p>\n<p>Anim\u00e9e par\u00a0<a href=\"https:\/\/www.psychoeducation.be\/pages\/a-propos\" target=\"_blank\" rel=\"noopener noreferrer\">Valentine Anciaux et St\u00e9phanie de Schaetzen<\/a>\u00a0et quelques invit\u00e9s experts : Laura Bertleff, Perrine Bigot, Geoffrey Boulard, Christelle Colonval (APEDA), Anne-Charlotte Declercq, Sophie Godard, Deborah Houba (APEDA), Mait\u00e9 Massart, Sophie Leclere (asbl Coeur \u00e0 Corps), Laetitia Paternostre, Catherine Vanham, Christophe Vanderroost, Violaine Vignaud<\/p>\n<\/div>\n<ul>\n<li>9 heures 30 de vid\u00e9o<\/li>\n<li>Des outils\u00a0pratiques utilisables directement, en consultation ou \u00e0 la maison<\/li>\n<li>Accessible quand vous voulez, d&#8217;o\u00f9 vous voulez, sans limite de temps<\/li>\n<\/ul>\n<\/div>\n<div><strong><br \/>\nPublic cible<\/strong><\/div>\n<div>Les personnes qui accompagnent les jeunes (\u00e0 partir de 8 ans) dans leur scolarit\u00e9 : parents et professionnels de l&#8217;enfance\/adolescence.<\/div>\n<div>Certains outils conviennent pour des enfants plus jeunes, et la plupart \u00e9galement pour les jeunes adultes.\u00a0<\/div>\n<div>\u00a0<\/div>\n<div><strong>Tarif :<\/strong><\/div>\n<div>70 \u20ac<\/div>\n<div><em><strong><span class=\"rouge\">5% de remise vous sera appliqu\u00e9 avec le code 3KIFS<\/span><\/strong><\/em><\/div>\n","protected":false},"excerpt":{"rendered":"<p>5 modules, plus de 50 vid\u00e9os, des documents \u00e0 t\u00e9l\u00e9charger, des exercices&#8230;\u00a0 1. La concentration : Pr\u00e9sentation d&#8217;outils pour aider les jeunes \u00e0 se lib\u00e9rer&#8230;<\/p>\n","protected":false},"featured_media":43072,"template":"","meta":{"_acf_changed":false,"_et_pb_use_builder":"","_et_pb_old_content":"","_et_gb_content_width":"","footnotes":""},"product_brand":[],"product_cat":[111],"product_tag":[],"class_list":{"0":"post-43071","1":"product","2":"type-product","3":"status-publish","4":"has-post-thumbnail","6":"product_cat-partenaire","8":"first","9":"instock","10":"taxable","11":"shipping-taxable","12":"product-type-external"},"acf":[],"yoast_head":"<!-- This site is optimized with the Yoast SEO plugin v27.4 - https:\/\/yoast.com\/product\/yoast-seo-wordpress\/ -->\n<title>50 outils pour r\u00e9ussir \u00e0 l&#039;\u00e9cole - 3kifsacademie by Florence Servan-Schreiber<\/title>\n<meta name=\"robots\" content=\"index, follow, max-snippet:-1, max-image-preview:large, max-video-preview:-1\" \/>\n<link rel=\"canonical\" href=\"https:\/\/www.florenceservanschreiber.com\/3kifsacademie\/produit\/50-outils-pour-reussir-a-lecole\/\" \/>\n<meta property=\"og:locale\" content=\"fr_FR\" \/>\n<meta property=\"og:type\" content=\"article\" \/>\n<meta property=\"og:title\" content=\"50 outils pour r\u00e9ussir \u00e0 l&#039;\u00e9cole - 3kifsacademie by Florence Servan-Schreiber\" \/>\n<meta property=\"og:description\" content=\"5 modules, plus de 50 vid\u00e9os, des documents \u00e0 t\u00e9l\u00e9charger, des exercices&#8230;\u00a0 1. La concentration : Pr\u00e9sentation d&#8217;outils pour aider les jeunes \u00e0 se lib\u00e9rer...\" \/>\n<meta property=\"og:url\" content=\"https:\/\/www.florenceservanschreiber.com\/3kifsacademie\/produit\/50-outils-pour-reussir-a-lecole\/\" \/>\n<meta property=\"og:site_name\" content=\"3kifsacademie by Florence Servan-Schreiber\" \/>\n<meta property=\"article:modified_time\" content=\"2024-12-06T09:40:14+00:00\" \/>\n<meta property=\"og:image\" content=\"https:\/\/www.florenceservanschreiber.com\/3kifsacademie\/assets\/uploads\/2021\/04\/50-outils-reussir-ecole.png\" \/>\n\t<meta property=\"og:image:width\" content=\"1200\" \/>\n\t<meta property=\"og:image:height\" content=\"640\" \/>\n\t<meta property=\"og:image:type\" content=\"image\/png\" \/>\n<meta name=\"twitter:card\" content=\"summary_large_image\" \/>\n<meta name=\"twitter:label1\" content=\"Dur\u00e9e de lecture estim\u00e9e\" \/>\n\t<meta name=\"twitter:data1\" content=\"2 minutes\" \/>\n<script type=\"application\/ld+json\" class=\"yoast-schema-graph\">{\"@context\":\"https:\\\/\\\/schema.org\",\"@graph\":[{\"@type\":\"WebPage\",\"@id\":\"https:\\\/\\\/www.florenceservanschreiber.com\\\/3kifsacademie\\\/produit\\\/50-outils-pour-reussir-a-lecole\\\/\",\"url\":\"https:\\\/\\\/www.florenceservanschreiber.com\\\/3kifsacademie\\\/produit\\\/50-outils-pour-reussir-a-lecole\\\/\",\"name\":\"50 outils pour r\u00e9ussir \u00e0 l'\u00e9cole - 3kifsacademie by Florence Servan-Schreiber\",\"isPartOf\":{\"@id\":\"https:\\\/\\\/www.florenceservanschreiber.com\\\/3kifsacademie\\\/#website\"},\"primaryImageOfPage\":{\"@id\":\"https:\\\/\\\/www.florenceservanschreiber.com\\\/3kifsacademie\\\/produit\\\/50-outils-pour-reussir-a-lecole\\\/#primaryimage\"},\"image\":{\"@id\":\"https:\\\/\\\/www.florenceservanschreiber.com\\\/3kifsacademie\\\/produit\\\/50-outils-pour-reussir-a-lecole\\\/#primaryimage\"},\"thumbnailUrl\":\"https:\\\/\\\/www.florenceservanschreiber.com\\\/3kifsacademie\\\/assets\\\/uploads\\\/2021\\\/04\\\/50-outils-reussir-ecole.png\",\"datePublished\":\"2021-04-29T07:37:39+00:00\",\"dateModified\":\"2024-12-06T09:40:14+00:00\",\"breadcrumb\":{\"@id\":\"https:\\\/\\\/www.florenceservanschreiber.com\\\/3kifsacademie\\\/produit\\\/50-outils-pour-reussir-a-lecole\\\/#breadcrumb\"},\"inLanguage\":\"fr-FR\",\"potentialAction\":[{\"@type\":\"ReadAction\",\"target\":[\"https:\\\/\\\/www.florenceservanschreiber.com\\\/3kifsacademie\\\/produit\\\/50-outils-pour-reussir-a-lecole\\\/\"]}]},{\"@type\":\"ImageObject\",\"inLanguage\":\"fr-FR\",\"@id\":\"https:\\\/\\\/www.florenceservanschreiber.com\\\/3kifsacademie\\\/produit\\\/50-outils-pour-reussir-a-lecole\\\/#primaryimage\",\"url\":\"https:\\\/\\\/www.florenceservanschreiber.com\\\/3kifsacademie\\\/assets\\\/uploads\\\/2021\\\/04\\\/50-outils-reussir-ecole.png\",\"contentUrl\":\"https:\\\/\\\/www.florenceservanschreiber.com\\\/3kifsacademie\\\/assets\\\/uploads\\\/2021\\\/04\\\/50-outils-reussir-ecole.png\",\"width\":1200,\"height\":640},{\"@type\":\"BreadcrumbList\",\"@id\":\"https:\\\/\\\/www.florenceservanschreiber.com\\\/3kifsacademie\\\/produit\\\/50-outils-pour-reussir-a-lecole\\\/#breadcrumb\",\"itemListElement\":[{\"@type\":\"ListItem\",\"position\":1,\"name\":\"Home\",\"item\":\"https:\\\/\\\/www.florenceservanschreiber.com\\\/3kifsacademie\\\/\"},{\"@type\":\"ListItem\",\"position\":2,\"name\":\"Boutique\",\"item\":\"https:\\\/\\\/www.florenceservanschreiber.com\\\/3kifsacademie\\\/boutique\\\/\"},{\"@type\":\"ListItem\",\"position\":3,\"name\":\"50 outils pour r\u00e9ussir \u00e0 l&#8217;\u00e9cole\"}]},{\"@type\":\"WebSite\",\"@id\":\"https:\\\/\\\/www.florenceservanschreiber.com\\\/3kifsacademie\\\/#website\",\"url\":\"https:\\\/\\\/www.florenceservanschreiber.com\\\/3kifsacademie\\\/\",\"name\":\"3kifsacademie by Florence Servan-Schreiber\",\"description\":\"Apprendre la psychologie positive, s&#039;\u00e9panouir et kiffer !\",\"potentialAction\":[{\"@type\":\"SearchAction\",\"target\":{\"@type\":\"EntryPoint\",\"urlTemplate\":\"https:\\\/\\\/www.florenceservanschreiber.com\\\/3kifsacademie\\\/?s={search_term_string}\"},\"query-input\":{\"@type\":\"PropertyValueSpecification\",\"valueRequired\":true,\"valueName\":\"search_term_string\"}}],\"inLanguage\":\"fr-FR\"}]}<\/script>\n<!-- \/ Yoast SEO plugin. -->","yoast_head_json":{"title":"50 outils pour r\u00e9ussir \u00e0 l'\u00e9cole - 3kifsacademie by Florence Servan-Schreiber","robots":{"index":"index","follow":"follow","max-snippet":"max-snippet:-1","max-image-preview":"max-image-preview:large","max-video-preview":"max-video-preview:-1"},"canonical":"https:\/\/www.florenceservanschreiber.com\/3kifsacademie\/produit\/50-outils-pour-reussir-a-lecole\/","og_locale":"fr_FR","og_type":"article","og_title":"50 outils pour r\u00e9ussir \u00e0 l'\u00e9cole - 3kifsacademie by Florence Servan-Schreiber","og_description":"5 modules, plus de 50 vid\u00e9os, des documents \u00e0 t\u00e9l\u00e9charger, des exercices&#8230;\u00a0 1. La concentration : Pr\u00e9sentation d&#8217;outils pour aider les jeunes \u00e0 se lib\u00e9rer...","og_url":"https:\/\/www.florenceservanschreiber.com\/3kifsacademie\/produit\/50-outils-pour-reussir-a-lecole\/","og_site_name":"3kifsacademie by Florence Servan-Schreiber","article_modified_time":"2024-12-06T09:40:14+00:00","og_image":[{"width":1200,"height":640,"url":"https:\/\/www.florenceservanschreiber.com\/3kifsacademie\/assets\/uploads\/2021\/04\/50-outils-reussir-ecole.png","type":"image\/png"}],"twitter_card":"summary_large_image","twitter_misc":{"Dur\u00e9e de lecture estim\u00e9e":"2 minutes"},"schema":{"@context":"https:\/\/schema.org","@graph":[{"@type":"WebPage","@id":"https:\/\/www.florenceservanschreiber.com\/3kifsacademie\/produit\/50-outils-pour-reussir-a-lecole\/","url":"https:\/\/www.florenceservanschreiber.com\/3kifsacademie\/produit\/50-outils-pour-reussir-a-lecole\/","name":"50 outils pour r\u00e9ussir \u00e0 l'\u00e9cole - 3kifsacademie by Florence Servan-Schreiber","isPartOf":{"@id":"https:\/\/www.florenceservanschreiber.com\/3kifsacademie\/#website"},"primaryImageOfPage":{"@id":"https:\/\/www.florenceservanschreiber.com\/3kifsacademie\/produit\/50-outils-pour-reussir-a-lecole\/#primaryimage"},"image":{"@id":"https:\/\/www.florenceservanschreiber.com\/3kifsacademie\/produit\/50-outils-pour-reussir-a-lecole\/#primaryimage"},"thumbnailUrl":"https:\/\/www.florenceservanschreiber.com\/3kifsacademie\/assets\/uploads\/2021\/04\/50-outils-reussir-ecole.png","datePublished":"2021-04-29T07:37:39+00:00","dateModified":"2024-12-06T09:40:14+00:00","breadcrumb":{"@id":"https:\/\/www.florenceservanschreiber.com\/3kifsacademie\/produit\/50-outils-pour-reussir-a-lecole\/#breadcrumb"},"inLanguage":"fr-FR","potentialAction":[{"@type":"ReadAction","target":["https:\/\/www.florenceservanschreiber.com\/3kifsacademie\/produit\/50-outils-pour-reussir-a-lecole\/"]}]},{"@type":"ImageObject","inLanguage":"fr-FR","@id":"https:\/\/www.florenceservanschreiber.com\/3kifsacademie\/produit\/50-outils-pour-reussir-a-lecole\/#primaryimage","url":"https:\/\/www.florenceservanschreiber.com\/3kifsacademie\/assets\/uploads\/2021\/04\/50-outils-reussir-ecole.png","contentUrl":"https:\/\/www.florenceservanschreiber.com\/3kifsacademie\/assets\/uploads\/2021\/04\/50-outils-reussir-ecole.png","width":1200,"height":640},{"@type":"BreadcrumbList","@id":"https:\/\/www.florenceservanschreiber.com\/3kifsacademie\/produit\/50-outils-pour-reussir-a-lecole\/#breadcrumb","itemListElement":[{"@type":"ListItem","position":1,"name":"Home","item":"https:\/\/www.florenceservanschreiber.com\/3kifsacademie\/"},{"@type":"ListItem","position":2,"name":"Boutique","item":"https:\/\/www.florenceservanschreiber.com\/3kifsacademie\/boutique\/"},{"@type":"ListItem","position":3,"name":"50 outils pour r\u00e9ussir \u00e0 l&#8217;\u00e9cole"}]},{"@type":"WebSite","@id":"https:\/\/www.florenceservanschreiber.com\/3kifsacademie\/#website","url":"https:\/\/www.florenceservanschreiber.com\/3kifsacademie\/","name":"3kifsacademie by Florence Servan-Schreiber","description":"Apprendre la psychologie positive, s&#039;\u00e9panouir et kiffer !","potentialAction":[{"@type":"SearchAction","target":{"@type":"EntryPoint","urlTemplate":"https:\/\/www.florenceservanschreiber.com\/3kifsacademie\/?s={search_term_string}"},"query-input":{"@type":"PropertyValueSpecification","valueRequired":true,"valueName":"search_term_string"}}],"inLanguage":"fr-FR"}]}},"_links":{"self":[{"href":"https:\/\/www.florenceservanschreiber.com\/3kifsacademie\/wp-json\/wp\/v2\/product\/43071","targetHints":{"allow":["GET"]}}],"collection":[{"href":"https:\/\/www.florenceservanschreiber.com\/3kifsacademie\/wp-json\/wp\/v2\/product"}],"about":[{"href":"https:\/\/www.florenceservanschreiber.com\/3kifsacademie\/wp-json\/wp\/v2\/types\/product"}],"version-history":[{"count":0,"href":"https:\/\/www.florenceservanschreiber.com\/3kifsacademie\/wp-json\/wp\/v2\/product\/43071\/revisions"}],"wp:featuredmedia":[{"embeddable":true,"href":"https:\/\/www.florenceservanschreiber.com\/3kifsacademie\/wp-json\/wp\/v2\/media\/43072"}],"wp:attachment":[{"href":"https:\/\/www.florenceservanschreiber.com\/3kifsacademie\/wp-json\/wp\/v2\/media?parent=43071"}],"wp:term":[{"taxonomy":"product_brand","embeddable":true,"href":"https:\/\/www.florenceservanschreiber.com\/3kifsacademie\/wp-json\/wp\/v2\/product_brand?post=43071"},{"taxonomy":"product_cat","embeddable":true,"href":"https:\/\/www.florenceservanschreiber.com\/3kifsacademie\/wp-json\/wp\/v2\/product_cat?post=43071"},{"taxonomy":"product_tag","embeddable":true,"href":"https:\/\/www.florenceservanschreiber.com\/3kifsacademie\/wp-json\/wp\/v2\/product_tag?post=43071"}],"curies":[{"name":"wp","href":"https:\/\/api.w.org\/{rel}","templated":true}]}}