{"id":33330,"date":"2019-11-28T17:41:09","date_gmt":"2019-11-28T16:41:09","guid":{"rendered":"https:\/\/www.florenceservanschreiber.com\/3kifsacademie\/?post_type=product&#038;p=33330"},"modified":"2021-06-22T14:29:13","modified_gmt":"2021-06-22T12:29:13","slug":"3-kifs-par-jour-le-kit","status":"publish","type":"product","link":"https:\/\/www.florenceservanschreiber.com\/3kifsacademie\/produit\/3-kifs-par-jour-le-kit\/","title":{"rendered":"3 kifs par jour &#8211; le kit"},"content":{"rendered":"<p><strong>Edition popup Hiver 2019<\/strong><\/p>\n<p>&nbsp;<\/p>\n<p><span style=\"font-weight: 400;\">Le bonheur se travaille. Avec un peu d\u2019information et un soup\u00e7on de pratique on peut introduire dans sa vie plus de plaisir, d\u2019engagement et de sens, les trois ingr\u00e9dients d\u2019une vie riche et satisfaisante.<\/span><\/p>\n<p>&nbsp;<\/p>\n<p><span style=\"font-weight: 400;\">La seule condition pour r\u00e9colter ces b\u00e9n\u00e9fices est de commencer quelque part.<\/span><\/p>\n<p>&nbsp;<\/p>\n<p><span style=\"font-weight: 400;\">V<\/span><span style=\"font-weight: 400;\">oici votre kit 3 kifs par jour pour d\u00e9marrer votre apprentissage de ce que la science nous apprend sur l\u2019\u00e9panouissement et mettre ses enseignements en pratique dans l\u2019exercice de votre quotidien.<\/span><\/p>\n<p>&nbsp;<\/p>\n<p><strong>Il contient :\u00a0<\/strong><\/p>\n<p><span style=\"font-weight: 400;\"><span class=\"rouge\"><strong><span class=\"etoileRouge\">\u00a0 <\/span>le best seller de Florence Servan-Schreiber :\u00a0<\/strong> <strong>3 kifs par jour et autres rituels recommand\u00e9s par la science<\/strong><\/span>, <\/span><span style=\"font-weight: 400;\">300 pages de d\u00e9couvertes, de t\u00e9moignage, d\u2019exercices et de questions pour :\u00a0<\/span><\/p>\n<ul>\n<li style=\"font-weight: 400;\"><span style=\"font-weight: 400;\">Apprendre \u00e0 voir les choses autrement\u00a0<\/span><\/li>\n<li style=\"font-weight: 400;\"><span style=\"font-weight: 400;\">D\u00e9velopper un optimisme r\u00e9aliste\u00a0<\/span><\/li>\n<li style=\"font-weight: 400;\"><span style=\"font-weight: 400;\">Poursuivre un objectif qui amplifie le bonheur\u00a0<\/span><\/li>\n<li style=\"font-weight: 400;\"><span style=\"font-weight: 400;\">D\u00e9velopper ses capacit\u00e9s plut\u00f4t que corriger ses d\u00e9fauts\u00a0<\/span><\/li>\n<li style=\"font-weight: 400;\"><span style=\"font-weight: 400;\">Apprendre \u00e0 se conna\u00eetre pour utiliser ses comp\u00e9tences\u00a0<\/span><\/li>\n<li style=\"font-weight: 400;\"><span style=\"font-weight: 400;\">Trouver sa vocation\u00a0<\/span><\/li>\n<li style=\"font-weight: 400;\"><span style=\"font-weight: 400;\">Etre imparfait<\/span><\/li>\n<li style=\"font-weight: 400;\"><span style=\"font-weight: 400;\">Aimer son maintenant<\/span><\/li>\n<li style=\"font-weight: 400;\"><span style=\"font-weight: 400;\">Exprimer sa gratitude<\/span><\/li>\n<li style=\"font-weight: 400;\"><span style=\"font-weight: 400;\">Et surtout, savourer sa vie<\/span><\/li>\n<\/ul>\n<p><iframe loading=\"lazy\" title=\"3 kifs par jour par Florence Servan-Schreiber\" frameborder=\"0\" width=\"500\" height=\"287\" src=\"https:\/\/geo.dailymotion.com\/player.html?video=xgtkay&#038;\" allowfullscreen allow=\"autoplay; fullscreen; picture-in-picture; web-share\"><\/iframe><\/p>\n<p>&nbsp;<\/p>\n<p><span class=\"rouge\"><strong><span class=\"etoileRouge\">\u00a0 <\/span>l\u2019atelier en ligne : Etre plus heureux sans effort<\/strong><\/span><\/p>\n<p><span style=\"font-weight: 400;\">Un parcours de 7 jours \u00e0 entreprendre chez soi pour d\u00e9busquer ses envies et d\u00e9couvrir la liste de ce que l\u2019on veut, profond\u00e9ment.<\/span><\/p>\n<p><span style=\"font-weight: 400;\">En d\u2019autres termes, que veut-on :<\/span><\/p>\n<ul>\n<li style=\"font-weight: 400;\"><span style=\"font-weight: 400;\">vivre,<\/span><\/li>\n<li style=\"font-weight: 400;\"><span style=\"font-weight: 400;\">ressentir,<\/span><\/li>\n<li style=\"font-weight: 400;\"><span style=\"font-weight: 400;\">accomplir<\/span><\/li>\n<li style=\"font-weight: 400;\"><span style=\"font-weight: 400;\">ou signer ?<\/span><\/li>\n<\/ul>\n<p><span style=\"font-weight: 400;\">Il est enrichissant d\u2019\u00eatre guid\u00e9 dans cette r\u00e9flexion pour se poser les bonnes questions.<\/span><\/p>\n<p><iframe loading=\"lazy\" title=\"Auto atelier : Etre plus heureux sans effort\" src=\"https:\/\/player.vimeo.com\/video\/149147946?dnt=1&amp;app_id=122963\" width=\"500\" height=\"281\" frameborder=\"0\" allow=\"autoplay; fullscreen; picture-in-picture; clipboard-write; encrypted-media\"><\/iframe><\/p>\n<p>&nbsp;<\/p>\n<p><span style=\"font-weight: 400;\">Plus de 150 000 personnes ont d\u00e9j\u00e0 tir\u00e9 des b\u00e9n\u00e9fici\u00e9 de ces enseignements. Parce que mieux se conna\u00eetre est la cl\u00e9 pour apprendre \u00e0 kiffer qui on est.\u00a0<\/span><\/p>\n<p>&nbsp;<\/p>\n<p style=\"text-align: center;\"><strong>Les envois seront r\u00e9alis\u00e9s \u00e0 partir du mardi 3 d\u00e9cembre. Comptez 8 jours calendaires \u00e0 partir de votre commande.<\/strong><\/p>\n<p style=\"text-align: center;\"><strong>Si vous souhaitez l\u2019offrir en cadeau \u00e0 un proche, vous recevrez chez vous le livre avec le code \u00e0 lui remettre pour l\u2019atelier en ligne.\u00a0<\/strong><strong>Si vous souhaitez que le kit lui parvienne directement, indiquez son adresse compl\u00e8te lors de la commande sous \u201cExp\u00e9dier \u00e0 une adresse diff\u00e9rente\u201d.<\/strong><\/p>\n","protected":false},"excerpt":{"rendered":"<p style=\"text-align: center;\"><strong>Pour aborder ce que la science nous apprend sur l\u2019\u00e9panouissement et mettre ses enseignements en pratique dans l\u2019exercice de votre quotidien<\/strong><\/p>\n","protected":false},"featured_media":33331,"template":"","meta":{"_acf_changed":false,"_et_pb_use_builder":"","_et_pb_old_content":"","_et_gb_content_width":"","footnotes":""},"product_brand":[],"product_cat":[16,18],"product_tag":[70,71,162,72],"class_list":{"0":"post-33330","1":"product","2":"type-product","3":"status-publish","4":"has-post-thumbnail","6":"product_cat-cours","7":"product_cat-premium","8":"product_tag-3-kifs-par-jour","9":"product_tag-etre-plus-heureux-sans-effort","10":"product_tag-kit","11":"product_tag-kit-noel","12":"product_shipping_class-livraison-kits","14":"first","15":"outofstock","16":"taxable","17":"shipping-taxable","18":"purchasable","19":"product-type-simple"},"acf":[],"yoast_head":"<!-- This site is optimized with the Yoast SEO plugin v27.4 - https:\/\/yoast.com\/product\/yoast-seo-wordpress\/ -->\n<title>3 kifs par jour - le kit - 3kifsacademie by Florence Servan-Schreiber<\/title>\n<meta name=\"robots\" content=\"index, follow, max-snippet:-1, max-image-preview:large, max-video-preview:-1\" \/>\n<link rel=\"canonical\" href=\"https:\/\/www.florenceservanschreiber.com\/3kifsacademie\/produit\/3-kifs-par-jour-le-kit\/\" \/>\n<meta property=\"og:locale\" content=\"fr_FR\" \/>\n<meta property=\"og:type\" content=\"article\" \/>\n<meta property=\"og:title\" content=\"3 kifs par jour - le kit - 3kifsacademie by Florence Servan-Schreiber\" \/>\n<meta property=\"og:description\" content=\"Pour aborder ce que la science nous apprend sur l\u2019\u00e9panouissement et mettre ses enseignements en pratique dans l\u2019exercice de votre quotidien\" \/>\n<meta property=\"og:url\" content=\"https:\/\/www.florenceservanschreiber.com\/3kifsacademie\/produit\/3-kifs-par-jour-le-kit\/\" \/>\n<meta property=\"og:site_name\" content=\"3kifsacademie by Florence Servan-Schreiber\" \/>\n<meta property=\"article:modified_time\" content=\"2021-06-22T12:29:13+00:00\" \/>\n<meta property=\"og:image\" content=\"https:\/\/www.florenceservanschreiber.com\/3kifsacademie\/assets\/uploads\/2019\/11\/kit-noel19-3kifs.png\" \/>\n\t<meta property=\"og:image:width\" content=\"1200\" \/>\n\t<meta property=\"og:image:height\" content=\"640\" \/>\n\t<meta property=\"og:image:type\" content=\"image\/png\" \/>\n<meta name=\"twitter:card\" content=\"summary_large_image\" \/>\n<meta name=\"twitter:label1\" content=\"Dur\u00e9e de lecture estim\u00e9e\" \/>\n\t<meta name=\"twitter:data1\" content=\"2 minutes\" \/>\n<script type=\"application\/ld+json\" class=\"yoast-schema-graph\">{\"@context\":\"https:\\\/\\\/schema.org\",\"@graph\":[{\"@type\":\"WebPage\",\"@id\":\"https:\\\/\\\/www.florenceservanschreiber.com\\\/3kifsacademie\\\/produit\\\/3-kifs-par-jour-le-kit\\\/\",\"url\":\"https:\\\/\\\/www.florenceservanschreiber.com\\\/3kifsacademie\\\/produit\\\/3-kifs-par-jour-le-kit\\\/\",\"name\":\"3 kifs par jour - le kit - 3kifsacademie by Florence Servan-Schreiber\",\"isPartOf\":{\"@id\":\"https:\\\/\\\/www.florenceservanschreiber.com\\\/3kifsacademie\\\/#website\"},\"primaryImageOfPage\":{\"@id\":\"https:\\\/\\\/www.florenceservanschreiber.com\\\/3kifsacademie\\\/produit\\\/3-kifs-par-jour-le-kit\\\/#primaryimage\"},\"image\":{\"@id\":\"https:\\\/\\\/www.florenceservanschreiber.com\\\/3kifsacademie\\\/produit\\\/3-kifs-par-jour-le-kit\\\/#primaryimage\"},\"thumbnailUrl\":\"https:\\\/\\\/www.florenceservanschreiber.com\\\/3kifsacademie\\\/assets\\\/uploads\\\/2019\\\/11\\\/kit-noel19-3kifs.png\",\"datePublished\":\"2019-11-28T16:41:09+00:00\",\"dateModified\":\"2021-06-22T12:29:13+00:00\",\"breadcrumb\":{\"@id\":\"https:\\\/\\\/www.florenceservanschreiber.com\\\/3kifsacademie\\\/produit\\\/3-kifs-par-jour-le-kit\\\/#breadcrumb\"},\"inLanguage\":\"fr-FR\",\"potentialAction\":[{\"@type\":\"ReadAction\",\"target\":[\"https:\\\/\\\/www.florenceservanschreiber.com\\\/3kifsacademie\\\/produit\\\/3-kifs-par-jour-le-kit\\\/\"]}]},{\"@type\":\"ImageObject\",\"inLanguage\":\"fr-FR\",\"@id\":\"https:\\\/\\\/www.florenceservanschreiber.com\\\/3kifsacademie\\\/produit\\\/3-kifs-par-jour-le-kit\\\/#primaryimage\",\"url\":\"https:\\\/\\\/www.florenceservanschreiber.com\\\/3kifsacademie\\\/assets\\\/uploads\\\/2019\\\/11\\\/kit-noel19-3kifs.png\",\"contentUrl\":\"https:\\\/\\\/www.florenceservanschreiber.com\\\/3kifsacademie\\\/assets\\\/uploads\\\/2019\\\/11\\\/kit-noel19-3kifs.png\",\"width\":1200,\"height\":640},{\"@type\":\"BreadcrumbList\",\"@id\":\"https:\\\/\\\/www.florenceservanschreiber.com\\\/3kifsacademie\\\/produit\\\/3-kifs-par-jour-le-kit\\\/#breadcrumb\",\"itemListElement\":[{\"@type\":\"ListItem\",\"position\":1,\"name\":\"Home\",\"item\":\"https:\\\/\\\/www.florenceservanschreiber.com\\\/3kifsacademie\\\/\"},{\"@type\":\"ListItem\",\"position\":2,\"name\":\"Boutique\",\"item\":\"https:\\\/\\\/www.florenceservanschreiber.com\\\/3kifsacademie\\\/boutique\\\/\"},{\"@type\":\"ListItem\",\"position\":3,\"name\":\"3 kifs par jour &#8211; le kit\"}]},{\"@type\":\"WebSite\",\"@id\":\"https:\\\/\\\/www.florenceservanschreiber.com\\\/3kifsacademie\\\/#website\",\"url\":\"https:\\\/\\\/www.florenceservanschreiber.com\\\/3kifsacademie\\\/\",\"name\":\"3kifsacademie by Florence Servan-Schreiber\",\"description\":\"Apprendre la psychologie positive, s&#039;\u00e9panouir et kiffer !\",\"potentialAction\":[{\"@type\":\"SearchAction\",\"target\":{\"@type\":\"EntryPoint\",\"urlTemplate\":\"https:\\\/\\\/www.florenceservanschreiber.com\\\/3kifsacademie\\\/?s={search_term_string}\"},\"query-input\":{\"@type\":\"PropertyValueSpecification\",\"valueRequired\":true,\"valueName\":\"search_term_string\"}}],\"inLanguage\":\"fr-FR\"}]}<\/script>\n<!-- \/ Yoast SEO plugin. -->","yoast_head_json":{"title":"3 kifs par jour - le kit - 3kifsacademie by Florence Servan-Schreiber","robots":{"index":"index","follow":"follow","max-snippet":"max-snippet:-1","max-image-preview":"max-image-preview:large","max-video-preview":"max-video-preview:-1"},"canonical":"https:\/\/www.florenceservanschreiber.com\/3kifsacademie\/produit\/3-kifs-par-jour-le-kit\/","og_locale":"fr_FR","og_type":"article","og_title":"3 kifs par jour - le kit - 3kifsacademie by Florence Servan-Schreiber","og_description":"Pour aborder ce que la science nous apprend sur l\u2019\u00e9panouissement et mettre ses enseignements en pratique dans l\u2019exercice de votre quotidien","og_url":"https:\/\/www.florenceservanschreiber.com\/3kifsacademie\/produit\/3-kifs-par-jour-le-kit\/","og_site_name":"3kifsacademie by Florence Servan-Schreiber","article_modified_time":"2021-06-22T12:29:13+00:00","og_image":[{"width":1200,"height":640,"url":"https:\/\/www.florenceservanschreiber.com\/3kifsacademie\/assets\/uploads\/2019\/11\/kit-noel19-3kifs.png","type":"image\/png"}],"twitter_card":"summary_large_image","twitter_misc":{"Dur\u00e9e de lecture estim\u00e9e":"2 minutes"},"schema":{"@context":"https:\/\/schema.org","@graph":[{"@type":"WebPage","@id":"https:\/\/www.florenceservanschreiber.com\/3kifsacademie\/produit\/3-kifs-par-jour-le-kit\/","url":"https:\/\/www.florenceservanschreiber.com\/3kifsacademie\/produit\/3-kifs-par-jour-le-kit\/","name":"3 kifs par jour - le kit - 3kifsacademie by Florence Servan-Schreiber","isPartOf":{"@id":"https:\/\/www.florenceservanschreiber.com\/3kifsacademie\/#website"},"primaryImageOfPage":{"@id":"https:\/\/www.florenceservanschreiber.com\/3kifsacademie\/produit\/3-kifs-par-jour-le-kit\/#primaryimage"},"image":{"@id":"https:\/\/www.florenceservanschreiber.com\/3kifsacademie\/produit\/3-kifs-par-jour-le-kit\/#primaryimage"},"thumbnailUrl":"https:\/\/www.florenceservanschreiber.com\/3kifsacademie\/assets\/uploads\/2019\/11\/kit-noel19-3kifs.png","datePublished":"2019-11-28T16:41:09+00:00","dateModified":"2021-06-22T12:29:13+00:00","breadcrumb":{"@id":"https:\/\/www.florenceservanschreiber.com\/3kifsacademie\/produit\/3-kifs-par-jour-le-kit\/#breadcrumb"},"inLanguage":"fr-FR","potentialAction":[{"@type":"ReadAction","target":["https:\/\/www.florenceservanschreiber.com\/3kifsacademie\/produit\/3-kifs-par-jour-le-kit\/"]}]},{"@type":"ImageObject","inLanguage":"fr-FR","@id":"https:\/\/www.florenceservanschreiber.com\/3kifsacademie\/produit\/3-kifs-par-jour-le-kit\/#primaryimage","url":"https:\/\/www.florenceservanschreiber.com\/3kifsacademie\/assets\/uploads\/2019\/11\/kit-noel19-3kifs.png","contentUrl":"https:\/\/www.florenceservanschreiber.com\/3kifsacademie\/assets\/uploads\/2019\/11\/kit-noel19-3kifs.png","width":1200,"height":640},{"@type":"BreadcrumbList","@id":"https:\/\/www.florenceservanschreiber.com\/3kifsacademie\/produit\/3-kifs-par-jour-le-kit\/#breadcrumb","itemListElement":[{"@type":"ListItem","position":1,"name":"Home","item":"https:\/\/www.florenceservanschreiber.com\/3kifsacademie\/"},{"@type":"ListItem","position":2,"name":"Boutique","item":"https:\/\/www.florenceservanschreiber.com\/3kifsacademie\/boutique\/"},{"@type":"ListItem","position":3,"name":"3 kifs par jour &#8211; le kit"}]},{"@type":"WebSite","@id":"https:\/\/www.florenceservanschreiber.com\/3kifsacademie\/#website","url":"https:\/\/www.florenceservanschreiber.com\/3kifsacademie\/","name":"3kifsacademie by Florence Servan-Schreiber","description":"Apprendre la psychologie positive, s&#039;\u00e9panouir et kiffer !","potentialAction":[{"@type":"SearchAction","target":{"@type":"EntryPoint","urlTemplate":"https:\/\/www.florenceservanschreiber.com\/3kifsacademie\/?s={search_term_string}"},"query-input":{"@type":"PropertyValueSpecification","valueRequired":true,"valueName":"search_term_string"}}],"inLanguage":"fr-FR"}]}},"_links":{"self":[{"href":"https:\/\/www.florenceservanschreiber.com\/3kifsacademie\/wp-json\/wp\/v2\/product\/33330","targetHints":{"allow":["GET"]}}],"collection":[{"href":"https:\/\/www.florenceservanschreiber.com\/3kifsacademie\/wp-json\/wp\/v2\/product"}],"about":[{"href":"https:\/\/www.florenceservanschreiber.com\/3kifsacademie\/wp-json\/wp\/v2\/types\/product"}],"version-history":[{"count":0,"href":"https:\/\/www.florenceservanschreiber.com\/3kifsacademie\/wp-json\/wp\/v2\/product\/33330\/revisions"}],"wp:featuredmedia":[{"embeddable":true,"href":"https:\/\/www.florenceservanschreiber.com\/3kifsacademie\/wp-json\/wp\/v2\/media\/33331"}],"wp:attachment":[{"href":"https:\/\/www.florenceservanschreiber.com\/3kifsacademie\/wp-json\/wp\/v2\/media?parent=33330"}],"wp:term":[{"taxonomy":"product_brand","embeddable":true,"href":"https:\/\/www.florenceservanschreiber.com\/3kifsacademie\/wp-json\/wp\/v2\/product_brand?post=33330"},{"taxonomy":"product_cat","embeddable":true,"href":"https:\/\/www.florenceservanschreiber.com\/3kifsacademie\/wp-json\/wp\/v2\/product_cat?post=33330"},{"taxonomy":"product_tag","embeddable":true,"href":"https:\/\/www.florenceservanschreiber.com\/3kifsacademie\/wp-json\/wp\/v2\/product_tag?post=33330"}],"curies":[{"name":"wp","href":"https:\/\/api.w.org\/{rel}","templated":true}]}}