{"id":31731,"date":"2019-07-09T12:21:03","date_gmt":"2019-07-09T10:21:03","guid":{"rendered":"https:\/\/www.florenceservanschreiber.com\/3kifsacademie\/?post_type=product&#038;p=31731"},"modified":"2023-10-17T17:15:12","modified_gmt":"2023-10-17T15:15:12","slug":"presenter-le-meilleur-de-soi-latelier-en-ville","status":"publish","type":"product","link":"https:\/\/www.florenceservanschreiber.com\/3kifsacademie\/produit\/presenter-le-meilleur-de-soi-latelier-en-ville\/","title":{"rendered":"Pr\u00e9senter le meilleur de soi &#8211; l&#8217;atelier en ville"},"content":{"rendered":"<p><strong>Une journ\u00e9e d\u2019apprentissage et\u00a0d\u2019exp\u00e9rimentation des cl\u00e9s des meilleurs orateurs, conteurs et charmeurs : \u00e9criture, pr\u00e9sence, audace &amp; singularit\u00e9.<\/strong><\/p>\n<p>Cet atelier vous permet d&#8217;aller\u00a0\u00e0 la rencontre du meilleur de vous-m\u00eame pour savoir le pr\u00e9senter. Pas le meilleur qui sert \u00e0 avoir des bonnes notes. Plut\u00f4t celui qui nous fait vivre les moments les plus enrichissants. Ceux qui nous confortent dans le plaisir d&#8217;\u00eatre qui nous sommes, comme nous sommes.<\/p>\n<p><strong>Cet atelier est pour vous si :<\/strong><\/p>\n<ul>\n<li>Vous r\u00eavez d\u2019\u00e9crire un talk* sur votre travail, votre exp\u00e9rience, vos d\u00e9couvertes, vos passions, ou vous ne savez pas\u00a0encore tr\u00e8s bien sur quoi<\/li>\n<li>A la \u00a0question\u00a0\u201cet toi tu fais quoi dans la vie ?&#8221;, vous voulez trouver une r\u00e9ponse plus sexy<\/li>\n<li>La sc\u00e8ne vous attire autant qu\u2019elle vous effraie<\/li>\n<li>Vous avez envie de kiffer en vous racontant<\/li>\n<\/ul>\n<p>*pr\u00e9sentation, speech, mini-conf\u00e9rence<\/p>\n<p><iframe loading=\"lazy\" title=\"Pr\u00e9senter le meilleur de soi - Un atelier anim\u00e9 par Lucie Chabat\" width=\"500\" height=\"281\" src=\"https:\/\/www.youtube.com\/embed\/JuZ05zp39JM?feature=oembed\" frameborder=\"0\" allow=\"accelerometer; autoplay; clipboard-write; encrypted-media; gyroscope; picture-in-picture; web-share\" referrerpolicy=\"strict-origin-when-cross-origin\" allowfullscreen><\/iframe><\/p>\n<p><strong>Un\u00a0atelier pour raconter le meilleur de soi, \u00e0 Paris.\u00a0<\/strong><\/p>\n<h2>QUE S&#8217;Y PASSE-T-IL ?<\/h2>\n<p>Au cours de cet atelier dans la vie r\u00e9elle, \u00e0 la 3 Kifs Acad\u00e9mie, <a href=\"https:\/\/www.florenceservanschreiber.com\/3kifsacademie\/professeur\/lucie-chabat\/\"><strong>Lucie Chabat<\/strong><\/a>, notre professeure d&#8217;expression va explorer avec vous les cl\u00e9s des orateurs, conf\u00e9renciers et acteurs,\u00a0<strong>pour pr\u00e9senter le meilleur de soi.\u00a0\u00a0\u00a0<\/strong><\/p>\n<p>Dans la pratique, vous venez \u00e9quip\u00e9(e) de <strong>votre cahier pr\u00e9f\u00e9r\u00e9 ou de votre ordinateur<\/strong>\u00a0(charg\u00e9).<\/p>\n<p><strong>Les objectifs de cette journ\u00e9e sont :\u00a0<\/strong><\/p>\n<ul>\n<li>Choisir le bon\u00a0sujet<\/li>\n<li>\u00c9crire son texte<\/li>\n<li>Identifier ses points forts<\/li>\n<li>Oser prendre sa place<\/li>\n<li>S\u2019entra\u00eener pour progresser<\/li>\n<li>Recevoir du feedback<\/li>\n<li>Kiffer<\/li>\n<\/ul>\n<h2>LES BENEFICES DE CET ATELIER :<\/h2>\n<p>Vous repartez avec :<\/p>\n<ul>\n<li>Les cl\u00e9s d\u2019un r\u00e9cit r\u00e9ussi<\/li>\n<li>La vid\u00e9o de vos exploits<\/li>\n<li>De l\u2019exp\u00e9rience acquise \u00e0 jamais<\/li>\n<li>Une\u00a0bonne histoire \u00e0 raconter<\/li>\n<\/ul>\n<h2>T\u00e9moignages<\/h2>\n<div>Extraits du questionnaire post-atelier :<\/div>\n<div>\u00a0<\/div>\n<div class=\"freebirdCommonAnalyticsTextResponse\">&#8220;Un moment formidablement enrichissant, pratique, \u00e9quilibr\u00e9, inspirant&#8221;<\/div>\n<div class=\"freebirdCommonAnalyticsTextResponse\">&#8220;Si tu ne sais pas comment parler de toi positivement, inscris-toi !&#8221;<\/div>\n<div class=\"freebirdCommonAnalyticsTextResponse\">&#8220;belle exp\u00e9rience humaine enrichissante avec de belles rencontres&#8221;<\/div>\n<div class=\"freebirdCommonAnalyticsTextResponse\">&#8220;Super atelier pour te d\u00e9bloquer de prendre la parole en publique et te donner confiance en toi&#8221;<\/div>\n<div class=\"freebirdCommonAnalyticsTextResponse\">&#8220;Entra\u00eenant, dynamisant, on prend confiance en soi, on ose&#8221;<\/div>\n<div>&#8220;un atelier qui te permet de trouver et d&#8217;exprimer le meilleur de toi, qui te (re)met sur ton chemin et te booste \u00e0 fond pour la suite !&#8221;<\/div>\n<h2>Questions pratiques<\/h2>\n<ul>\n<li><strong>Prochaine date<\/strong> :<\/li>\n<\/ul>\n<p>Lundi 13 juin 2022<\/p>\n<ul>\n<li><strong>Dur\u00e9e<\/strong> : de 10h00 \u00e0 18h00<\/li>\n<\/ul>\n<ul>\n<li><strong>Nombre de participants maximum<\/strong> : 12<\/li>\n<\/ul>\n<ul>\n<li><strong>Co\u00fbt<\/strong> : 180\u20ac<\/li>\n<\/ul>\n<ul>\n<li><strong>Lieu :\u00a0<\/strong>A Paris, dans un lieu tenu secret. L\u2019adresse exacte vous sera communiqu\u00e9e lorsque votre inscription sera valid\u00e9e. Nous opterons pour le mode visioconf\u00e9rence si les conditions sanitaires venaient \u00e0 changer.<\/li>\n<\/ul>\n<ul>\n<li><strong>Sera-t-on libre \u00e0 d\u00e9jeuner ?\u00a0<\/strong>Oui, vous aurez\u00a01h pour prendre l&#8217;air et vous alimenter.<\/li>\n<li><strong>Peut-on venir avec une copine ?\u00a0<\/strong>Certainement, mais l&#8217;anonymat du groupe apporte aussi beaucoup de libert\u00e9. Les deux ont leur avantage.<\/li>\n<li><strong>Tenue :<\/strong>\u00a0l&#8217;atelier comporte des exercices debout et en mouvement (rien de tr\u00e8s acrobatique, on vous rassure), optez plut\u00f4t pour une tenue confortable mais dans laquelle\u00a0vous vous aimez\u00a0bien puisque vous serez film\u00e9(e)s en fin d&#8217;atelier.<\/li>\n<li><strong><strong>\u00c0 quoi \u00e7a sert, en vrai ? <\/strong><\/strong>\u00c0 \u00e9crire le talk qui vous fait envie, \u00e0 apprendre des techniques issues du th\u00e9\u00e2tre et du chant pour placer votre corps et votre voix, \u00e0 exp\u00e9rimenter par le jeu et vous laisser surprendre par l&#8217;orateur qui est en vous, \u00e0 explorer ce qui, dans votre vie, retiendra forc\u00e9ment l&#8217;attention, \u00e0 d\u00e9couvrir les ingr\u00e9dients des talks efficaces, \u00e0 vous entra\u00eener \u00e0 prendre la parole en public, \u00e9couter et \u00eatre \u00e9cout\u00e9(e), \u00e0 apprendre les trucs de pros pour g\u00e9rer son stress et maintenir son auditoire en haleine, \u00e0 avoir surmont\u00e9 ce qui vous faisait peur.<\/li>\n<\/ul>\n<ul>\n<li><strong>Si je souhaite annuler ma venue ?<\/strong> \u00e0 moins de 3 semaines de l&#8217;atelier, pas de remboursement sauf si une personne de la liste d&#8217;attente s&#8217;inscrit \u00e0 votre place.<\/li>\n<\/ul>\n","protected":false},"excerpt":{"rendered":"<p>Une journ\u00e9e d\u2019apprentissage et d\u2019exp\u00e9rimentation des cl\u00e9s des meilleurs orateurs, conteurs et charmeurs.<\/p>\n","protected":false},"featured_media":29078,"template":"","meta":{"_acf_changed":false,"_et_pb_use_builder":"","_et_pb_old_content":"","_et_gb_content_width":"","footnotes":""},"product_brand":[],"product_cat":[16,65],"product_tag":[150,92,154,151,93,152,153],"class_list":{"0":"post-31731","1":"product","2":"type-product","3":"status-publish","4":"has-post-thumbnail","6":"product_cat-cours","7":"product_cat-en-ville","8":"product_tag-atelier","9":"product_tag-lucie-chabat","10":"product_tag-prendre-la-parole","11":"product_tag-presentation","12":"product_tag-se-presenter","13":"product_tag-speech","14":"product_tag-talk","16":"first","17":"outofstock","18":"taxable","19":"shipping-taxable","20":"purchasable","21":"product-type-simple"},"acf":[],"yoast_head":"<!-- This site is optimized with the Yoast SEO plugin v27.4 - https:\/\/yoast.com\/product\/yoast-seo-wordpress\/ -->\n<title>Pr\u00e9senter le meilleur de soi - l&#039;atelier en ville - 3kifsacademie by Florence Servan-Schreiber<\/title>\n<meta name=\"description\" content=\"Lucie Chabat, notre professeure d&#039;expression va explorer avec vous les cl\u00e9s des orateurs, conf\u00e9renciers et acteurs,\u00a0pour pr\u00e9senter le meilleur de soi.\" \/>\n<meta name=\"robots\" content=\"index, follow, max-snippet:-1, max-image-preview:large, max-video-preview:-1\" \/>\n<link rel=\"canonical\" href=\"https:\/\/www.florenceservanschreiber.com\/3kifsacademie\/produit\/presenter-le-meilleur-de-soi-latelier-en-ville\/\" \/>\n<meta property=\"og:locale\" content=\"fr_FR\" \/>\n<meta property=\"og:type\" content=\"article\" \/>\n<meta property=\"og:title\" content=\"Pr\u00e9senter le meilleur de soi - l&#039;atelier en ville - 3kifsacademie by Florence Servan-Schreiber\" \/>\n<meta property=\"og:description\" content=\"Lucie Chabat, notre professeure d&#039;expression va explorer avec vous les cl\u00e9s des orateurs, conf\u00e9renciers et acteurs,\u00a0pour pr\u00e9senter le meilleur de soi.\" \/>\n<meta property=\"og:url\" content=\"https:\/\/www.florenceservanschreiber.com\/3kifsacademie\/produit\/presenter-le-meilleur-de-soi-latelier-en-ville\/\" \/>\n<meta property=\"og:site_name\" content=\"3kifsacademie by Florence Servan-Schreiber\" \/>\n<meta property=\"article:modified_time\" content=\"2023-10-17T15:15:12+00:00\" \/>\n<meta property=\"og:image\" content=\"https:\/\/www.florenceservanschreiber.com\/3kifsacademie\/assets\/uploads\/2019\/02\/presenter-meilleur-de-soi-1.jpg\" \/>\n\t<meta property=\"og:image:width\" content=\"1200\" \/>\n\t<meta property=\"og:image:height\" content=\"640\" \/>\n\t<meta property=\"og:image:type\" content=\"image\/jpeg\" \/>\n<meta name=\"twitter:card\" content=\"summary_large_image\" \/>\n<meta name=\"twitter:label1\" content=\"Dur\u00e9e de lecture estim\u00e9e\" \/>\n\t<meta name=\"twitter:data1\" content=\"4 minutes\" \/>\n<script type=\"application\/ld+json\" class=\"yoast-schema-graph\">{\"@context\":\"https:\\\/\\\/schema.org\",\"@graph\":[{\"@type\":\"WebPage\",\"@id\":\"https:\\\/\\\/www.florenceservanschreiber.com\\\/3kifsacademie\\\/produit\\\/presenter-le-meilleur-de-soi-latelier-en-ville\\\/\",\"url\":\"https:\\\/\\\/www.florenceservanschreiber.com\\\/3kifsacademie\\\/produit\\\/presenter-le-meilleur-de-soi-latelier-en-ville\\\/\",\"name\":\"Pr\u00e9senter le meilleur de soi - l'atelier en ville - 3kifsacademie by Florence Servan-Schreiber\",\"isPartOf\":{\"@id\":\"https:\\\/\\\/www.florenceservanschreiber.com\\\/3kifsacademie\\\/#website\"},\"primaryImageOfPage\":{\"@id\":\"https:\\\/\\\/www.florenceservanschreiber.com\\\/3kifsacademie\\\/produit\\\/presenter-le-meilleur-de-soi-latelier-en-ville\\\/#primaryimage\"},\"image\":{\"@id\":\"https:\\\/\\\/www.florenceservanschreiber.com\\\/3kifsacademie\\\/produit\\\/presenter-le-meilleur-de-soi-latelier-en-ville\\\/#primaryimage\"},\"thumbnailUrl\":\"https:\\\/\\\/www.florenceservanschreiber.com\\\/3kifsacademie\\\/assets\\\/uploads\\\/2019\\\/02\\\/presenter-meilleur-de-soi-1.jpg\",\"datePublished\":\"2019-07-09T10:21:03+00:00\",\"dateModified\":\"2023-10-17T15:15:12+00:00\",\"description\":\"Lucie Chabat, notre professeure d'expression va explorer avec vous les cl\u00e9s des orateurs, conf\u00e9renciers et acteurs,\u00a0pour pr\u00e9senter le meilleur de soi.\",\"breadcrumb\":{\"@id\":\"https:\\\/\\\/www.florenceservanschreiber.com\\\/3kifsacademie\\\/produit\\\/presenter-le-meilleur-de-soi-latelier-en-ville\\\/#breadcrumb\"},\"inLanguage\":\"fr-FR\",\"potentialAction\":[{\"@type\":\"ReadAction\",\"target\":[\"https:\\\/\\\/www.florenceservanschreiber.com\\\/3kifsacademie\\\/produit\\\/presenter-le-meilleur-de-soi-latelier-en-ville\\\/\"]}]},{\"@type\":\"ImageObject\",\"inLanguage\":\"fr-FR\",\"@id\":\"https:\\\/\\\/www.florenceservanschreiber.com\\\/3kifsacademie\\\/produit\\\/presenter-le-meilleur-de-soi-latelier-en-ville\\\/#primaryimage\",\"url\":\"https:\\\/\\\/www.florenceservanschreiber.com\\\/3kifsacademie\\\/assets\\\/uploads\\\/2019\\\/02\\\/presenter-meilleur-de-soi-1.jpg\",\"contentUrl\":\"https:\\\/\\\/www.florenceservanschreiber.com\\\/3kifsacademie\\\/assets\\\/uploads\\\/2019\\\/02\\\/presenter-meilleur-de-soi-1.jpg\",\"width\":1200,\"height\":640},{\"@type\":\"BreadcrumbList\",\"@id\":\"https:\\\/\\\/www.florenceservanschreiber.com\\\/3kifsacademie\\\/produit\\\/presenter-le-meilleur-de-soi-latelier-en-ville\\\/#breadcrumb\",\"itemListElement\":[{\"@type\":\"ListItem\",\"position\":1,\"name\":\"Home\",\"item\":\"https:\\\/\\\/www.florenceservanschreiber.com\\\/3kifsacademie\\\/\"},{\"@type\":\"ListItem\",\"position\":2,\"name\":\"Boutique\",\"item\":\"https:\\\/\\\/www.florenceservanschreiber.com\\\/3kifsacademie\\\/boutique\\\/\"},{\"@type\":\"ListItem\",\"position\":3,\"name\":\"Pr\u00e9senter le meilleur de soi &#8211; l&#8217;atelier en ville\"}]},{\"@type\":\"WebSite\",\"@id\":\"https:\\\/\\\/www.florenceservanschreiber.com\\\/3kifsacademie\\\/#website\",\"url\":\"https:\\\/\\\/www.florenceservanschreiber.com\\\/3kifsacademie\\\/\",\"name\":\"3kifsacademie by Florence Servan-Schreiber\",\"description\":\"Apprendre la psychologie positive, s&#039;\u00e9panouir et kiffer !\",\"potentialAction\":[{\"@type\":\"SearchAction\",\"target\":{\"@type\":\"EntryPoint\",\"urlTemplate\":\"https:\\\/\\\/www.florenceservanschreiber.com\\\/3kifsacademie\\\/?s={search_term_string}\"},\"query-input\":{\"@type\":\"PropertyValueSpecification\",\"valueRequired\":true,\"valueName\":\"search_term_string\"}}],\"inLanguage\":\"fr-FR\"}]}<\/script>\n<!-- \/ Yoast SEO plugin. -->","yoast_head_json":{"title":"Pr\u00e9senter le meilleur de soi - l'atelier en ville - 3kifsacademie by Florence Servan-Schreiber","description":"Lucie Chabat, notre professeure d'expression va explorer avec vous les cl\u00e9s des orateurs, conf\u00e9renciers et acteurs,\u00a0pour pr\u00e9senter le meilleur de soi.","robots":{"index":"index","follow":"follow","max-snippet":"max-snippet:-1","max-image-preview":"max-image-preview:large","max-video-preview":"max-video-preview:-1"},"canonical":"https:\/\/www.florenceservanschreiber.com\/3kifsacademie\/produit\/presenter-le-meilleur-de-soi-latelier-en-ville\/","og_locale":"fr_FR","og_type":"article","og_title":"Pr\u00e9senter le meilleur de soi - l'atelier en ville - 3kifsacademie by Florence Servan-Schreiber","og_description":"Lucie Chabat, notre professeure d'expression va explorer avec vous les cl\u00e9s des orateurs, conf\u00e9renciers et acteurs,\u00a0pour pr\u00e9senter le meilleur de soi.","og_url":"https:\/\/www.florenceservanschreiber.com\/3kifsacademie\/produit\/presenter-le-meilleur-de-soi-latelier-en-ville\/","og_site_name":"3kifsacademie by Florence Servan-Schreiber","article_modified_time":"2023-10-17T15:15:12+00:00","og_image":[{"width":1200,"height":640,"url":"https:\/\/www.florenceservanschreiber.com\/3kifsacademie\/assets\/uploads\/2019\/02\/presenter-meilleur-de-soi-1.jpg","type":"image\/jpeg"}],"twitter_card":"summary_large_image","twitter_misc":{"Dur\u00e9e de lecture estim\u00e9e":"4 minutes"},"schema":{"@context":"https:\/\/schema.org","@graph":[{"@type":"WebPage","@id":"https:\/\/www.florenceservanschreiber.com\/3kifsacademie\/produit\/presenter-le-meilleur-de-soi-latelier-en-ville\/","url":"https:\/\/www.florenceservanschreiber.com\/3kifsacademie\/produit\/presenter-le-meilleur-de-soi-latelier-en-ville\/","name":"Pr\u00e9senter le meilleur de soi - l'atelier en ville - 3kifsacademie by Florence Servan-Schreiber","isPartOf":{"@id":"https:\/\/www.florenceservanschreiber.com\/3kifsacademie\/#website"},"primaryImageOfPage":{"@id":"https:\/\/www.florenceservanschreiber.com\/3kifsacademie\/produit\/presenter-le-meilleur-de-soi-latelier-en-ville\/#primaryimage"},"image":{"@id":"https:\/\/www.florenceservanschreiber.com\/3kifsacademie\/produit\/presenter-le-meilleur-de-soi-latelier-en-ville\/#primaryimage"},"thumbnailUrl":"https:\/\/www.florenceservanschreiber.com\/3kifsacademie\/assets\/uploads\/2019\/02\/presenter-meilleur-de-soi-1.jpg","datePublished":"2019-07-09T10:21:03+00:00","dateModified":"2023-10-17T15:15:12+00:00","description":"Lucie Chabat, notre professeure d'expression va explorer avec vous les cl\u00e9s des orateurs, conf\u00e9renciers et acteurs,\u00a0pour pr\u00e9senter le meilleur de soi.","breadcrumb":{"@id":"https:\/\/www.florenceservanschreiber.com\/3kifsacademie\/produit\/presenter-le-meilleur-de-soi-latelier-en-ville\/#breadcrumb"},"inLanguage":"fr-FR","potentialAction":[{"@type":"ReadAction","target":["https:\/\/www.florenceservanschreiber.com\/3kifsacademie\/produit\/presenter-le-meilleur-de-soi-latelier-en-ville\/"]}]},{"@type":"ImageObject","inLanguage":"fr-FR","@id":"https:\/\/www.florenceservanschreiber.com\/3kifsacademie\/produit\/presenter-le-meilleur-de-soi-latelier-en-ville\/#primaryimage","url":"https:\/\/www.florenceservanschreiber.com\/3kifsacademie\/assets\/uploads\/2019\/02\/presenter-meilleur-de-soi-1.jpg","contentUrl":"https:\/\/www.florenceservanschreiber.com\/3kifsacademie\/assets\/uploads\/2019\/02\/presenter-meilleur-de-soi-1.jpg","width":1200,"height":640},{"@type":"BreadcrumbList","@id":"https:\/\/www.florenceservanschreiber.com\/3kifsacademie\/produit\/presenter-le-meilleur-de-soi-latelier-en-ville\/#breadcrumb","itemListElement":[{"@type":"ListItem","position":1,"name":"Home","item":"https:\/\/www.florenceservanschreiber.com\/3kifsacademie\/"},{"@type":"ListItem","position":2,"name":"Boutique","item":"https:\/\/www.florenceservanschreiber.com\/3kifsacademie\/boutique\/"},{"@type":"ListItem","position":3,"name":"Pr\u00e9senter le meilleur de soi &#8211; l&#8217;atelier en ville"}]},{"@type":"WebSite","@id":"https:\/\/www.florenceservanschreiber.com\/3kifsacademie\/#website","url":"https:\/\/www.florenceservanschreiber.com\/3kifsacademie\/","name":"3kifsacademie by Florence Servan-Schreiber","description":"Apprendre la psychologie positive, s&#039;\u00e9panouir et kiffer !","potentialAction":[{"@type":"SearchAction","target":{"@type":"EntryPoint","urlTemplate":"https:\/\/www.florenceservanschreiber.com\/3kifsacademie\/?s={search_term_string}"},"query-input":{"@type":"PropertyValueSpecification","valueRequired":true,"valueName":"search_term_string"}}],"inLanguage":"fr-FR"}]}},"_links":{"self":[{"href":"https:\/\/www.florenceservanschreiber.com\/3kifsacademie\/wp-json\/wp\/v2\/product\/31731","targetHints":{"allow":["GET"]}}],"collection":[{"href":"https:\/\/www.florenceservanschreiber.com\/3kifsacademie\/wp-json\/wp\/v2\/product"}],"about":[{"href":"https:\/\/www.florenceservanschreiber.com\/3kifsacademie\/wp-json\/wp\/v2\/types\/product"}],"version-history":[{"count":0,"href":"https:\/\/www.florenceservanschreiber.com\/3kifsacademie\/wp-json\/wp\/v2\/product\/31731\/revisions"}],"wp:featuredmedia":[{"embeddable":true,"href":"https:\/\/www.florenceservanschreiber.com\/3kifsacademie\/wp-json\/wp\/v2\/media\/29078"}],"wp:attachment":[{"href":"https:\/\/www.florenceservanschreiber.com\/3kifsacademie\/wp-json\/wp\/v2\/media?parent=31731"}],"wp:term":[{"taxonomy":"product_brand","embeddable":true,"href":"https:\/\/www.florenceservanschreiber.com\/3kifsacademie\/wp-json\/wp\/v2\/product_brand?post=31731"},{"taxonomy":"product_cat","embeddable":true,"href":"https:\/\/www.florenceservanschreiber.com\/3kifsacademie\/wp-json\/wp\/v2\/product_cat?post=31731"},{"taxonomy":"product_tag","embeddable":true,"href":"https:\/\/www.florenceservanschreiber.com\/3kifsacademie\/wp-json\/wp\/v2\/product_tag?post=31731"}],"curies":[{"name":"wp","href":"https:\/\/api.w.org\/{rel}","templated":true}]}}