{"id":16144,"date":"2018-02-06T17:48:20","date_gmt":"2018-02-06T16:48:20","guid":{"rendered":"https:\/\/www.florenceservanschreiber.com\/3kifsacademie\/produit\/7-jours-pour-trouver-sa-power-patate\/"},"modified":"2019-10-15T15:47:55","modified_gmt":"2019-10-15T13:47:55","slug":"7-jours-pour-trouver-sa-power-patate","status":"publish","type":"product","link":"https:\/\/www.florenceservanschreiber.com\/3kifsacademie\/produit\/7-jours-pour-trouver-sa-power-patate\/","title":{"rendered":"7 jours pour trouver sa Power Patate"},"content":{"rendered":"<p>Cet auto atelier est un parcours de 7 jours pour muscler ses super pouvoirs, s&#8217;\u00e9panouir et trouver sa <strong>power<\/strong> <strong>patate<\/strong>.<\/p>\n<p>On y apprend \u00e0 :<\/p>\n<ul>\n<li>\u00e9prouver du plaisir dans la vie<\/li>\n<li>r\u00e9aliser que ce n&#8217;est pas la r\u00e9ussite qui provoque le bonheur, mais que c&#8217;est le bonheur qui attire la r\u00e9ussite<\/li>\n<li>cesser de se comparer<\/li>\n<li>\u00eatre attentif\u00a0aux autres&#8230;<\/li>\n<\/ul>\n<p>&nbsp;<\/p>\n<div class=\"wrapper-video\"><iframe src=\"https:\/\/player.vimeo.com\/video\/186421823\" frameborder=\"0\" allowfullscreen=\"allowfullscreen\"><\/iframe><\/div>\n<h2>QUE S&#8217;Y PASSE-T-IL ?<\/h2>\n<div>\n<div>\n<div><strong>La power patate, qu\u2019est-ce que c\u2019est\u00a0?<\/strong><\/div>\n<div>\u00a0<\/div>\n<div>Ce n\u2019est pas un cri de guerre.<\/div>\n<div>C\u2019est une \u00e9nergie particuli\u00e8re que nous d\u00e9gageons lorsque nos super pouvoirs sont en action.<\/div>\n<div>Et du coup on r\u00e9ussit des choses difficiles, sans sentir l\u2019effort.<\/div>\n<div>\u00a0<\/div>\n<div><strong><em>Power patate,<\/em><\/strong> c\u2019est aussi un livre que vous avez d\u00e9j\u00e0 \u00e9t\u00e9 plus de 60 000\u00a0\u00e0\u00a0lire. La preuve que nous avons besoin de comprendre d\u2019o\u00f9 vient notre force pour nous \u00e9panouir et avancer.<\/div>\n<div>\u00a0<\/div>\n<div><a href=\"https:\/\/www.florenceservanschreiber.com\/livre\/livre-power-patate\/\" target=\"_blank\" rel=\"noopener noreferrer\"><img loading=\"lazy\" decoding=\"async\" src=\"https:\/\/www.florenceservanschreiber.com\/wp-content\/uploads\/couv-pp1.jpg\" alt=\"\" width=\"369\" height=\"248\" \/><\/a><\/div>\n<div>\u00a0<\/div>\n<div>Au cours de cet auto atelier, pour trouver sa power patate, il ne s\u2019agit plus de lire, mais d\u2019agir\u00a0!<\/div>\n<div>\u00a0<\/div>\n<div>\u00a0<\/div>\n<\/div>\n<\/div>\n<h2>LES BENEFICES DE CET AUTO-ATELIER :<\/h2>\n<div>\n<div>Je vous propose un voyage en 7 \u00e9tapes pour :<\/div>\n<\/div>\n<div><strong>1.<\/strong> D\u00e9couvrir vos forces<\/div>\n<div>\u00a0<\/div>\n<div><strong>2.<\/strong> Apprendre \u00e0 les utiliser<\/div>\n<p><strong>3.<\/strong> Mieux conna\u00eetre votre caract\u00e8re<\/p>\n<p><strong>4.\u00a0<\/strong>D\u00e9busquer vos talents<\/p>\n<p><strong>5.<\/strong> Activer les manivelles qui vous font avancer<\/p>\n<p><strong>6.\u00a0<\/strong>Booster votre cr\u00e9ativit\u00e9<\/p>\n<p><strong>7.<\/strong> Et lib\u00e9rer votre intuition.<\/p>\n<p>\u2026 avec tout \u00e7a, on ne vous arr\u00eatera plus.<\/p>\n<div>\n<div>\n<div>\u00a0<\/div>\n<\/div>\n<div>Car c\u2019est bien en se connaissant mieux et en acceptant d\u2019avoir des qualit\u00e9s que l\u2019on peut vraiment grandir.<\/div>\n<div>\n<div>\u00a0<\/div>\n<\/div>\n<div>\n<div>Alors, au travail, sortez votre cape, et venez d\u00e9couvrir votre power patate.<\/div>\n<\/div>\n<\/div>\n","protected":false},"excerpt":{"rendered":"<p>Comment muscler ses super pouvoirs, conna\u00eetre ses forces, s\u2019\u00e9panouir et trouver sa place.<\/p>\n","protected":false},"featured_media":23830,"template":"","meta":{"_acf_changed":false,"_et_pb_use_builder":"","_et_pb_old_content":"","_et_gb_content_width":"","footnotes":""},"product_brand":[],"product_cat":[16,17],"product_tag":[],"class_list":{"0":"post-16144","1":"product","2":"type-product","3":"status-publish","4":"has-post-thumbnail","6":"product_cat-cours","7":"product_cat-atelier","9":"first","10":"instock","11":"virtual","12":"taxable","13":"purchasable","14":"product-type-simple"},"acf":[],"yoast_head":"<!-- This site is optimized with the Yoast SEO plugin v27.4 - https:\/\/yoast.com\/product\/yoast-seo-wordpress\/ -->\n<title>7 jours pour trouver sa Power Patate - 3kifsacademie by Florence Servan-Schreiber<\/title>\n<meta name=\"robots\" content=\"index, follow, max-snippet:-1, max-image-preview:large, max-video-preview:-1\" \/>\n<link rel=\"canonical\" href=\"https:\/\/www.florenceservanschreiber.com\/3kifsacademie\/produit\/7-jours-pour-trouver-sa-power-patate\/\" \/>\n<meta property=\"og:locale\" content=\"fr_FR\" \/>\n<meta property=\"og:type\" content=\"article\" \/>\n<meta property=\"og:title\" content=\"7 jours pour trouver sa Power Patate - 3kifsacademie by Florence Servan-Schreiber\" \/>\n<meta property=\"og:description\" content=\"Comment muscler ses super pouvoirs, conna\u00eetre ses forces, s\u2019\u00e9panouir et trouver sa place.\" \/>\n<meta property=\"og:url\" content=\"https:\/\/www.florenceservanschreiber.com\/3kifsacademie\/produit\/7-jours-pour-trouver-sa-power-patate\/\" \/>\n<meta property=\"og:site_name\" content=\"3kifsacademie by Florence Servan-Schreiber\" \/>\n<meta property=\"article:modified_time\" content=\"2019-10-15T13:47:55+00:00\" \/>\n<meta property=\"og:image\" content=\"https:\/\/www.florenceservanschreiber.com\/3kifsacademie\/assets\/uploads\/2018\/02\/7j-trouver-pp-4.jpg\" \/>\n\t<meta property=\"og:image:width\" content=\"1\" \/>\n\t<meta property=\"og:image:height\" content=\"1\" \/>\n\t<meta property=\"og:image:type\" content=\"image\/jpeg\" \/>\n<meta name=\"twitter:card\" content=\"summary_large_image\" \/>\n<meta name=\"twitter:label1\" content=\"Dur\u00e9e de lecture estim\u00e9e\" \/>\n\t<meta name=\"twitter:data1\" content=\"1 minute\" \/>\n<script type=\"application\/ld+json\" class=\"yoast-schema-graph\">{\"@context\":\"https:\\\/\\\/schema.org\",\"@graph\":[{\"@type\":\"WebPage\",\"@id\":\"https:\\\/\\\/www.florenceservanschreiber.com\\\/3kifsacademie\\\/produit\\\/7-jours-pour-trouver-sa-power-patate\\\/\",\"url\":\"https:\\\/\\\/www.florenceservanschreiber.com\\\/3kifsacademie\\\/produit\\\/7-jours-pour-trouver-sa-power-patate\\\/\",\"name\":\"7 jours pour trouver sa Power Patate - 3kifsacademie by Florence Servan-Schreiber\",\"isPartOf\":{\"@id\":\"https:\\\/\\\/www.florenceservanschreiber.com\\\/3kifsacademie\\\/#website\"},\"primaryImageOfPage\":{\"@id\":\"https:\\\/\\\/www.florenceservanschreiber.com\\\/3kifsacademie\\\/produit\\\/7-jours-pour-trouver-sa-power-patate\\\/#primaryimage\"},\"image\":{\"@id\":\"https:\\\/\\\/www.florenceservanschreiber.com\\\/3kifsacademie\\\/produit\\\/7-jours-pour-trouver-sa-power-patate\\\/#primaryimage\"},\"thumbnailUrl\":\"https:\\\/\\\/www.florenceservanschreiber.com\\\/3kifsacademie\\\/assets\\\/uploads\\\/2018\\\/02\\\/7j-trouver-pp-4.jpg\",\"datePublished\":\"2018-02-06T16:48:20+00:00\",\"dateModified\":\"2019-10-15T13:47:55+00:00\",\"breadcrumb\":{\"@id\":\"https:\\\/\\\/www.florenceservanschreiber.com\\\/3kifsacademie\\\/produit\\\/7-jours-pour-trouver-sa-power-patate\\\/#breadcrumb\"},\"inLanguage\":\"fr-FR\",\"potentialAction\":[{\"@type\":\"ReadAction\",\"target\":[\"https:\\\/\\\/www.florenceservanschreiber.com\\\/3kifsacademie\\\/produit\\\/7-jours-pour-trouver-sa-power-patate\\\/\"]}]},{\"@type\":\"ImageObject\",\"inLanguage\":\"fr-FR\",\"@id\":\"https:\\\/\\\/www.florenceservanschreiber.com\\\/3kifsacademie\\\/produit\\\/7-jours-pour-trouver-sa-power-patate\\\/#primaryimage\",\"url\":\"https:\\\/\\\/www.florenceservanschreiber.com\\\/3kifsacademie\\\/assets\\\/uploads\\\/2018\\\/02\\\/7j-trouver-pp-4.jpg\",\"contentUrl\":\"https:\\\/\\\/www.florenceservanschreiber.com\\\/3kifsacademie\\\/assets\\\/uploads\\\/2018\\\/02\\\/7j-trouver-pp-4.jpg\"},{\"@type\":\"BreadcrumbList\",\"@id\":\"https:\\\/\\\/www.florenceservanschreiber.com\\\/3kifsacademie\\\/produit\\\/7-jours-pour-trouver-sa-power-patate\\\/#breadcrumb\",\"itemListElement\":[{\"@type\":\"ListItem\",\"position\":1,\"name\":\"Home\",\"item\":\"https:\\\/\\\/www.florenceservanschreiber.com\\\/3kifsacademie\\\/\"},{\"@type\":\"ListItem\",\"position\":2,\"name\":\"Boutique\",\"item\":\"https:\\\/\\\/www.florenceservanschreiber.com\\\/3kifsacademie\\\/boutique\\\/\"},{\"@type\":\"ListItem\",\"position\":3,\"name\":\"7 jours pour trouver sa Power Patate\"}]},{\"@type\":\"WebSite\",\"@id\":\"https:\\\/\\\/www.florenceservanschreiber.com\\\/3kifsacademie\\\/#website\",\"url\":\"https:\\\/\\\/www.florenceservanschreiber.com\\\/3kifsacademie\\\/\",\"name\":\"3kifsacademie by Florence Servan-Schreiber\",\"description\":\"Apprendre la psychologie positive, s&#039;\u00e9panouir et kiffer !\",\"potentialAction\":[{\"@type\":\"SearchAction\",\"target\":{\"@type\":\"EntryPoint\",\"urlTemplate\":\"https:\\\/\\\/www.florenceservanschreiber.com\\\/3kifsacademie\\\/?s={search_term_string}\"},\"query-input\":{\"@type\":\"PropertyValueSpecification\",\"valueRequired\":true,\"valueName\":\"search_term_string\"}}],\"inLanguage\":\"fr-FR\"}]}<\/script>\n<!-- \/ Yoast SEO plugin. -->","yoast_head_json":{"title":"7 jours pour trouver sa Power Patate - 3kifsacademie by Florence Servan-Schreiber","robots":{"index":"index","follow":"follow","max-snippet":"max-snippet:-1","max-image-preview":"max-image-preview:large","max-video-preview":"max-video-preview:-1"},"canonical":"https:\/\/www.florenceservanschreiber.com\/3kifsacademie\/produit\/7-jours-pour-trouver-sa-power-patate\/","og_locale":"fr_FR","og_type":"article","og_title":"7 jours pour trouver sa Power Patate - 3kifsacademie by Florence Servan-Schreiber","og_description":"Comment muscler ses super pouvoirs, conna\u00eetre ses forces, s\u2019\u00e9panouir et trouver sa place.","og_url":"https:\/\/www.florenceservanschreiber.com\/3kifsacademie\/produit\/7-jours-pour-trouver-sa-power-patate\/","og_site_name":"3kifsacademie by Florence Servan-Schreiber","article_modified_time":"2019-10-15T13:47:55+00:00","og_image":[{"url":"https:\/\/www.florenceservanschreiber.com\/3kifsacademie\/assets\/uploads\/2018\/02\/7j-trouver-pp-4.jpg","width":1,"height":1,"type":"image\/jpeg"}],"twitter_card":"summary_large_image","twitter_misc":{"Dur\u00e9e de lecture estim\u00e9e":"1 minute"},"schema":{"@context":"https:\/\/schema.org","@graph":[{"@type":"WebPage","@id":"https:\/\/www.florenceservanschreiber.com\/3kifsacademie\/produit\/7-jours-pour-trouver-sa-power-patate\/","url":"https:\/\/www.florenceservanschreiber.com\/3kifsacademie\/produit\/7-jours-pour-trouver-sa-power-patate\/","name":"7 jours pour trouver sa Power Patate - 3kifsacademie by Florence Servan-Schreiber","isPartOf":{"@id":"https:\/\/www.florenceservanschreiber.com\/3kifsacademie\/#website"},"primaryImageOfPage":{"@id":"https:\/\/www.florenceservanschreiber.com\/3kifsacademie\/produit\/7-jours-pour-trouver-sa-power-patate\/#primaryimage"},"image":{"@id":"https:\/\/www.florenceservanschreiber.com\/3kifsacademie\/produit\/7-jours-pour-trouver-sa-power-patate\/#primaryimage"},"thumbnailUrl":"https:\/\/www.florenceservanschreiber.com\/3kifsacademie\/assets\/uploads\/2018\/02\/7j-trouver-pp-4.jpg","datePublished":"2018-02-06T16:48:20+00:00","dateModified":"2019-10-15T13:47:55+00:00","breadcrumb":{"@id":"https:\/\/www.florenceservanschreiber.com\/3kifsacademie\/produit\/7-jours-pour-trouver-sa-power-patate\/#breadcrumb"},"inLanguage":"fr-FR","potentialAction":[{"@type":"ReadAction","target":["https:\/\/www.florenceservanschreiber.com\/3kifsacademie\/produit\/7-jours-pour-trouver-sa-power-patate\/"]}]},{"@type":"ImageObject","inLanguage":"fr-FR","@id":"https:\/\/www.florenceservanschreiber.com\/3kifsacademie\/produit\/7-jours-pour-trouver-sa-power-patate\/#primaryimage","url":"https:\/\/www.florenceservanschreiber.com\/3kifsacademie\/assets\/uploads\/2018\/02\/7j-trouver-pp-4.jpg","contentUrl":"https:\/\/www.florenceservanschreiber.com\/3kifsacademie\/assets\/uploads\/2018\/02\/7j-trouver-pp-4.jpg"},{"@type":"BreadcrumbList","@id":"https:\/\/www.florenceservanschreiber.com\/3kifsacademie\/produit\/7-jours-pour-trouver-sa-power-patate\/#breadcrumb","itemListElement":[{"@type":"ListItem","position":1,"name":"Home","item":"https:\/\/www.florenceservanschreiber.com\/3kifsacademie\/"},{"@type":"ListItem","position":2,"name":"Boutique","item":"https:\/\/www.florenceservanschreiber.com\/3kifsacademie\/boutique\/"},{"@type":"ListItem","position":3,"name":"7 jours pour trouver sa Power Patate"}]},{"@type":"WebSite","@id":"https:\/\/www.florenceservanschreiber.com\/3kifsacademie\/#website","url":"https:\/\/www.florenceservanschreiber.com\/3kifsacademie\/","name":"3kifsacademie by Florence Servan-Schreiber","description":"Apprendre la psychologie positive, s&#039;\u00e9panouir et kiffer !","potentialAction":[{"@type":"SearchAction","target":{"@type":"EntryPoint","urlTemplate":"https:\/\/www.florenceservanschreiber.com\/3kifsacademie\/?s={search_term_string}"},"query-input":{"@type":"PropertyValueSpecification","valueRequired":true,"valueName":"search_term_string"}}],"inLanguage":"fr-FR"}]}},"_links":{"self":[{"href":"https:\/\/www.florenceservanschreiber.com\/3kifsacademie\/wp-json\/wp\/v2\/product\/16144","targetHints":{"allow":["GET"]}}],"collection":[{"href":"https:\/\/www.florenceservanschreiber.com\/3kifsacademie\/wp-json\/wp\/v2\/product"}],"about":[{"href":"https:\/\/www.florenceservanschreiber.com\/3kifsacademie\/wp-json\/wp\/v2\/types\/product"}],"version-history":[{"count":0,"href":"https:\/\/www.florenceservanschreiber.com\/3kifsacademie\/wp-json\/wp\/v2\/product\/16144\/revisions"}],"wp:featuredmedia":[{"embeddable":true,"href":"https:\/\/www.florenceservanschreiber.com\/3kifsacademie\/wp-json\/wp\/v2\/media\/23830"}],"wp:attachment":[{"href":"https:\/\/www.florenceservanschreiber.com\/3kifsacademie\/wp-json\/wp\/v2\/media?parent=16144"}],"wp:term":[{"taxonomy":"product_brand","embeddable":true,"href":"https:\/\/www.florenceservanschreiber.com\/3kifsacademie\/wp-json\/wp\/v2\/product_brand?post=16144"},{"taxonomy":"product_cat","embeddable":true,"href":"https:\/\/www.florenceservanschreiber.com\/3kifsacademie\/wp-json\/wp\/v2\/product_cat?post=16144"},{"taxonomy":"product_tag","embeddable":true,"href":"https:\/\/www.florenceservanschreiber.com\/3kifsacademie\/wp-json\/wp\/v2\/product_tag?post=16144"}],"curies":[{"name":"wp","href":"https:\/\/api.w.org\/{rel}","templated":true}]}}