{"id":16140,"date":"2018-02-06T17:48:17","date_gmt":"2018-02-06T16:48:17","guid":{"rendered":"https:\/\/www.florenceservanschreiber.com\/3kifsacademie\/produit\/etre-un-parent-positif\/"},"modified":"2019-10-15T15:53:36","modified_gmt":"2019-10-15T13:53:36","slug":"etre-un-parent-positif","status":"publish","type":"product","link":"https:\/\/www.florenceservanschreiber.com\/3kifsacademie\/produit\/etre-un-parent-positif\/","title":{"rendered":"Etre un parent positif"},"content":{"rendered":"<p>Bienvenue dans le monde de la parentalit\u00e9 positive. Mettre des enfants au monde n&#8217;est que le d\u00e9but de l&#8217;aventure. Ensuite, il faut apprendre \u00e0 les guider le mieux possible. Les chercheurs nous aident d\u00e9sormais \u00e0 comprendre l&#8217;impact de nos discours et attitudes \u00e0 leur \u00e9gard. Cet auto atelier est un parcours de 7 jours pour pratiquer\u00a0l&#8217;\u00e9ducation bienveillante et \u00e9lever un enfant autonome et \u00e9panoui. Il contribue \u00e0 l&#8217;harmonie familiale. On y apprend \u00e0 :<\/p>\n<ul>\n<li>se faire ob\u00e9ir sans crier<\/li>\n<li>d\u00e9velopper un respect mutuel<\/li>\n<li>l&#8217;aider \u00e0 grandir avec empathie<\/li>\n<li>et retrouver la s\u00e9r\u00e9nit\u00e9 \u00e0 la maison.<\/li>\n<\/ul>\n<div><\/div>\n<div class=\"wrapper-video\">\n        <iframe src=\"https:\/\/player.vimeo.com\/video\/173728761\" frameborder=\"0\" allowfullscreen=\"\"><\/iframe>\n    <\/div>\n<h2>QUE S&#8217;Y PASSE-T-IL ?<\/h2>\n<p><strong>Etre parent n\u2019est pas facile d\u2019\u00eatre parent.<\/strong>\u00a0C\u2019est\u00a0quelque chose\u00a0qu\u2019on n\u2019apprend que sur le terrain.\u00a0Mais la science fait des progr\u00e8s\u00a0et nous guide de mieux en mieux\u00a0si on souhaite \u00e9lever <strong>un enfant\u00a0autonome\u00a0et \u00e9panoui<\/strong>.<\/p>\n<div><\/div>\n<div>Cet auto atelier : <em>Etre un parent positif<\/em>,\u00a0traite\u00a0de <strong>respect mutuel<\/strong>,\u00a0<strong>d\u2019autorit\u00e9<\/strong>,\u00a0de <strong>s\u00e9r\u00e9nit\u00e9<\/strong> \u00e0 la maison,\u00a0d\u2019apprentissage de <strong>l\u2019empathie<\/strong>,\u00a0des <strong>progr\u00e8s<\/strong> de votre enfant, mais aussi\u00a0des v\u00f4tres !<\/div>\n<div><\/div>\n<div>Alors si une semaine de conseils et de pratique en \u00e9ducation bienveillante vous tente,\u00a0c\u2019est ici que \u00e7a se passe.<\/div>\n<div><\/div>\n<div><\/div>\n<h2>LES BENEFICES DE CET AUTO-ATELIER :<\/h2>\n<ul>\n<li>1. Se faire ob\u00e9ir sans crier<\/li>\n<li>2. Rendre son enfant plus autonome<\/li>\n<li>3. L\u2019aider \u00e0 exprimer et g\u00e9rer ses \u00e9motions<\/li>\n<li>4. Susciter sa coop\u00e9ration<\/li>\n<li>5. L\u2019aider \u00e0 prendre confiance en lui<\/li>\n<li>6. D\u00e9samorcer ou r\u00e9soudre les conflits dans la bienveillance<\/li>\n<li>7. Mieux communiquer en famille.<\/li>\n<\/ul>\n","protected":false},"excerpt":{"rendered":"<p style=\"text-align: left;\">Comment savoir concr\u00e8tement pratiquer une \u00e9ducation bienveillante et \u00e9lever un enfant autonome et \u00e9panoui.<\/p>\n","protected":false},"featured_media":23831,"template":"","meta":{"_acf_changed":false,"_et_pb_use_builder":"","_et_pb_old_content":"","_et_gb_content_width":"","footnotes":""},"product_brand":[],"product_cat":[16,17],"product_tag":[],"class_list":{"0":"post-16140","1":"product","2":"type-product","3":"status-publish","4":"has-post-thumbnail","6":"product_cat-cours","7":"product_cat-atelier","9":"first","10":"instock","11":"virtual","12":"taxable","13":"purchasable","14":"product-type-simple"},"acf":[],"yoast_head":"<!-- This site is optimized with the Yoast SEO plugin v27.6 - https:\/\/yoast.com\/product\/yoast-seo-wordpress\/ -->\n<title>Etre un parent positif - 3kifsacademie by Florence Servan-Schreiber<\/title>\n<meta name=\"robots\" content=\"index, follow, max-snippet:-1, max-image-preview:large, max-video-preview:-1\" \/>\n<link rel=\"canonical\" href=\"https:\/\/www.florenceservanschreiber.com\/3kifsacademie\/produit\/etre-un-parent-positif\/\" \/>\n<meta property=\"og:locale\" content=\"fr_FR\" \/>\n<meta property=\"og:type\" content=\"article\" \/>\n<meta property=\"og:title\" content=\"Etre un parent positif - 3kifsacademie by Florence Servan-Schreiber\" \/>\n<meta property=\"og:description\" content=\"Comment savoir concr\u00e8tement pratiquer une \u00e9ducation bienveillante et \u00e9lever un enfant autonome et \u00e9panoui.\" \/>\n<meta property=\"og:url\" content=\"https:\/\/www.florenceservanschreiber.com\/3kifsacademie\/produit\/etre-un-parent-positif\/\" \/>\n<meta property=\"og:site_name\" content=\"3kifsacademie by Florence Servan-Schreiber\" \/>\n<meta property=\"article:modified_time\" content=\"2019-10-15T13:53:36+00:00\" \/>\n<meta property=\"og:image\" content=\"https:\/\/www.florenceservanschreiber.com\/3kifsacademie\/assets\/uploads\/2018\/02\/parents-positif.jpg\" \/>\n\t<meta property=\"og:image:width\" content=\"1\" \/>\n\t<meta property=\"og:image:height\" content=\"1\" \/>\n\t<meta property=\"og:image:type\" content=\"image\/jpeg\" \/>\n<meta name=\"twitter:card\" content=\"summary_large_image\" \/>\n<meta name=\"twitter:label1\" content=\"Dur\u00e9e de lecture estim\u00e9e\" \/>\n\t<meta name=\"twitter:data1\" content=\"1 minute\" \/>\n<script type=\"application\/ld+json\" class=\"yoast-schema-graph\">{\"@context\":\"https:\\\/\\\/schema.org\",\"@graph\":[{\"@type\":\"WebPage\",\"@id\":\"https:\\\/\\\/www.florenceservanschreiber.com\\\/3kifsacademie\\\/produit\\\/etre-un-parent-positif\\\/\",\"url\":\"https:\\\/\\\/www.florenceservanschreiber.com\\\/3kifsacademie\\\/produit\\\/etre-un-parent-positif\\\/\",\"name\":\"Etre un parent positif - 3kifsacademie by Florence Servan-Schreiber\",\"isPartOf\":{\"@id\":\"https:\\\/\\\/www.florenceservanschreiber.com\\\/3kifsacademie\\\/#website\"},\"primaryImageOfPage\":{\"@id\":\"https:\\\/\\\/www.florenceservanschreiber.com\\\/3kifsacademie\\\/produit\\\/etre-un-parent-positif\\\/#primaryimage\"},\"image\":{\"@id\":\"https:\\\/\\\/www.florenceservanschreiber.com\\\/3kifsacademie\\\/produit\\\/etre-un-parent-positif\\\/#primaryimage\"},\"thumbnailUrl\":\"https:\\\/\\\/www.florenceservanschreiber.com\\\/3kifsacademie\\\/assets\\\/uploads\\\/2018\\\/02\\\/parents-positif.jpg\",\"datePublished\":\"2018-02-06T16:48:17+00:00\",\"dateModified\":\"2019-10-15T13:53:36+00:00\",\"breadcrumb\":{\"@id\":\"https:\\\/\\\/www.florenceservanschreiber.com\\\/3kifsacademie\\\/produit\\\/etre-un-parent-positif\\\/#breadcrumb\"},\"inLanguage\":\"fr-FR\",\"potentialAction\":[{\"@type\":\"ReadAction\",\"target\":[\"https:\\\/\\\/www.florenceservanschreiber.com\\\/3kifsacademie\\\/produit\\\/etre-un-parent-positif\\\/\"]}]},{\"@type\":\"ImageObject\",\"inLanguage\":\"fr-FR\",\"@id\":\"https:\\\/\\\/www.florenceservanschreiber.com\\\/3kifsacademie\\\/produit\\\/etre-un-parent-positif\\\/#primaryimage\",\"url\":\"https:\\\/\\\/www.florenceservanschreiber.com\\\/3kifsacademie\\\/assets\\\/uploads\\\/2018\\\/02\\\/parents-positif.jpg\",\"contentUrl\":\"https:\\\/\\\/www.florenceservanschreiber.com\\\/3kifsacademie\\\/assets\\\/uploads\\\/2018\\\/02\\\/parents-positif.jpg\"},{\"@type\":\"BreadcrumbList\",\"@id\":\"https:\\\/\\\/www.florenceservanschreiber.com\\\/3kifsacademie\\\/produit\\\/etre-un-parent-positif\\\/#breadcrumb\",\"itemListElement\":[{\"@type\":\"ListItem\",\"position\":1,\"name\":\"Home\",\"item\":\"https:\\\/\\\/www.florenceservanschreiber.com\\\/3kifsacademie\\\/\"},{\"@type\":\"ListItem\",\"position\":2,\"name\":\"Boutique\",\"item\":\"https:\\\/\\\/www.florenceservanschreiber.com\\\/3kifsacademie\\\/boutique\\\/\"},{\"@type\":\"ListItem\",\"position\":3,\"name\":\"Etre un parent positif\"}]},{\"@type\":\"WebSite\",\"@id\":\"https:\\\/\\\/www.florenceservanschreiber.com\\\/3kifsacademie\\\/#website\",\"url\":\"https:\\\/\\\/www.florenceservanschreiber.com\\\/3kifsacademie\\\/\",\"name\":\"3kifsacademie by Florence Servan-Schreiber\",\"description\":\"Apprendre la psychologie positive, s&#039;\u00e9panouir et kiffer !\",\"potentialAction\":[{\"@type\":\"SearchAction\",\"target\":{\"@type\":\"EntryPoint\",\"urlTemplate\":\"https:\\\/\\\/www.florenceservanschreiber.com\\\/3kifsacademie\\\/?s={search_term_string}\"},\"query-input\":{\"@type\":\"PropertyValueSpecification\",\"valueRequired\":true,\"valueName\":\"search_term_string\"}}],\"inLanguage\":\"fr-FR\"}]}<\/script>\n<!-- \/ Yoast SEO plugin. -->","yoast_head_json":{"title":"Etre un parent positif - 3kifsacademie by Florence Servan-Schreiber","robots":{"index":"index","follow":"follow","max-snippet":"max-snippet:-1","max-image-preview":"max-image-preview:large","max-video-preview":"max-video-preview:-1"},"canonical":"https:\/\/www.florenceservanschreiber.com\/3kifsacademie\/produit\/etre-un-parent-positif\/","og_locale":"fr_FR","og_type":"article","og_title":"Etre un parent positif - 3kifsacademie by Florence Servan-Schreiber","og_description":"Comment savoir concr\u00e8tement pratiquer une \u00e9ducation bienveillante et \u00e9lever un enfant autonome et \u00e9panoui.","og_url":"https:\/\/www.florenceservanschreiber.com\/3kifsacademie\/produit\/etre-un-parent-positif\/","og_site_name":"3kifsacademie by Florence Servan-Schreiber","article_modified_time":"2019-10-15T13:53:36+00:00","og_image":[{"url":"https:\/\/www.florenceservanschreiber.com\/3kifsacademie\/assets\/uploads\/2018\/02\/parents-positif.jpg","width":1,"height":1,"type":"image\/jpeg"}],"twitter_card":"summary_large_image","twitter_misc":{"Dur\u00e9e de lecture estim\u00e9e":"1 minute"},"schema":{"@context":"https:\/\/schema.org","@graph":[{"@type":"WebPage","@id":"https:\/\/www.florenceservanschreiber.com\/3kifsacademie\/produit\/etre-un-parent-positif\/","url":"https:\/\/www.florenceservanschreiber.com\/3kifsacademie\/produit\/etre-un-parent-positif\/","name":"Etre un parent positif - 3kifsacademie by Florence Servan-Schreiber","isPartOf":{"@id":"https:\/\/www.florenceservanschreiber.com\/3kifsacademie\/#website"},"primaryImageOfPage":{"@id":"https:\/\/www.florenceservanschreiber.com\/3kifsacademie\/produit\/etre-un-parent-positif\/#primaryimage"},"image":{"@id":"https:\/\/www.florenceservanschreiber.com\/3kifsacademie\/produit\/etre-un-parent-positif\/#primaryimage"},"thumbnailUrl":"https:\/\/www.florenceservanschreiber.com\/3kifsacademie\/assets\/uploads\/2018\/02\/parents-positif.jpg","datePublished":"2018-02-06T16:48:17+00:00","dateModified":"2019-10-15T13:53:36+00:00","breadcrumb":{"@id":"https:\/\/www.florenceservanschreiber.com\/3kifsacademie\/produit\/etre-un-parent-positif\/#breadcrumb"},"inLanguage":"fr-FR","potentialAction":[{"@type":"ReadAction","target":["https:\/\/www.florenceservanschreiber.com\/3kifsacademie\/produit\/etre-un-parent-positif\/"]}]},{"@type":"ImageObject","inLanguage":"fr-FR","@id":"https:\/\/www.florenceservanschreiber.com\/3kifsacademie\/produit\/etre-un-parent-positif\/#primaryimage","url":"https:\/\/www.florenceservanschreiber.com\/3kifsacademie\/assets\/uploads\/2018\/02\/parents-positif.jpg","contentUrl":"https:\/\/www.florenceservanschreiber.com\/3kifsacademie\/assets\/uploads\/2018\/02\/parents-positif.jpg"},{"@type":"BreadcrumbList","@id":"https:\/\/www.florenceservanschreiber.com\/3kifsacademie\/produit\/etre-un-parent-positif\/#breadcrumb","itemListElement":[{"@type":"ListItem","position":1,"name":"Home","item":"https:\/\/www.florenceservanschreiber.com\/3kifsacademie\/"},{"@type":"ListItem","position":2,"name":"Boutique","item":"https:\/\/www.florenceservanschreiber.com\/3kifsacademie\/boutique\/"},{"@type":"ListItem","position":3,"name":"Etre un parent positif"}]},{"@type":"WebSite","@id":"https:\/\/www.florenceservanschreiber.com\/3kifsacademie\/#website","url":"https:\/\/www.florenceservanschreiber.com\/3kifsacademie\/","name":"3kifsacademie by Florence Servan-Schreiber","description":"Apprendre la psychologie positive, s&#039;\u00e9panouir et kiffer !","potentialAction":[{"@type":"SearchAction","target":{"@type":"EntryPoint","urlTemplate":"https:\/\/www.florenceservanschreiber.com\/3kifsacademie\/?s={search_term_string}"},"query-input":{"@type":"PropertyValueSpecification","valueRequired":true,"valueName":"search_term_string"}}],"inLanguage":"fr-FR"}]}},"_links":{"self":[{"href":"https:\/\/www.florenceservanschreiber.com\/3kifsacademie\/wp-json\/wp\/v2\/product\/16140","targetHints":{"allow":["GET"]}}],"collection":[{"href":"https:\/\/www.florenceservanschreiber.com\/3kifsacademie\/wp-json\/wp\/v2\/product"}],"about":[{"href":"https:\/\/www.florenceservanschreiber.com\/3kifsacademie\/wp-json\/wp\/v2\/types\/product"}],"version-history":[{"count":0,"href":"https:\/\/www.florenceservanschreiber.com\/3kifsacademie\/wp-json\/wp\/v2\/product\/16140\/revisions"}],"wp:featuredmedia":[{"embeddable":true,"href":"https:\/\/www.florenceservanschreiber.com\/3kifsacademie\/wp-json\/wp\/v2\/media\/23831"}],"wp:attachment":[{"href":"https:\/\/www.florenceservanschreiber.com\/3kifsacademie\/wp-json\/wp\/v2\/media?parent=16140"}],"wp:term":[{"taxonomy":"product_brand","embeddable":true,"href":"https:\/\/www.florenceservanschreiber.com\/3kifsacademie\/wp-json\/wp\/v2\/product_brand?post=16140"},{"taxonomy":"product_cat","embeddable":true,"href":"https:\/\/www.florenceservanschreiber.com\/3kifsacademie\/wp-json\/wp\/v2\/product_cat?post=16140"},{"taxonomy":"product_tag","embeddable":true,"href":"https:\/\/www.florenceservanschreiber.com\/3kifsacademie\/wp-json\/wp\/v2\/product_tag?post=16140"}],"curies":[{"name":"wp","href":"https:\/\/api.w.org\/{rel}","templated":true}]}}