{"id":16120,"date":"2018-02-06T17:48:07","date_gmt":"2018-02-06T16:48:07","guid":{"rendered":"https:\/\/www.florenceservanschreiber.com\/3kifsacademie\/produit\/etre-plus-heureux-sans-effort\/"},"modified":"2022-06-14T12:39:58","modified_gmt":"2022-06-14T10:39:58","slug":"etre-plus-heureux-sans-effort","status":"publish","type":"product","link":"https:\/\/www.florenceservanschreiber.com\/3kifsacademie\/produit\/etre-plus-heureux-sans-effort\/","title":{"rendered":"Etre plus heureux sans effort"},"content":{"rendered":"<div>Cet auto atelier est un parcours de 7 jours pour exp\u00e9rimenter les ressorts imm\u00e9diats du bonheur. On y apprend \u00e0 :<\/div>\n<ul>\n<li>scanner la r\u00e9alit\u00e9<\/li>\n<li><span style=\"color: #515151;\">d\u00e9poussi\u00e9rer\u00a0ses capacit\u00e9s<\/span><\/li>\n<li>amplifier ses \u00e9motions positives<\/li>\n<li>et savourer !<\/li>\n<\/ul>\n<div>\u00a0<\/div>\n<div class=\"wrapper-video\"><iframe src=\"https:\/\/player.vimeo.com\/video\/149147946\" frameborder=\"0\" allowfullscreen=\"allowfullscreen\"><\/iframe><\/div>\n<h2>QUE S&#8217;Y PASSE-T-IL ?<\/h2>\n<div>\n<div>\n<div>\n<div>Pendant 7 jours, vous recevez une le\u00e7on et une mission par jour.<\/div>\n<\/div>\n<\/div>\n<div>\n<div>\u00a0<\/div>\n<\/div>\n<\/div>\n<div>Au cours du programme\u00a0<em>Etre plus heureux sans effort<\/em>, vous d\u00e9couvrez LES 10 activit\u00e9s qui rendent instantan\u00e9ment heureux sans avoir besoin, ni de changer de vie, ni m\u00eame de bouger de chez soi.<\/div>\n<div>Enfin presque !<\/div>\n<h2>LES B\u00c9N\u00c9FICES DE CET AUTO-ATELIER :<\/h2>\n<p>1. Rel\u00e2cher vos r\u00e9flexes \u00e9l\u00e9mentaires<\/p>\n<p>2. Rafra\u00eechir votre capacit\u00e9 \u00e0 \u00eatre heureux<\/p>\n<p>3. Amplifier vos exp\u00e9riences favorites<\/p>\n<p>4. Enrichir votre banque de satisfaction<\/p>\n<p>5. \u00catre fier de vous-m\u00eame sans \u00eatre auto-suffisant<\/p>\n<p>6. Aiguiser vos perceptions sensorielles<\/p>\n<p>7. Chasser les pens\u00e9es n\u00e9gatives<\/p>\n<p>8. Compter les bienfaits<\/p>\n<p>9. Se rappeler que tout passe tr\u00e8s vite.<\/p>\n<p>&nbsp;<\/p>\n<div>\u00a0<\/div>\n<div>Mais dans le d\u00e9sordre \ud83d\ude09<\/div>\n<div>\u00a0<\/div>\n<div>\u00a0<\/div>\n<div>Vous laissez-vous tenter par la simplicit\u00e9 profonde de ce voyage ?<\/div>\n<div>\u00a0<\/div>\n<div>\u00a0<\/div>\n<div>\u00a0<\/div>\n<div><em><strong>Ce cours a \u00e9t\u00e9 pl\u00e9biscit\u00e9 par\u00a0<\/strong><\/em><\/div>\n<div>\u00a0<\/div>\n<div><a href=\"http:\/\/www.florenceservanschreiber.com\/3kifsacademie\/actualites\/j-ai-teste-un-cours-de-bonheur-en-ligne\" target=\"_blank\" rel=\"noopener noreferrer\"><img decoding=\"async\" style=\"float: left;\" src=\"\/main\/images\/upload\/image\/aeb2450.png\" alt=\"Femme Actuelle\" \/><\/a><\/div>\n","protected":false},"excerpt":{"rendered":"<p>Pour scanner la r\u00e9alit\u00e9,\u00a0d\u00e9poussi\u00e9rer\u00a0ses capacit\u00e9,\u00a0amplifier ses \u00e9motions positives\u00a0et savourer.<\/p>\n","protected":false},"featured_media":23834,"template":"","meta":{"_acf_changed":false,"_et_pb_use_builder":"","_et_pb_old_content":"","_et_gb_content_width":"","footnotes":""},"product_brand":[],"product_cat":[16,17],"product_tag":[],"class_list":{"0":"post-16120","1":"product","2":"type-product","3":"status-publish","4":"has-post-thumbnail","6":"product_cat-cours","7":"product_cat-atelier","9":"first","10":"instock","11":"virtual","12":"taxable","13":"purchasable","14":"product-type-simple"},"acf":[],"yoast_head":"<!-- This site is optimized with the Yoast SEO plugin v27.4 - https:\/\/yoast.com\/product\/yoast-seo-wordpress\/ -->\n<title>Etre plus heureux sans effort - 3kifsacademie by Florence Servan-Schreiber<\/title>\n<meta name=\"robots\" content=\"index, follow, max-snippet:-1, max-image-preview:large, max-video-preview:-1\" \/>\n<link rel=\"canonical\" href=\"https:\/\/www.florenceservanschreiber.com\/3kifsacademie\/produit\/etre-plus-heureux-sans-effort\/\" \/>\n<meta property=\"og:locale\" content=\"fr_FR\" \/>\n<meta property=\"og:type\" content=\"article\" \/>\n<meta property=\"og:title\" content=\"Etre plus heureux sans effort - 3kifsacademie by Florence Servan-Schreiber\" \/>\n<meta property=\"og:description\" content=\"Pour scanner la r\u00e9alit\u00e9,\u00a0d\u00e9poussi\u00e9rer\u00a0ses capacit\u00e9,\u00a0amplifier ses \u00e9motions positives\u00a0et savourer.\" \/>\n<meta property=\"og:url\" content=\"https:\/\/www.florenceservanschreiber.com\/3kifsacademie\/produit\/etre-plus-heureux-sans-effort\/\" \/>\n<meta property=\"og:site_name\" content=\"3kifsacademie by Florence Servan-Schreiber\" \/>\n<meta property=\"article:modified_time\" content=\"2022-06-14T10:39:58+00:00\" \/>\n<meta property=\"og:image\" content=\"https:\/\/www.florenceservanschreiber.com\/3kifsacademie\/assets\/uploads\/2018\/02\/heureux-sans-efforts-2.jpg\" \/>\n\t<meta property=\"og:image:width\" content=\"1\" \/>\n\t<meta property=\"og:image:height\" content=\"1\" \/>\n\t<meta property=\"og:image:type\" content=\"image\/jpeg\" \/>\n<meta name=\"twitter:card\" content=\"summary_large_image\" \/>\n<meta name=\"twitter:label1\" content=\"Dur\u00e9e de lecture estim\u00e9e\" \/>\n\t<meta name=\"twitter:data1\" content=\"2 minutes\" \/>\n<script type=\"application\/ld+json\" class=\"yoast-schema-graph\">{\"@context\":\"https:\\\/\\\/schema.org\",\"@graph\":[{\"@type\":\"WebPage\",\"@id\":\"https:\\\/\\\/www.florenceservanschreiber.com\\\/3kifsacademie\\\/produit\\\/etre-plus-heureux-sans-effort\\\/\",\"url\":\"https:\\\/\\\/www.florenceservanschreiber.com\\\/3kifsacademie\\\/produit\\\/etre-plus-heureux-sans-effort\\\/\",\"name\":\"Etre plus heureux sans effort - 3kifsacademie by Florence Servan-Schreiber\",\"isPartOf\":{\"@id\":\"https:\\\/\\\/www.florenceservanschreiber.com\\\/3kifsacademie\\\/#website\"},\"primaryImageOfPage\":{\"@id\":\"https:\\\/\\\/www.florenceservanschreiber.com\\\/3kifsacademie\\\/produit\\\/etre-plus-heureux-sans-effort\\\/#primaryimage\"},\"image\":{\"@id\":\"https:\\\/\\\/www.florenceservanschreiber.com\\\/3kifsacademie\\\/produit\\\/etre-plus-heureux-sans-effort\\\/#primaryimage\"},\"thumbnailUrl\":\"https:\\\/\\\/www.florenceservanschreiber.com\\\/3kifsacademie\\\/assets\\\/uploads\\\/2018\\\/02\\\/heureux-sans-efforts-2.jpg\",\"datePublished\":\"2018-02-06T16:48:07+00:00\",\"dateModified\":\"2022-06-14T10:39:58+00:00\",\"breadcrumb\":{\"@id\":\"https:\\\/\\\/www.florenceservanschreiber.com\\\/3kifsacademie\\\/produit\\\/etre-plus-heureux-sans-effort\\\/#breadcrumb\"},\"inLanguage\":\"fr-FR\",\"potentialAction\":[{\"@type\":\"ReadAction\",\"target\":[\"https:\\\/\\\/www.florenceservanschreiber.com\\\/3kifsacademie\\\/produit\\\/etre-plus-heureux-sans-effort\\\/\"]}]},{\"@type\":\"ImageObject\",\"inLanguage\":\"fr-FR\",\"@id\":\"https:\\\/\\\/www.florenceservanschreiber.com\\\/3kifsacademie\\\/produit\\\/etre-plus-heureux-sans-effort\\\/#primaryimage\",\"url\":\"https:\\\/\\\/www.florenceservanschreiber.com\\\/3kifsacademie\\\/assets\\\/uploads\\\/2018\\\/02\\\/heureux-sans-efforts-2.jpg\",\"contentUrl\":\"https:\\\/\\\/www.florenceservanschreiber.com\\\/3kifsacademie\\\/assets\\\/uploads\\\/2018\\\/02\\\/heureux-sans-efforts-2.jpg\"},{\"@type\":\"BreadcrumbList\",\"@id\":\"https:\\\/\\\/www.florenceservanschreiber.com\\\/3kifsacademie\\\/produit\\\/etre-plus-heureux-sans-effort\\\/#breadcrumb\",\"itemListElement\":[{\"@type\":\"ListItem\",\"position\":1,\"name\":\"Home\",\"item\":\"https:\\\/\\\/www.florenceservanschreiber.com\\\/3kifsacademie\\\/\"},{\"@type\":\"ListItem\",\"position\":2,\"name\":\"Boutique\",\"item\":\"https:\\\/\\\/www.florenceservanschreiber.com\\\/3kifsacademie\\\/boutique\\\/\"},{\"@type\":\"ListItem\",\"position\":3,\"name\":\"Etre plus heureux sans effort\"}]},{\"@type\":\"WebSite\",\"@id\":\"https:\\\/\\\/www.florenceservanschreiber.com\\\/3kifsacademie\\\/#website\",\"url\":\"https:\\\/\\\/www.florenceservanschreiber.com\\\/3kifsacademie\\\/\",\"name\":\"3kifsacademie by Florence Servan-Schreiber\",\"description\":\"Apprendre la psychologie positive, s&#039;\u00e9panouir et kiffer !\",\"potentialAction\":[{\"@type\":\"SearchAction\",\"target\":{\"@type\":\"EntryPoint\",\"urlTemplate\":\"https:\\\/\\\/www.florenceservanschreiber.com\\\/3kifsacademie\\\/?s={search_term_string}\"},\"query-input\":{\"@type\":\"PropertyValueSpecification\",\"valueRequired\":true,\"valueName\":\"search_term_string\"}}],\"inLanguage\":\"fr-FR\"}]}<\/script>\n<!-- \/ Yoast SEO plugin. -->","yoast_head_json":{"title":"Etre plus heureux sans effort - 3kifsacademie by Florence Servan-Schreiber","robots":{"index":"index","follow":"follow","max-snippet":"max-snippet:-1","max-image-preview":"max-image-preview:large","max-video-preview":"max-video-preview:-1"},"canonical":"https:\/\/www.florenceservanschreiber.com\/3kifsacademie\/produit\/etre-plus-heureux-sans-effort\/","og_locale":"fr_FR","og_type":"article","og_title":"Etre plus heureux sans effort - 3kifsacademie by Florence Servan-Schreiber","og_description":"Pour scanner la r\u00e9alit\u00e9,\u00a0d\u00e9poussi\u00e9rer\u00a0ses capacit\u00e9,\u00a0amplifier ses \u00e9motions positives\u00a0et savourer.","og_url":"https:\/\/www.florenceservanschreiber.com\/3kifsacademie\/produit\/etre-plus-heureux-sans-effort\/","og_site_name":"3kifsacademie by Florence Servan-Schreiber","article_modified_time":"2022-06-14T10:39:58+00:00","og_image":[{"url":"https:\/\/www.florenceservanschreiber.com\/3kifsacademie\/assets\/uploads\/2018\/02\/heureux-sans-efforts-2.jpg","width":1,"height":1,"type":"image\/jpeg"}],"twitter_card":"summary_large_image","twitter_misc":{"Dur\u00e9e de lecture estim\u00e9e":"2 minutes"},"schema":{"@context":"https:\/\/schema.org","@graph":[{"@type":"WebPage","@id":"https:\/\/www.florenceservanschreiber.com\/3kifsacademie\/produit\/etre-plus-heureux-sans-effort\/","url":"https:\/\/www.florenceservanschreiber.com\/3kifsacademie\/produit\/etre-plus-heureux-sans-effort\/","name":"Etre plus heureux sans effort - 3kifsacademie by Florence Servan-Schreiber","isPartOf":{"@id":"https:\/\/www.florenceservanschreiber.com\/3kifsacademie\/#website"},"primaryImageOfPage":{"@id":"https:\/\/www.florenceservanschreiber.com\/3kifsacademie\/produit\/etre-plus-heureux-sans-effort\/#primaryimage"},"image":{"@id":"https:\/\/www.florenceservanschreiber.com\/3kifsacademie\/produit\/etre-plus-heureux-sans-effort\/#primaryimage"},"thumbnailUrl":"https:\/\/www.florenceservanschreiber.com\/3kifsacademie\/assets\/uploads\/2018\/02\/heureux-sans-efforts-2.jpg","datePublished":"2018-02-06T16:48:07+00:00","dateModified":"2022-06-14T10:39:58+00:00","breadcrumb":{"@id":"https:\/\/www.florenceservanschreiber.com\/3kifsacademie\/produit\/etre-plus-heureux-sans-effort\/#breadcrumb"},"inLanguage":"fr-FR","potentialAction":[{"@type":"ReadAction","target":["https:\/\/www.florenceservanschreiber.com\/3kifsacademie\/produit\/etre-plus-heureux-sans-effort\/"]}]},{"@type":"ImageObject","inLanguage":"fr-FR","@id":"https:\/\/www.florenceservanschreiber.com\/3kifsacademie\/produit\/etre-plus-heureux-sans-effort\/#primaryimage","url":"https:\/\/www.florenceservanschreiber.com\/3kifsacademie\/assets\/uploads\/2018\/02\/heureux-sans-efforts-2.jpg","contentUrl":"https:\/\/www.florenceservanschreiber.com\/3kifsacademie\/assets\/uploads\/2018\/02\/heureux-sans-efforts-2.jpg"},{"@type":"BreadcrumbList","@id":"https:\/\/www.florenceservanschreiber.com\/3kifsacademie\/produit\/etre-plus-heureux-sans-effort\/#breadcrumb","itemListElement":[{"@type":"ListItem","position":1,"name":"Home","item":"https:\/\/www.florenceservanschreiber.com\/3kifsacademie\/"},{"@type":"ListItem","position":2,"name":"Boutique","item":"https:\/\/www.florenceservanschreiber.com\/3kifsacademie\/boutique\/"},{"@type":"ListItem","position":3,"name":"Etre plus heureux sans effort"}]},{"@type":"WebSite","@id":"https:\/\/www.florenceservanschreiber.com\/3kifsacademie\/#website","url":"https:\/\/www.florenceservanschreiber.com\/3kifsacademie\/","name":"3kifsacademie by Florence Servan-Schreiber","description":"Apprendre la psychologie positive, s&#039;\u00e9panouir et kiffer !","potentialAction":[{"@type":"SearchAction","target":{"@type":"EntryPoint","urlTemplate":"https:\/\/www.florenceservanschreiber.com\/3kifsacademie\/?s={search_term_string}"},"query-input":{"@type":"PropertyValueSpecification","valueRequired":true,"valueName":"search_term_string"}}],"inLanguage":"fr-FR"}]}},"_links":{"self":[{"href":"https:\/\/www.florenceservanschreiber.com\/3kifsacademie\/wp-json\/wp\/v2\/product\/16120","targetHints":{"allow":["GET"]}}],"collection":[{"href":"https:\/\/www.florenceservanschreiber.com\/3kifsacademie\/wp-json\/wp\/v2\/product"}],"about":[{"href":"https:\/\/www.florenceservanschreiber.com\/3kifsacademie\/wp-json\/wp\/v2\/types\/product"}],"version-history":[{"count":0,"href":"https:\/\/www.florenceservanschreiber.com\/3kifsacademie\/wp-json\/wp\/v2\/product\/16120\/revisions"}],"wp:featuredmedia":[{"embeddable":true,"href":"https:\/\/www.florenceservanschreiber.com\/3kifsacademie\/wp-json\/wp\/v2\/media\/23834"}],"wp:attachment":[{"href":"https:\/\/www.florenceservanschreiber.com\/3kifsacademie\/wp-json\/wp\/v2\/media?parent=16120"}],"wp:term":[{"taxonomy":"product_brand","embeddable":true,"href":"https:\/\/www.florenceservanschreiber.com\/3kifsacademie\/wp-json\/wp\/v2\/product_brand?post=16120"},{"taxonomy":"product_cat","embeddable":true,"href":"https:\/\/www.florenceservanschreiber.com\/3kifsacademie\/wp-json\/wp\/v2\/product_cat?post=16120"},{"taxonomy":"product_tag","embeddable":true,"href":"https:\/\/www.florenceservanschreiber.com\/3kifsacademie\/wp-json\/wp\/v2\/product_tag?post=16120"}],"curies":[{"name":"wp","href":"https:\/\/api.w.org\/{rel}","templated":true}]}}