{"id":16116,"date":"2018-02-06T17:48:05","date_gmt":"2018-02-06T16:48:05","guid":{"rendered":"https:\/\/www.florenceservanschreiber.com\/3kifsacademie\/produit\/savoir-ce-quon-veut-vraiment\/"},"modified":"2020-01-14T13:13:15","modified_gmt":"2020-01-14T12:13:15","slug":"savoir-ce-quon-veut-vraiment","status":"publish","type":"product","link":"https:\/\/www.florenceservanschreiber.com\/3kifsacademie\/produit\/savoir-ce-quon-veut-vraiment\/","title":{"rendered":"Savoir ce qu&#8217;on veut vraiment"},"content":{"rendered":"<div>\n<div>Cet auto-atelier est un parcours de 7 exercices \u00e0 faire chez soi, \u00e0 son rythme, pour d\u00e9busquer ses\u00a0envies et d\u00e9couvrir la liste de ce que l\u2019on veut, profond\u00e9ment.<\/div>\n<div>\u00a0<\/div>\n<div>En\u00a0d\u2019autres termes, que veut-on :<\/div>\n<ul>\n<li>vivre,<\/li>\n<li>ressentir,<\/li>\n<li>accomplir<\/li>\n<li>ou signer ?<\/li>\n<\/ul>\n<\/div>\n<div class=\"wrapper-video\"><iframe src=\"https:\/\/player.vimeo.com\/video\/141064480\" frameborder=\"0\" allowfullscreen=\"allowfullscreen\"><\/iframe><\/div>\n<div>\n<h2>QUE S&#8217;Y PASSE-T-IL ?<\/h2>\n<p>On ne sait pas toujours r\u00e9pondre \u00e0 la question \u00ab<strong>\u00a0De quoi as-tu envie\u00a0? <em>Vraiment<\/em> envie\u00a0?<\/strong>\u00a0\u00bb<\/p>\n<div>\u00a0<\/div>\n<\/div>\n<div>Car au-del\u00e0 de nos petites\u00a0envies\u00a0du quotidien ou d\u2019un \u00e9ventuel choix de destination de vacances, nous aspirons \u00e0 des choses plus profondes qui donnent du sens \u00e0 nos projets et \u00e0 notre parcours.<\/div>\n<div>\u00a0<\/div>\n<div>Pour les r\u00e9veiller, il est n\u00e9cessaire de se poser de temps en temps et d&#8217;enrichir la panoplie des questions qui vont nous y mener.\u00a0Nos vrais besoins sont enfouis sous nos pr\u00e9f\u00e9rences et nos r\u00e9alisations pass\u00e9es. Et choisir les bons projets peut nous aider \u00e0 r\u00e9v\u00e9ler des parties de nous encore peu exploit\u00e9es.<\/div>\n<div>\u00a0<\/div>\n<div>S\u2019\u00e9panouir\u00a0consiste \u00e0\u00a0exprimer\u00a0tous les recoins de nous-m\u00eame. Comprendre par o\u00f9 passer pour le faire consiste \u00e0 programmer son GPS int\u00e9rieur. Ca facilite le voyage sans nous emp\u00eacher de profiter du paysage.<\/div>\n<div>\u00a0<\/div>\n<div>\n<div>\n<div><strong>Savoir ce qu\u2019on veut vraiment<\/strong> est un atelier \u00e0 base de questions, de\u00a0listes et de conversations \u00e0 engager avec son entourage, pour explorer vos envies, vos moteurs, votre environnement, vos priorit\u00e9s et vos besoins.<\/div>\n<div>\u00a0<\/div>\n<div>\u00a0<\/div>\n<h2>LES B\u00c9N\u00c9FICES DE CET AUTO-ATELIER :<\/h2>\n<div>\u00a0<\/div>\n<div>\n<div><strong>1.<\/strong> Anticiper la r\u00e9ussite<\/div>\n<div>\u00a0<\/div>\n<\/div>\n<div>\n<div><strong>2.<\/strong> Affirmer ses pr\u00e9f\u00e9rences<\/div>\n<\/div>\n<div>\n<div>\n<div>\u00a0<\/div>\n<\/div>\n<\/div>\n<div><strong>3.<\/strong> Lib\u00e9rer son \u00e9nergie<\/div>\n<div>\n<div>\n<div>\u00a0<\/div>\n<\/div>\n<\/div>\n<div><strong>4.<\/strong> Transformer\u00a0le n\u00e9gatif<\/div>\n<div>\n<div>\u00a0<\/div>\n<div><strong>5.<\/strong>\u00a0Mieux se conna\u00eetre<\/div>\n<\/div>\n<div>\n<div>\n<div>\u00a0<\/div>\n<\/div>\n<\/div>\n<div><strong>6.<\/strong> Se projeter<\/div>\n<div>\n<div>\n<div>\u00a0<\/div>\n<\/div>\n<\/div>\n<div><strong>7.<\/strong> Se donner les moyens d\u2019obtenir ce qu\u2019on veut.<\/div>\n<div>\u00a0<\/div>\n<\/div>\n<\/div>\n","protected":false},"excerpt":{"rendered":"<p>Comment retrouver ce \u00e0 quoi nous aspirons de plus profondes pour donner du sens \u00e0 nos projets et \u00e0 notre parcours.<\/p>\n","protected":false},"featured_media":23835,"template":"","meta":{"_acf_changed":false,"_et_pb_use_builder":"","_et_pb_old_content":"","_et_gb_content_width":"","footnotes":""},"product_brand":[],"product_cat":[16,17],"product_tag":[],"class_list":{"0":"post-16116","1":"product","2":"type-product","3":"status-publish","4":"has-post-thumbnail","6":"product_cat-cours","7":"product_cat-atelier","9":"first","10":"instock","11":"virtual","12":"taxable","13":"purchasable","14":"product-type-simple"},"acf":[],"yoast_head":"<!-- This site is optimized with the Yoast SEO plugin v27.4 - https:\/\/yoast.com\/product\/yoast-seo-wordpress\/ -->\n<title>Savoir ce qu&#039;on veut vraiment - 3kifsacademie by Florence Servan-Schreiber<\/title>\n<meta name=\"robots\" content=\"index, follow, max-snippet:-1, max-image-preview:large, max-video-preview:-1\" \/>\n<link rel=\"canonical\" href=\"https:\/\/www.florenceservanschreiber.com\/3kifsacademie\/produit\/savoir-ce-quon-veut-vraiment\/\" \/>\n<meta property=\"og:locale\" content=\"fr_FR\" \/>\n<meta property=\"og:type\" content=\"article\" \/>\n<meta property=\"og:title\" content=\"Savoir ce qu&#039;on veut vraiment - 3kifsacademie by Florence Servan-Schreiber\" \/>\n<meta property=\"og:description\" content=\"Comment retrouver ce \u00e0 quoi nous aspirons de plus profondes pour donner du sens \u00e0 nos projets et \u00e0 notre parcours.\" \/>\n<meta property=\"og:url\" content=\"https:\/\/www.florenceservanschreiber.com\/3kifsacademie\/produit\/savoir-ce-quon-veut-vraiment\/\" \/>\n<meta property=\"og:site_name\" content=\"3kifsacademie by Florence Servan-Schreiber\" \/>\n<meta property=\"article:modified_time\" content=\"2020-01-14T12:13:15+00:00\" \/>\n<meta property=\"og:image\" content=\"https:\/\/www.florenceservanschreiber.com\/3kifsacademie\/assets\/uploads\/2018\/02\/savoir-veut-vraiment-2.jpg\" \/>\n\t<meta property=\"og:image:width\" content=\"1\" \/>\n\t<meta property=\"og:image:height\" content=\"1\" \/>\n\t<meta property=\"og:image:type\" content=\"image\/jpeg\" \/>\n<meta name=\"twitter:card\" content=\"summary_large_image\" \/>\n<meta name=\"twitter:label1\" content=\"Dur\u00e9e de lecture estim\u00e9e\" \/>\n\t<meta name=\"twitter:data1\" content=\"1 minute\" \/>\n<script type=\"application\/ld+json\" class=\"yoast-schema-graph\">{\"@context\":\"https:\\\/\\\/schema.org\",\"@graph\":[{\"@type\":\"WebPage\",\"@id\":\"https:\\\/\\\/www.florenceservanschreiber.com\\\/3kifsacademie\\\/produit\\\/savoir-ce-quon-veut-vraiment\\\/\",\"url\":\"https:\\\/\\\/www.florenceservanschreiber.com\\\/3kifsacademie\\\/produit\\\/savoir-ce-quon-veut-vraiment\\\/\",\"name\":\"Savoir ce qu'on veut vraiment - 3kifsacademie by Florence Servan-Schreiber\",\"isPartOf\":{\"@id\":\"https:\\\/\\\/www.florenceservanschreiber.com\\\/3kifsacademie\\\/#website\"},\"primaryImageOfPage\":{\"@id\":\"https:\\\/\\\/www.florenceservanschreiber.com\\\/3kifsacademie\\\/produit\\\/savoir-ce-quon-veut-vraiment\\\/#primaryimage\"},\"image\":{\"@id\":\"https:\\\/\\\/www.florenceservanschreiber.com\\\/3kifsacademie\\\/produit\\\/savoir-ce-quon-veut-vraiment\\\/#primaryimage\"},\"thumbnailUrl\":\"https:\\\/\\\/www.florenceservanschreiber.com\\\/3kifsacademie\\\/assets\\\/uploads\\\/2018\\\/02\\\/savoir-veut-vraiment-2.jpg\",\"datePublished\":\"2018-02-06T16:48:05+00:00\",\"dateModified\":\"2020-01-14T12:13:15+00:00\",\"breadcrumb\":{\"@id\":\"https:\\\/\\\/www.florenceservanschreiber.com\\\/3kifsacademie\\\/produit\\\/savoir-ce-quon-veut-vraiment\\\/#breadcrumb\"},\"inLanguage\":\"fr-FR\",\"potentialAction\":[{\"@type\":\"ReadAction\",\"target\":[\"https:\\\/\\\/www.florenceservanschreiber.com\\\/3kifsacademie\\\/produit\\\/savoir-ce-quon-veut-vraiment\\\/\"]}]},{\"@type\":\"ImageObject\",\"inLanguage\":\"fr-FR\",\"@id\":\"https:\\\/\\\/www.florenceservanschreiber.com\\\/3kifsacademie\\\/produit\\\/savoir-ce-quon-veut-vraiment\\\/#primaryimage\",\"url\":\"https:\\\/\\\/www.florenceservanschreiber.com\\\/3kifsacademie\\\/assets\\\/uploads\\\/2018\\\/02\\\/savoir-veut-vraiment-2.jpg\",\"contentUrl\":\"https:\\\/\\\/www.florenceservanschreiber.com\\\/3kifsacademie\\\/assets\\\/uploads\\\/2018\\\/02\\\/savoir-veut-vraiment-2.jpg\"},{\"@type\":\"BreadcrumbList\",\"@id\":\"https:\\\/\\\/www.florenceservanschreiber.com\\\/3kifsacademie\\\/produit\\\/savoir-ce-quon-veut-vraiment\\\/#breadcrumb\",\"itemListElement\":[{\"@type\":\"ListItem\",\"position\":1,\"name\":\"Home\",\"item\":\"https:\\\/\\\/www.florenceservanschreiber.com\\\/3kifsacademie\\\/\"},{\"@type\":\"ListItem\",\"position\":2,\"name\":\"Boutique\",\"item\":\"https:\\\/\\\/www.florenceservanschreiber.com\\\/3kifsacademie\\\/boutique\\\/\"},{\"@type\":\"ListItem\",\"position\":3,\"name\":\"Savoir ce qu&#8217;on veut vraiment\"}]},{\"@type\":\"WebSite\",\"@id\":\"https:\\\/\\\/www.florenceservanschreiber.com\\\/3kifsacademie\\\/#website\",\"url\":\"https:\\\/\\\/www.florenceservanschreiber.com\\\/3kifsacademie\\\/\",\"name\":\"3kifsacademie by Florence Servan-Schreiber\",\"description\":\"Apprendre la psychologie positive, s&#039;\u00e9panouir et kiffer !\",\"potentialAction\":[{\"@type\":\"SearchAction\",\"target\":{\"@type\":\"EntryPoint\",\"urlTemplate\":\"https:\\\/\\\/www.florenceservanschreiber.com\\\/3kifsacademie\\\/?s={search_term_string}\"},\"query-input\":{\"@type\":\"PropertyValueSpecification\",\"valueRequired\":true,\"valueName\":\"search_term_string\"}}],\"inLanguage\":\"fr-FR\"}]}<\/script>\n<!-- \/ Yoast SEO plugin. -->","yoast_head_json":{"title":"Savoir ce qu'on veut vraiment - 3kifsacademie by Florence Servan-Schreiber","robots":{"index":"index","follow":"follow","max-snippet":"max-snippet:-1","max-image-preview":"max-image-preview:large","max-video-preview":"max-video-preview:-1"},"canonical":"https:\/\/www.florenceservanschreiber.com\/3kifsacademie\/produit\/savoir-ce-quon-veut-vraiment\/","og_locale":"fr_FR","og_type":"article","og_title":"Savoir ce qu'on veut vraiment - 3kifsacademie by Florence Servan-Schreiber","og_description":"Comment retrouver ce \u00e0 quoi nous aspirons de plus profondes pour donner du sens \u00e0 nos projets et \u00e0 notre parcours.","og_url":"https:\/\/www.florenceservanschreiber.com\/3kifsacademie\/produit\/savoir-ce-quon-veut-vraiment\/","og_site_name":"3kifsacademie by Florence Servan-Schreiber","article_modified_time":"2020-01-14T12:13:15+00:00","og_image":[{"url":"https:\/\/www.florenceservanschreiber.com\/3kifsacademie\/assets\/uploads\/2018\/02\/savoir-veut-vraiment-2.jpg","width":1,"height":1,"type":"image\/jpeg"}],"twitter_card":"summary_large_image","twitter_misc":{"Dur\u00e9e de lecture estim\u00e9e":"1 minute"},"schema":{"@context":"https:\/\/schema.org","@graph":[{"@type":"WebPage","@id":"https:\/\/www.florenceservanschreiber.com\/3kifsacademie\/produit\/savoir-ce-quon-veut-vraiment\/","url":"https:\/\/www.florenceservanschreiber.com\/3kifsacademie\/produit\/savoir-ce-quon-veut-vraiment\/","name":"Savoir ce qu'on veut vraiment - 3kifsacademie by Florence Servan-Schreiber","isPartOf":{"@id":"https:\/\/www.florenceservanschreiber.com\/3kifsacademie\/#website"},"primaryImageOfPage":{"@id":"https:\/\/www.florenceservanschreiber.com\/3kifsacademie\/produit\/savoir-ce-quon-veut-vraiment\/#primaryimage"},"image":{"@id":"https:\/\/www.florenceservanschreiber.com\/3kifsacademie\/produit\/savoir-ce-quon-veut-vraiment\/#primaryimage"},"thumbnailUrl":"https:\/\/www.florenceservanschreiber.com\/3kifsacademie\/assets\/uploads\/2018\/02\/savoir-veut-vraiment-2.jpg","datePublished":"2018-02-06T16:48:05+00:00","dateModified":"2020-01-14T12:13:15+00:00","breadcrumb":{"@id":"https:\/\/www.florenceservanschreiber.com\/3kifsacademie\/produit\/savoir-ce-quon-veut-vraiment\/#breadcrumb"},"inLanguage":"fr-FR","potentialAction":[{"@type":"ReadAction","target":["https:\/\/www.florenceservanschreiber.com\/3kifsacademie\/produit\/savoir-ce-quon-veut-vraiment\/"]}]},{"@type":"ImageObject","inLanguage":"fr-FR","@id":"https:\/\/www.florenceservanschreiber.com\/3kifsacademie\/produit\/savoir-ce-quon-veut-vraiment\/#primaryimage","url":"https:\/\/www.florenceservanschreiber.com\/3kifsacademie\/assets\/uploads\/2018\/02\/savoir-veut-vraiment-2.jpg","contentUrl":"https:\/\/www.florenceservanschreiber.com\/3kifsacademie\/assets\/uploads\/2018\/02\/savoir-veut-vraiment-2.jpg"},{"@type":"BreadcrumbList","@id":"https:\/\/www.florenceservanschreiber.com\/3kifsacademie\/produit\/savoir-ce-quon-veut-vraiment\/#breadcrumb","itemListElement":[{"@type":"ListItem","position":1,"name":"Home","item":"https:\/\/www.florenceservanschreiber.com\/3kifsacademie\/"},{"@type":"ListItem","position":2,"name":"Boutique","item":"https:\/\/www.florenceservanschreiber.com\/3kifsacademie\/boutique\/"},{"@type":"ListItem","position":3,"name":"Savoir ce qu&#8217;on veut vraiment"}]},{"@type":"WebSite","@id":"https:\/\/www.florenceservanschreiber.com\/3kifsacademie\/#website","url":"https:\/\/www.florenceservanschreiber.com\/3kifsacademie\/","name":"3kifsacademie by Florence Servan-Schreiber","description":"Apprendre la psychologie positive, s&#039;\u00e9panouir et kiffer !","potentialAction":[{"@type":"SearchAction","target":{"@type":"EntryPoint","urlTemplate":"https:\/\/www.florenceservanschreiber.com\/3kifsacademie\/?s={search_term_string}"},"query-input":{"@type":"PropertyValueSpecification","valueRequired":true,"valueName":"search_term_string"}}],"inLanguage":"fr-FR"}]}},"_links":{"self":[{"href":"https:\/\/www.florenceservanschreiber.com\/3kifsacademie\/wp-json\/wp\/v2\/product\/16116","targetHints":{"allow":["GET"]}}],"collection":[{"href":"https:\/\/www.florenceservanschreiber.com\/3kifsacademie\/wp-json\/wp\/v2\/product"}],"about":[{"href":"https:\/\/www.florenceservanschreiber.com\/3kifsacademie\/wp-json\/wp\/v2\/types\/product"}],"version-history":[{"count":0,"href":"https:\/\/www.florenceservanschreiber.com\/3kifsacademie\/wp-json\/wp\/v2\/product\/16116\/revisions"}],"wp:featuredmedia":[{"embeddable":true,"href":"https:\/\/www.florenceservanschreiber.com\/3kifsacademie\/wp-json\/wp\/v2\/media\/23835"}],"wp:attachment":[{"href":"https:\/\/www.florenceservanschreiber.com\/3kifsacademie\/wp-json\/wp\/v2\/media?parent=16116"}],"wp:term":[{"taxonomy":"product_brand","embeddable":true,"href":"https:\/\/www.florenceservanschreiber.com\/3kifsacademie\/wp-json\/wp\/v2\/product_brand?post=16116"},{"taxonomy":"product_cat","embeddable":true,"href":"https:\/\/www.florenceservanschreiber.com\/3kifsacademie\/wp-json\/wp\/v2\/product_cat?post=16116"},{"taxonomy":"product_tag","embeddable":true,"href":"https:\/\/www.florenceservanschreiber.com\/3kifsacademie\/wp-json\/wp\/v2\/product_tag?post=16116"}],"curies":[{"name":"wp","href":"https:\/\/api.w.org\/{rel}","templated":true}]}}