{"id":16112,"date":"2018-02-06T17:48:04","date_gmt":"2018-02-06T16:48:04","guid":{"rendered":"https:\/\/www.florenceservanschreiber.com\/3kifsacademie\/produit\/le-pouvoir-dun-merci\/"},"modified":"2021-06-04T17:26:10","modified_gmt":"2021-06-04T15:26:10","slug":"le-pouvoir-dun-merci","status":"publish","type":"product","link":"https:\/\/www.florenceservanschreiber.com\/3kifsacademie\/produit\/le-pouvoir-dun-merci\/","title":{"rendered":"Le Pouvoir d&#8217;un Merci"},"content":{"rendered":"<p><span style=\"line-height: 17px;\">Un kit professionnel complet pour animer un atelier de gratitude qui comprend :<\/span><\/p>\n<ul>\n<li><span style=\"line-height: 17px;\">LES OUTILS DE L&#8217;ANIMATEUR<\/span><\/li>\n<li><span style=\"line-height: 17px;\">LES SUPPORTS P<\/span><span class=\"s1\">\u00c9<\/span>DAGOGIQUES<\/li>\n<li><span style=\"line-height: 17px;\">LES MANUELS\u00a0DES PARTICIPANTS<\/span><\/li>\n<li><span style=\"line-height: 17px;\">DES GOODIES POUR 30 PERSONNES<\/span><\/li>\n<li><span style=\"line-height: 17px;\">DES VID<\/span><span class=\"s1\">\u00c9<\/span>OS<\/li>\n<li><span style=\"line-height: 17px;\">DES BONUS D&#8217;ANIMATION<\/span><\/li>\n<\/ul>\n<p>Au prix de 675\u20ac H.T, sans royalties.<\/p>\n<div class=\"wrapper-video\"><iframe src=\"https:\/\/player.vimeo.com\/video\/147028639\" frameborder=\"0\" allowfullscreen=\"allowfullscreen\"><\/iframe><\/div>\n<div class=\"page\" title=\"Page 4\">\n<div class=\"layoutArea\">\n<div class=\"column\">\n<div>\n<div>\n<p>\u00a0<img decoding=\"async\" src=\"\/main\/images\/upload\/image\/photo-kit3.jpg\" alt=\"\" \/><\/p>\n<p>Dynamique et participatif, ce programme de 2h, con\u00e7u pour un groupe de 6 \u00e0 30 participants permet de comprendre les fondements de la gratitude, de la ressentir pendant l&#8217;atelier et d&#8217;agir concr\u00e8tement pour en int\u00e9grer\u00a0les enseignements.<\/p>\n<p><strong>\u00c0 qui s&#8217;adresse-il ?<\/strong><\/p>\n<p>Coachs, animateurs, facilitateurs, enseignants, formateurs, \u00e9ducateurs, professionnels de la relation aux autres ou managers.<\/p>\n<p><strong>Pour quel public ?<\/strong><\/p>\n<p>Particuliers, \u00e9coles, enseignement sup\u00e9rieur, entreprises.<\/p>\n<div>\u00a0<\/div>\n<p><strong>Les objectifs <\/strong>\u00a0:<\/p>\n<ul>\n<li>COMPRENDRE LA GRATITUDE<\/li>\n<li>APPRENDRE \u00c0\u00a0SAVOURER<\/li>\n<li>RENFORCER SON\u00a0SYST\u00c8ME IMMUNITAIRE<\/li>\n<li>ACC<span class=\"s1\">\u00c9<\/span>L<span class=\"s1\">\u00c9<\/span>RER LA RESILIENCE<\/li>\n<li>MUSCLER L&#8217;\u00c9MERVEILLEMENT<\/li>\n<\/ul>\n<div>\n<div><strong>L&#8217;outil pro comprend\u00a0\u00a0:\u00a0<\/strong><\/div>\n<div>\u00a0<\/div>\n<h2 class=\"align_image\"><img decoding=\"async\" style=\"float: left;\" src=\"\/main\/images\/upload\/image\/save-file.png\" alt=\"\" \/>\u00a0 \u00c0 t\u00e9l\u00e9charger<\/h2>\n<\/div>\n<ul>\n<li>1 powerpoint \u00e0 projeter durant l&#8217;atelier<\/li>\n<li>1 d\u00e9roul\u00e9\u00a0minut\u00e9 du programme<\/li>\n<li>1 checklist de l&#8217;animateur<\/li>\n<li>1\u00a0manuel \u00e0 distribuer aux participants (format PDF)<\/li>\n<li>1\u00a0collection de 6 cartes de gratitude (format PDF)<\/li>\n<li>1\u00a0macaron officiel de la Guilde de la Gratitude (pour vos documents et communications)<\/li>\n<li>1\u00a0vid\u00e9o :<em> Le pouvoir de la gratitude<\/em> de Florence Servan-Schreiber.<\/li>\n<li>1 vid\u00e9o pour pr\u00e9senter l&#8217;atelier \u00e0 vos futurs\u00a0participants<\/li>\n<\/ul>\n<\/div>\n<div>\n<h2 class=\"align_image\"><img decoding=\"async\" style=\"float: left;\" src=\"\/main\/images\/upload\/image\/email126.png\" alt=\"\" \/>\u00a0 \u00c0 recevoir par courrier personnel<\/h2>\n<\/div>\n<ul>\n<li>1 guide d\u2019animation d\u00e9taill\u00e9 \u00e9tape par \u00e9tape comprenant les pr\u00e9sentations mot \u00e0 mot, \u00a0les exercices et la possibilit\u00e9 de customiser le message gr\u00e2ce \u00e0 vos exemples.<\/li>\n<li>1 exemplaire de <a href=\"ttp:\/\/www.amazon.fr\/gp\/product\/250109607X\/ref=as_li_tl?ie=UTF8&amp;camp=1642&amp;creative=6746&amp;creativeASIN=250109607X&amp;linkCode=as2&amp;tag=3kifsparjour-21&amp;linkId=RG4QLUYMPPMWQ6EF\"><em>3 kifs par jour et autres rituels recommand\u00e9s par la science du bonheur<\/em> <\/a>(\u00e9ditions Marabout)<\/li>\n<\/ul>\n<h2 class=\"align_image\"><img decoding=\"async\" style=\"float: left;\" src=\"\/main\/images\/upload\/image\/add73.png\" alt=\"\" \/>\u00a0 Bonus<\/h2>\n<\/div>\n<ul>\n<li>30 badges &#8220;Je dis merci&#8221; pour les participants, offerts<\/li>\n<li>60 cartes de gratitude offertes<\/li>\n<li>1 fiche p\u00e9dagogique : 10 conseils pour animer cet\u00a0atelier<\/li>\n<li>1\u00a0acc\u00e8s au\u00a0groupe priv\u00e9 des animateurs sur\u00a0Facebook<\/li>\n<li>1 tuto vid\u00e9o : Animer un atelier de psychologie positive<\/li>\n<\/ul>\n<p>Ce kit complet vous permet d&#8217;organiser un atelier d\u00e8s sa r\u00e9ception.<\/p>\n<\/div>\n<div>\n<p><strong>La gratitude :\u00a0<\/strong>La recherche en Psychologie Positive met l&#8217;accent\u00a0sur la puissance de la gratitude comme outil\u00a0pour renforcer notre syst\u00e8me immunitaire psychologique, quelles que soient nos circonstances de vie.<\/p>\n<\/div>\n<p>Elle\u00a0fonctionne comme un muscle\u00a0et\u00a0peut donc <strong>s&#8217;apprendre et se d\u00e9velopper gr\u00e2ce \u00e0\u00a0des exercices pratiques<\/strong>. Fort de son exp\u00e9rience d&#8217;animation d&#8217;ateliers de gratitude,\u00a0<a href=\"http:\/\/www.florenceservanschreiber.com\/3kifsacademie\/professeurs\/servan-schreiber\">Florence Servan-Schreiber<\/a>\u00a0propose le contenu, les sources et les outils pour animer un atelier\u00a0de d\u00e9couverte et de pratique. Cet atelier a \u00e9t\u00e9 test\u00e9 aupr\u00e8s du grand public et en entreprise.<\/p>\n<p><strong>Prix conseill\u00e9 pour vos participants<\/strong> : 20 \u00e0 30\u20ac.<\/p>\n<\/div>\n<div>\u00a0<\/div>\n<\/div>\n<div>\u00a0<\/div>\n","protected":false},"excerpt":{"rendered":"<p>Un programme de formation pour comprendre les fondements de la gratitude, et agir concr\u00e8tement pour en int\u00e9grer\u00a0les enseignements.<\/p>\n","protected":false},"featured_media":23836,"template":"","meta":{"_acf_changed":false,"_et_pb_use_builder":"","_et_pb_old_content":"","_et_gb_content_width":"","footnotes":""},"product_brand":[],"product_cat":[16,19],"product_tag":[],"class_list":{"0":"post-16112","1":"product","2":"type-product","3":"status-publish","4":"has-post-thumbnail","6":"product_cat-cours","7":"product_cat-kit-pro","9":"first","10":"instock","11":"taxable","12":"shipping-taxable","13":"purchasable","14":"product-type-simple"},"acf":[],"yoast_head":"<!-- This site is optimized with the Yoast SEO plugin v27.5 - https:\/\/yoast.com\/product\/yoast-seo-wordpress\/ -->\n<title>Le Pouvoir d&#039;un Merci - 3kifsacademie by Florence Servan-Schreiber<\/title>\n<meta name=\"robots\" content=\"index, follow, max-snippet:-1, max-image-preview:large, max-video-preview:-1\" \/>\n<link rel=\"canonical\" href=\"https:\/\/www.florenceservanschreiber.com\/3kifsacademie\/produit\/le-pouvoir-dun-merci\/\" \/>\n<meta property=\"og:locale\" content=\"fr_FR\" \/>\n<meta property=\"og:type\" content=\"article\" \/>\n<meta property=\"og:title\" content=\"Le Pouvoir d&#039;un Merci - 3kifsacademie by Florence Servan-Schreiber\" \/>\n<meta property=\"og:description\" content=\"Un programme de formation pour comprendre les fondements de la gratitude, et agir concr\u00e8tement pour en int\u00e9grer\u00a0les enseignements.\" \/>\n<meta property=\"og:url\" content=\"https:\/\/www.florenceservanschreiber.com\/3kifsacademie\/produit\/le-pouvoir-dun-merci\/\" \/>\n<meta property=\"og:site_name\" content=\"3kifsacademie by Florence Servan-Schreiber\" \/>\n<meta property=\"article:modified_time\" content=\"2021-06-04T15:26:10+00:00\" \/>\n<meta property=\"og:image\" content=\"https:\/\/www.florenceservanschreiber.com\/3kifsacademie\/assets\/uploads\/2018\/02\/pouvoir-merci-4.jpg\" \/>\n\t<meta property=\"og:image:width\" content=\"1\" \/>\n\t<meta property=\"og:image:height\" content=\"1\" \/>\n\t<meta property=\"og:image:type\" content=\"image\/jpeg\" \/>\n<meta name=\"twitter:card\" content=\"summary_large_image\" \/>\n<meta name=\"twitter:label1\" content=\"Dur\u00e9e de lecture estim\u00e9e\" \/>\n\t<meta name=\"twitter:data1\" content=\"3 minutes\" \/>\n<script type=\"application\/ld+json\" class=\"yoast-schema-graph\">{\"@context\":\"https:\\\/\\\/schema.org\",\"@graph\":[{\"@type\":\"WebPage\",\"@id\":\"https:\\\/\\\/www.florenceservanschreiber.com\\\/3kifsacademie\\\/produit\\\/le-pouvoir-dun-merci\\\/\",\"url\":\"https:\\\/\\\/www.florenceservanschreiber.com\\\/3kifsacademie\\\/produit\\\/le-pouvoir-dun-merci\\\/\",\"name\":\"Le Pouvoir d'un Merci - 3kifsacademie by Florence Servan-Schreiber\",\"isPartOf\":{\"@id\":\"https:\\\/\\\/www.florenceservanschreiber.com\\\/3kifsacademie\\\/#website\"},\"primaryImageOfPage\":{\"@id\":\"https:\\\/\\\/www.florenceservanschreiber.com\\\/3kifsacademie\\\/produit\\\/le-pouvoir-dun-merci\\\/#primaryimage\"},\"image\":{\"@id\":\"https:\\\/\\\/www.florenceservanschreiber.com\\\/3kifsacademie\\\/produit\\\/le-pouvoir-dun-merci\\\/#primaryimage\"},\"thumbnailUrl\":\"https:\\\/\\\/www.florenceservanschreiber.com\\\/3kifsacademie\\\/assets\\\/uploads\\\/2018\\\/02\\\/pouvoir-merci-4.jpg\",\"datePublished\":\"2018-02-06T16:48:04+00:00\",\"dateModified\":\"2021-06-04T15:26:10+00:00\",\"breadcrumb\":{\"@id\":\"https:\\\/\\\/www.florenceservanschreiber.com\\\/3kifsacademie\\\/produit\\\/le-pouvoir-dun-merci\\\/#breadcrumb\"},\"inLanguage\":\"fr-FR\",\"potentialAction\":[{\"@type\":\"ReadAction\",\"target\":[\"https:\\\/\\\/www.florenceservanschreiber.com\\\/3kifsacademie\\\/produit\\\/le-pouvoir-dun-merci\\\/\"]}]},{\"@type\":\"ImageObject\",\"inLanguage\":\"fr-FR\",\"@id\":\"https:\\\/\\\/www.florenceservanschreiber.com\\\/3kifsacademie\\\/produit\\\/le-pouvoir-dun-merci\\\/#primaryimage\",\"url\":\"https:\\\/\\\/www.florenceservanschreiber.com\\\/3kifsacademie\\\/assets\\\/uploads\\\/2018\\\/02\\\/pouvoir-merci-4.jpg\",\"contentUrl\":\"https:\\\/\\\/www.florenceservanschreiber.com\\\/3kifsacademie\\\/assets\\\/uploads\\\/2018\\\/02\\\/pouvoir-merci-4.jpg\"},{\"@type\":\"BreadcrumbList\",\"@id\":\"https:\\\/\\\/www.florenceservanschreiber.com\\\/3kifsacademie\\\/produit\\\/le-pouvoir-dun-merci\\\/#breadcrumb\",\"itemListElement\":[{\"@type\":\"ListItem\",\"position\":1,\"name\":\"Home\",\"item\":\"https:\\\/\\\/www.florenceservanschreiber.com\\\/3kifsacademie\\\/\"},{\"@type\":\"ListItem\",\"position\":2,\"name\":\"Boutique\",\"item\":\"https:\\\/\\\/www.florenceservanschreiber.com\\\/3kifsacademie\\\/boutique\\\/\"},{\"@type\":\"ListItem\",\"position\":3,\"name\":\"Le Pouvoir d&#8217;un Merci\"}]},{\"@type\":\"WebSite\",\"@id\":\"https:\\\/\\\/www.florenceservanschreiber.com\\\/3kifsacademie\\\/#website\",\"url\":\"https:\\\/\\\/www.florenceservanschreiber.com\\\/3kifsacademie\\\/\",\"name\":\"3kifsacademie by Florence Servan-Schreiber\",\"description\":\"Apprendre la psychologie positive, s&#039;\u00e9panouir et kiffer !\",\"potentialAction\":[{\"@type\":\"SearchAction\",\"target\":{\"@type\":\"EntryPoint\",\"urlTemplate\":\"https:\\\/\\\/www.florenceservanschreiber.com\\\/3kifsacademie\\\/?s={search_term_string}\"},\"query-input\":{\"@type\":\"PropertyValueSpecification\",\"valueRequired\":true,\"valueName\":\"search_term_string\"}}],\"inLanguage\":\"fr-FR\"}]}<\/script>\n<!-- \/ Yoast SEO plugin. -->","yoast_head_json":{"title":"Le Pouvoir d'un Merci - 3kifsacademie by Florence Servan-Schreiber","robots":{"index":"index","follow":"follow","max-snippet":"max-snippet:-1","max-image-preview":"max-image-preview:large","max-video-preview":"max-video-preview:-1"},"canonical":"https:\/\/www.florenceservanschreiber.com\/3kifsacademie\/produit\/le-pouvoir-dun-merci\/","og_locale":"fr_FR","og_type":"article","og_title":"Le Pouvoir d'un Merci - 3kifsacademie by Florence Servan-Schreiber","og_description":"Un programme de formation pour comprendre les fondements de la gratitude, et agir concr\u00e8tement pour en int\u00e9grer\u00a0les enseignements.","og_url":"https:\/\/www.florenceservanschreiber.com\/3kifsacademie\/produit\/le-pouvoir-dun-merci\/","og_site_name":"3kifsacademie by Florence Servan-Schreiber","article_modified_time":"2021-06-04T15:26:10+00:00","og_image":[{"url":"https:\/\/www.florenceservanschreiber.com\/3kifsacademie\/assets\/uploads\/2018\/02\/pouvoir-merci-4.jpg","width":1,"height":1,"type":"image\/jpeg"}],"twitter_card":"summary_large_image","twitter_misc":{"Dur\u00e9e de lecture estim\u00e9e":"3 minutes"},"schema":{"@context":"https:\/\/schema.org","@graph":[{"@type":"WebPage","@id":"https:\/\/www.florenceservanschreiber.com\/3kifsacademie\/produit\/le-pouvoir-dun-merci\/","url":"https:\/\/www.florenceservanschreiber.com\/3kifsacademie\/produit\/le-pouvoir-dun-merci\/","name":"Le Pouvoir d'un Merci - 3kifsacademie by Florence Servan-Schreiber","isPartOf":{"@id":"https:\/\/www.florenceservanschreiber.com\/3kifsacademie\/#website"},"primaryImageOfPage":{"@id":"https:\/\/www.florenceservanschreiber.com\/3kifsacademie\/produit\/le-pouvoir-dun-merci\/#primaryimage"},"image":{"@id":"https:\/\/www.florenceservanschreiber.com\/3kifsacademie\/produit\/le-pouvoir-dun-merci\/#primaryimage"},"thumbnailUrl":"https:\/\/www.florenceservanschreiber.com\/3kifsacademie\/assets\/uploads\/2018\/02\/pouvoir-merci-4.jpg","datePublished":"2018-02-06T16:48:04+00:00","dateModified":"2021-06-04T15:26:10+00:00","breadcrumb":{"@id":"https:\/\/www.florenceservanschreiber.com\/3kifsacademie\/produit\/le-pouvoir-dun-merci\/#breadcrumb"},"inLanguage":"fr-FR","potentialAction":[{"@type":"ReadAction","target":["https:\/\/www.florenceservanschreiber.com\/3kifsacademie\/produit\/le-pouvoir-dun-merci\/"]}]},{"@type":"ImageObject","inLanguage":"fr-FR","@id":"https:\/\/www.florenceservanschreiber.com\/3kifsacademie\/produit\/le-pouvoir-dun-merci\/#primaryimage","url":"https:\/\/www.florenceservanschreiber.com\/3kifsacademie\/assets\/uploads\/2018\/02\/pouvoir-merci-4.jpg","contentUrl":"https:\/\/www.florenceservanschreiber.com\/3kifsacademie\/assets\/uploads\/2018\/02\/pouvoir-merci-4.jpg"},{"@type":"BreadcrumbList","@id":"https:\/\/www.florenceservanschreiber.com\/3kifsacademie\/produit\/le-pouvoir-dun-merci\/#breadcrumb","itemListElement":[{"@type":"ListItem","position":1,"name":"Home","item":"https:\/\/www.florenceservanschreiber.com\/3kifsacademie\/"},{"@type":"ListItem","position":2,"name":"Boutique","item":"https:\/\/www.florenceservanschreiber.com\/3kifsacademie\/boutique\/"},{"@type":"ListItem","position":3,"name":"Le Pouvoir d&#8217;un Merci"}]},{"@type":"WebSite","@id":"https:\/\/www.florenceservanschreiber.com\/3kifsacademie\/#website","url":"https:\/\/www.florenceservanschreiber.com\/3kifsacademie\/","name":"3kifsacademie by Florence Servan-Schreiber","description":"Apprendre la psychologie positive, s&#039;\u00e9panouir et kiffer !","potentialAction":[{"@type":"SearchAction","target":{"@type":"EntryPoint","urlTemplate":"https:\/\/www.florenceservanschreiber.com\/3kifsacademie\/?s={search_term_string}"},"query-input":{"@type":"PropertyValueSpecification","valueRequired":true,"valueName":"search_term_string"}}],"inLanguage":"fr-FR"}]}},"_links":{"self":[{"href":"https:\/\/www.florenceservanschreiber.com\/3kifsacademie\/wp-json\/wp\/v2\/product\/16112","targetHints":{"allow":["GET"]}}],"collection":[{"href":"https:\/\/www.florenceservanschreiber.com\/3kifsacademie\/wp-json\/wp\/v2\/product"}],"about":[{"href":"https:\/\/www.florenceservanschreiber.com\/3kifsacademie\/wp-json\/wp\/v2\/types\/product"}],"version-history":[{"count":0,"href":"https:\/\/www.florenceservanschreiber.com\/3kifsacademie\/wp-json\/wp\/v2\/product\/16112\/revisions"}],"wp:featuredmedia":[{"embeddable":true,"href":"https:\/\/www.florenceservanschreiber.com\/3kifsacademie\/wp-json\/wp\/v2\/media\/23836"}],"wp:attachment":[{"href":"https:\/\/www.florenceservanschreiber.com\/3kifsacademie\/wp-json\/wp\/v2\/media?parent=16112"}],"wp:term":[{"taxonomy":"product_brand","embeddable":true,"href":"https:\/\/www.florenceservanschreiber.com\/3kifsacademie\/wp-json\/wp\/v2\/product_brand?post=16112"},{"taxonomy":"product_cat","embeddable":true,"href":"https:\/\/www.florenceservanschreiber.com\/3kifsacademie\/wp-json\/wp\/v2\/product_cat?post=16112"},{"taxonomy":"product_tag","embeddable":true,"href":"https:\/\/www.florenceservanschreiber.com\/3kifsacademie\/wp-json\/wp\/v2\/product_tag?post=16112"}],"curies":[{"name":"wp","href":"https:\/\/api.w.org\/{rel}","templated":true}]}}