{"id":16108,"date":"2018-02-06T17:48:01","date_gmt":"2018-02-06T16:48:01","guid":{"rendered":"https:\/\/www.florenceservanschreiber.com\/3kifsacademie\/produit\/plus-damour\/"},"modified":"2020-04-21T14:45:22","modified_gmt":"2020-04-21T12:45:22","slug":"plus-damour","status":"publish","type":"product","link":"https:\/\/www.florenceservanschreiber.com\/3kifsacademie\/produit\/plus-damour\/","title":{"rendered":"Plus d&#8217;amour"},"content":{"rendered":"<p><strong>Ce cours comprend 21 mini le\u00e7ons\u00a0de psychologie positive pour emprunter un chemin de transformation en profondeur. Vous \u00eates guid\u00e9s par\u00a0des vid\u00e9os,\u00a0des exercices,\u00a0des activit\u00e9s, des tests et des surprises.<\/strong><\/p>\n<p>Dans ce <strong><a href=\"http:\/\/www.florenceservanschreiber.com\/3kifsacademie\/cours\/categorie\/super-cours\">Super Cours<\/a><\/strong>, vous ferez l&#8217;exp\u00e9rience de :<\/p>\n<ul>\n<li>\n<div>Apprivoiser son corps<\/div>\n<\/li>\n<li>\n<div>Mieux se relier<\/div>\n<\/li>\n<li>\n<div>Favoriser l&#8217;intimit\u00e9<\/div>\n<\/li>\n<li>\n<div>Jouer plus souvent<\/div>\n<\/li>\n<li>\n<div>Savourer l&#8217;intensit\u00e9<\/div>\n<\/li>\n<li>\n<div>Ritualiser le meilleur<\/div>\n<\/li>\n<li>\n<div>et surtout \u00eatre soi.<\/div>\n<div>\u00a0<\/div>\n<\/li>\n<\/ul>\n<p><em><strong>Recommand\u00e9 par <a href=\"http:\/\/www.psychologies.com\/\">Psychologies Magazine<\/a>.<\/strong><\/em><\/p>\n<div class=\"wrapper-video\"><iframe src=\"https:\/\/player.vimeo.com\/video\/133568299\" frameborder=\"0\" allowfullscreen=\"allowfullscreen\"><\/iframe><\/div>\n<div class=\"edit\">\n<h2>QUE S&#8217;Y PASSE-T-IL\u00a0?<\/h2>\n<p>On a beau retourner l\u2019affaire dans tous les sens, lorsqu\u2019on cherche \u00e0 comprendre ce qui donne du sens \u00e0 ce que nous faisons ou \u00e0 qui nous sommes, les chercheurs sont unanimes, il y a bien un ingr\u00e9dient essentiel\u00a0: l\u2019amour.<\/p>\n<p>Cette inclinaison tr\u00e8s forte que nous avons n\u2019est pas juste morale\u00a0: \u00ab\u00a0aimons-nous les uns les autres\u00a0\u00bb, mais r\u00e9pond \u00e0 un besoin r\u00e9el et structurel de connexion aux autres. Aimer nous relie, nous renforce, nous pousse \u00e0 r\u00e9aliser nos projets et nous permet surtout de nous servir de nos talents particuliers d\u2019humains.<\/p>\n<p>Mais attention, il ne s\u2019agit pas ici que d\u2019amour romantique. Le programme<strong>\u00a0Plus d\u2019Amour<\/strong> est con\u00e7u pour se poser les bonnes questions sur ses rapports aux autres, mais aussi sur ses rapports \u00e0 soi. Nous appartenons chacun \u00e0 un canevas compos\u00e9 de tous les n\u00f4tres\u00a0: famille, amours, amis, coll\u00e8gues, contacts, passants&#8230; Et plus nous savons en prendre soin, plus notre vie s\u2019enrichit.<\/p>\n<h2><strong>COMMENT ALLONS-NOUS EXPLORER TOUT CELA\u00a0?<\/strong><\/h2>\n<ul style=\"line-height: 31.2312297821045px;\">\n<li>En apprenant ce qu\u2019en dit la science<\/li>\n<li>En se posant les bonnes questions<\/li>\n<li>En r\u00e9pondant \u00e0 des quizz<\/li>\n<li>En d\u00e9couvrant les secrets des gens les plus aimables<\/li>\n<li>En tentant des aventures<\/li>\n<li>Et en partageant vos exp\u00e9riences avec d\u2019autres explorateurs sur le m\u00eame chemin que nous.<\/li>\n<\/ul>\n<h2>LES BENEFICES DE CE SUPER COURS<\/h2>\n<div>\n<p>1. Apprivoiser son corps<\/p>\n<p>2. Mieux se relier<\/p>\n<p>3. Favoriser l&#8217;intimit\u00e9<\/p>\n<p>4. Jouer plus souvent<\/p>\n<p>5. Savourer l&#8217;intensit\u00e9<\/p>\n<p>6. Ritualiser le meilleur<\/p>\n<p>7. Et surtout \u00eatre soi.<\/p>\n<\/div>\n<\/div>\n","protected":false},"excerpt":{"rendered":"<p>Pour apprivoiser son corps, mieux se relier et prendre soin de son besoin structurel de connexion aux autres.<\/p>\n","protected":false},"featured_media":23837,"template":"","meta":{"_acf_changed":false,"_et_pb_use_builder":"","_et_pb_old_content":"","_et_gb_content_width":"","footnotes":""},"product_brand":[],"product_cat":[16,18],"product_tag":[],"class_list":{"0":"post-16108","1":"product","2":"type-product","3":"status-publish","4":"has-post-thumbnail","6":"product_cat-cours","7":"product_cat-premium","9":"first","10":"instock","11":"virtual","12":"taxable","13":"purchasable","14":"product-type-simple"},"acf":[],"yoast_head":"<!-- This site is optimized with the Yoast SEO plugin v27.4 - https:\/\/yoast.com\/product\/yoast-seo-wordpress\/ -->\n<title>Plus d&#039;amour - 3kifsacademie by Florence Servan-Schreiber<\/title>\n<meta name=\"robots\" content=\"index, follow, max-snippet:-1, max-image-preview:large, max-video-preview:-1\" \/>\n<link rel=\"canonical\" href=\"https:\/\/www.florenceservanschreiber.com\/3kifsacademie\/produit\/plus-damour\/\" \/>\n<meta property=\"og:locale\" content=\"fr_FR\" \/>\n<meta property=\"og:type\" content=\"article\" \/>\n<meta property=\"og:title\" content=\"Plus d&#039;amour - 3kifsacademie by Florence Servan-Schreiber\" \/>\n<meta property=\"og:description\" content=\"Pour apprivoiser son corps, mieux se relier et prendre soin de son besoin structurel de connexion aux autres.\" \/>\n<meta property=\"og:url\" content=\"https:\/\/www.florenceservanschreiber.com\/3kifsacademie\/produit\/plus-damour\/\" \/>\n<meta property=\"og:site_name\" content=\"3kifsacademie by Florence Servan-Schreiber\" \/>\n<meta property=\"article:modified_time\" content=\"2020-04-21T12:45:22+00:00\" \/>\n<meta property=\"og:image\" content=\"https:\/\/www.florenceservanschreiber.com\/3kifsacademie\/assets\/uploads\/2018\/02\/plus-amour-1.jpg\" \/>\n\t<meta property=\"og:image:width\" content=\"1\" \/>\n\t<meta property=\"og:image:height\" content=\"1\" \/>\n\t<meta property=\"og:image:type\" content=\"image\/jpeg\" \/>\n<meta name=\"twitter:card\" content=\"summary_large_image\" \/>\n<meta name=\"twitter:label1\" content=\"Dur\u00e9e de lecture estim\u00e9e\" \/>\n\t<meta name=\"twitter:data1\" content=\"2 minutes\" \/>\n<script type=\"application\/ld+json\" class=\"yoast-schema-graph\">{\"@context\":\"https:\\\/\\\/schema.org\",\"@graph\":[{\"@type\":\"WebPage\",\"@id\":\"https:\\\/\\\/www.florenceservanschreiber.com\\\/3kifsacademie\\\/produit\\\/plus-damour\\\/\",\"url\":\"https:\\\/\\\/www.florenceservanschreiber.com\\\/3kifsacademie\\\/produit\\\/plus-damour\\\/\",\"name\":\"Plus d'amour - 3kifsacademie by Florence Servan-Schreiber\",\"isPartOf\":{\"@id\":\"https:\\\/\\\/www.florenceservanschreiber.com\\\/3kifsacademie\\\/#website\"},\"primaryImageOfPage\":{\"@id\":\"https:\\\/\\\/www.florenceservanschreiber.com\\\/3kifsacademie\\\/produit\\\/plus-damour\\\/#primaryimage\"},\"image\":{\"@id\":\"https:\\\/\\\/www.florenceservanschreiber.com\\\/3kifsacademie\\\/produit\\\/plus-damour\\\/#primaryimage\"},\"thumbnailUrl\":\"https:\\\/\\\/www.florenceservanschreiber.com\\\/3kifsacademie\\\/assets\\\/uploads\\\/2018\\\/02\\\/plus-amour-1.jpg\",\"datePublished\":\"2018-02-06T16:48:01+00:00\",\"dateModified\":\"2020-04-21T12:45:22+00:00\",\"breadcrumb\":{\"@id\":\"https:\\\/\\\/www.florenceservanschreiber.com\\\/3kifsacademie\\\/produit\\\/plus-damour\\\/#breadcrumb\"},\"inLanguage\":\"fr-FR\",\"potentialAction\":[{\"@type\":\"ReadAction\",\"target\":[\"https:\\\/\\\/www.florenceservanschreiber.com\\\/3kifsacademie\\\/produit\\\/plus-damour\\\/\"]}]},{\"@type\":\"ImageObject\",\"inLanguage\":\"fr-FR\",\"@id\":\"https:\\\/\\\/www.florenceservanschreiber.com\\\/3kifsacademie\\\/produit\\\/plus-damour\\\/#primaryimage\",\"url\":\"https:\\\/\\\/www.florenceservanschreiber.com\\\/3kifsacademie\\\/assets\\\/uploads\\\/2018\\\/02\\\/plus-amour-1.jpg\",\"contentUrl\":\"https:\\\/\\\/www.florenceservanschreiber.com\\\/3kifsacademie\\\/assets\\\/uploads\\\/2018\\\/02\\\/plus-amour-1.jpg\"},{\"@type\":\"BreadcrumbList\",\"@id\":\"https:\\\/\\\/www.florenceservanschreiber.com\\\/3kifsacademie\\\/produit\\\/plus-damour\\\/#breadcrumb\",\"itemListElement\":[{\"@type\":\"ListItem\",\"position\":1,\"name\":\"Home\",\"item\":\"https:\\\/\\\/www.florenceservanschreiber.com\\\/3kifsacademie\\\/\"},{\"@type\":\"ListItem\",\"position\":2,\"name\":\"Boutique\",\"item\":\"https:\\\/\\\/www.florenceservanschreiber.com\\\/3kifsacademie\\\/boutique\\\/\"},{\"@type\":\"ListItem\",\"position\":3,\"name\":\"Plus d&#8217;amour\"}]},{\"@type\":\"WebSite\",\"@id\":\"https:\\\/\\\/www.florenceservanschreiber.com\\\/3kifsacademie\\\/#website\",\"url\":\"https:\\\/\\\/www.florenceservanschreiber.com\\\/3kifsacademie\\\/\",\"name\":\"3kifsacademie by Florence Servan-Schreiber\",\"description\":\"Apprendre la psychologie positive, s&#039;\u00e9panouir et kiffer !\",\"potentialAction\":[{\"@type\":\"SearchAction\",\"target\":{\"@type\":\"EntryPoint\",\"urlTemplate\":\"https:\\\/\\\/www.florenceservanschreiber.com\\\/3kifsacademie\\\/?s={search_term_string}\"},\"query-input\":{\"@type\":\"PropertyValueSpecification\",\"valueRequired\":true,\"valueName\":\"search_term_string\"}}],\"inLanguage\":\"fr-FR\"}]}<\/script>\n<!-- \/ Yoast SEO plugin. -->","yoast_head_json":{"title":"Plus d'amour - 3kifsacademie by Florence Servan-Schreiber","robots":{"index":"index","follow":"follow","max-snippet":"max-snippet:-1","max-image-preview":"max-image-preview:large","max-video-preview":"max-video-preview:-1"},"canonical":"https:\/\/www.florenceservanschreiber.com\/3kifsacademie\/produit\/plus-damour\/","og_locale":"fr_FR","og_type":"article","og_title":"Plus d'amour - 3kifsacademie by Florence Servan-Schreiber","og_description":"Pour apprivoiser son corps, mieux se relier et prendre soin de son besoin structurel de connexion aux autres.","og_url":"https:\/\/www.florenceservanschreiber.com\/3kifsacademie\/produit\/plus-damour\/","og_site_name":"3kifsacademie by Florence Servan-Schreiber","article_modified_time":"2020-04-21T12:45:22+00:00","og_image":[{"url":"https:\/\/www.florenceservanschreiber.com\/3kifsacademie\/assets\/uploads\/2018\/02\/plus-amour-1.jpg","width":1,"height":1,"type":"image\/jpeg"}],"twitter_card":"summary_large_image","twitter_misc":{"Dur\u00e9e de lecture estim\u00e9e":"2 minutes"},"schema":{"@context":"https:\/\/schema.org","@graph":[{"@type":"WebPage","@id":"https:\/\/www.florenceservanschreiber.com\/3kifsacademie\/produit\/plus-damour\/","url":"https:\/\/www.florenceservanschreiber.com\/3kifsacademie\/produit\/plus-damour\/","name":"Plus d'amour - 3kifsacademie by Florence Servan-Schreiber","isPartOf":{"@id":"https:\/\/www.florenceservanschreiber.com\/3kifsacademie\/#website"},"primaryImageOfPage":{"@id":"https:\/\/www.florenceservanschreiber.com\/3kifsacademie\/produit\/plus-damour\/#primaryimage"},"image":{"@id":"https:\/\/www.florenceservanschreiber.com\/3kifsacademie\/produit\/plus-damour\/#primaryimage"},"thumbnailUrl":"https:\/\/www.florenceservanschreiber.com\/3kifsacademie\/assets\/uploads\/2018\/02\/plus-amour-1.jpg","datePublished":"2018-02-06T16:48:01+00:00","dateModified":"2020-04-21T12:45:22+00:00","breadcrumb":{"@id":"https:\/\/www.florenceservanschreiber.com\/3kifsacademie\/produit\/plus-damour\/#breadcrumb"},"inLanguage":"fr-FR","potentialAction":[{"@type":"ReadAction","target":["https:\/\/www.florenceservanschreiber.com\/3kifsacademie\/produit\/plus-damour\/"]}]},{"@type":"ImageObject","inLanguage":"fr-FR","@id":"https:\/\/www.florenceservanschreiber.com\/3kifsacademie\/produit\/plus-damour\/#primaryimage","url":"https:\/\/www.florenceservanschreiber.com\/3kifsacademie\/assets\/uploads\/2018\/02\/plus-amour-1.jpg","contentUrl":"https:\/\/www.florenceservanschreiber.com\/3kifsacademie\/assets\/uploads\/2018\/02\/plus-amour-1.jpg"},{"@type":"BreadcrumbList","@id":"https:\/\/www.florenceservanschreiber.com\/3kifsacademie\/produit\/plus-damour\/#breadcrumb","itemListElement":[{"@type":"ListItem","position":1,"name":"Home","item":"https:\/\/www.florenceservanschreiber.com\/3kifsacademie\/"},{"@type":"ListItem","position":2,"name":"Boutique","item":"https:\/\/www.florenceservanschreiber.com\/3kifsacademie\/boutique\/"},{"@type":"ListItem","position":3,"name":"Plus d&#8217;amour"}]},{"@type":"WebSite","@id":"https:\/\/www.florenceservanschreiber.com\/3kifsacademie\/#website","url":"https:\/\/www.florenceservanschreiber.com\/3kifsacademie\/","name":"3kifsacademie by Florence Servan-Schreiber","description":"Apprendre la psychologie positive, s&#039;\u00e9panouir et kiffer !","potentialAction":[{"@type":"SearchAction","target":{"@type":"EntryPoint","urlTemplate":"https:\/\/www.florenceservanschreiber.com\/3kifsacademie\/?s={search_term_string}"},"query-input":{"@type":"PropertyValueSpecification","valueRequired":true,"valueName":"search_term_string"}}],"inLanguage":"fr-FR"}]}},"_links":{"self":[{"href":"https:\/\/www.florenceservanschreiber.com\/3kifsacademie\/wp-json\/wp\/v2\/product\/16108","targetHints":{"allow":["GET"]}}],"collection":[{"href":"https:\/\/www.florenceservanschreiber.com\/3kifsacademie\/wp-json\/wp\/v2\/product"}],"about":[{"href":"https:\/\/www.florenceservanschreiber.com\/3kifsacademie\/wp-json\/wp\/v2\/types\/product"}],"version-history":[{"count":0,"href":"https:\/\/www.florenceservanschreiber.com\/3kifsacademie\/wp-json\/wp\/v2\/product\/16108\/revisions"}],"wp:featuredmedia":[{"embeddable":true,"href":"https:\/\/www.florenceservanschreiber.com\/3kifsacademie\/wp-json\/wp\/v2\/media\/23837"}],"wp:attachment":[{"href":"https:\/\/www.florenceservanschreiber.com\/3kifsacademie\/wp-json\/wp\/v2\/media?parent=16108"}],"wp:term":[{"taxonomy":"product_brand","embeddable":true,"href":"https:\/\/www.florenceservanschreiber.com\/3kifsacademie\/wp-json\/wp\/v2\/product_brand?post=16108"},{"taxonomy":"product_cat","embeddable":true,"href":"https:\/\/www.florenceservanschreiber.com\/3kifsacademie\/wp-json\/wp\/v2\/product_cat?post=16108"},{"taxonomy":"product_tag","embeddable":true,"href":"https:\/\/www.florenceservanschreiber.com\/3kifsacademie\/wp-json\/wp\/v2\/product_tag?post=16108"}],"curies":[{"name":"wp","href":"https:\/\/api.w.org\/{rel}","templated":true}]}}